{"id":21607,"date":"2025-03-07T21:35:04","date_gmt":"2025-03-07T21:35:04","guid":{"rendered":"https:\/\/expocobre.com\/?page_id=21607"},"modified":"2025-11-14T00:16:21","modified_gmt":"2025-11-14T00:16:21","slug":"expocobre-2026-estima-congregar-a-mas-de-20000-asistentes-en-la-mayor-feria-mundial-del-cobre","status":"publish","type":"page","link":"https:\/\/expocobre.com\/en\/expocobre-2026-estima-congregar-a-mas-de-20000-asistentes-en-la-mayor-feria-mundial-del-cobre\/","title":{"rendered":"EXPOCOBRE 2026 ESTIMA CONGREGAR A M\u00c1S DE 20,000 ASISTENTES EN LA MAYOR FERIA MUNDIAL DEL COBRE\u200b"},"content":{"rendered":"<div data-elementor-type=\"wp-post\" data-elementor-id=\"21607\" class=\"elementor elementor-21607\" data-elementor-post-type=\"page\">\n\t\t\t\t<div class=\"elementor-element elementor-element-10cb0a9 e-flex e-con-boxed e-con e-parent\" data-id=\"10cb0a9\" data-element_type=\"container\" data-e-type=\"container\" data-settings=\"{&quot;background_background&quot;:&quot;classic&quot;}\">\n\t\t\t\t\t<div class=\"e-con-inner\">\n\t\t<div class=\"elementor-element elementor-element-bf82627 e-con-full e-flex e-con e-child\" data-id=\"bf82627\" data-element_type=\"container\" data-e-type=\"container\">\n\t\t\t\t<div class=\"elementor-element elementor-element-eb41308 elementor-widget elementor-widget-heading\" data-id=\"eb41308\" data-element_type=\"widget\" data-e-type=\"widget\" data-widget_type=\"heading.default\">\n\t\t\t\t\t<h2 class=\"elementor-heading-title elementor-size-default\">NEWS \nFROM \nEXPOCOBRE<\/h2>\t\t\t\t<\/div>\n\t\t\t\t<\/div>\n\t\t\t\t\t<\/div>\n\t\t\t\t<\/div>\n\t\t<div class=\"elementor-element elementor-element-a06b6dd e-flex e-con-boxed e-con e-parent\" data-id=\"a06b6dd\" data-element_type=\"container\" data-e-type=\"container\" data-settings=\"{&quot;background_background&quot;:&quot;classic&quot;}\">\n\t\t\t\t\t<div class=\"e-con-inner\">\n\t\t\t\t<div class=\"elementor-element elementor-element-0adb204 elementor-widget__width-inherit elementor-widget elementor-widget-heading\" data-id=\"0adb204\" data-element_type=\"widget\" data-e-type=\"widget\" data-widget_type=\"heading.default\">\n\t\t\t\t\t<h2 class=\"elementor-heading-title elementor-size-default\">Lima, 27 de agosto de 2025<\/h2>\t\t\t\t<\/div>\n\t\t\t\t\t<\/div>\n\t\t\t\t<\/div>\n\t\t<div class=\"elementor-element elementor-element-3d587f6 e-flex e-con-boxed e-con e-parent\" data-id=\"3d587f6\" data-element_type=\"container\" data-e-type=\"container\" data-settings=\"{&quot;background_background&quot;:&quot;classic&quot;}\">\n\t\t\t\t\t<div class=\"e-con-inner\">\n\t\t\t\t<div class=\"elementor-element elementor-element-f3a554a elementor-widget__width-inherit elementor-widget elementor-widget-heading\" data-id=\"f3a554a\" data-element_type=\"widget\" data-e-type=\"widget\" data-widget_type=\"heading.default\">\n\t\t\t\t\t<h2 class=\"elementor-heading-title elementor-size-default\">\nEXPOCOBRE 2026 ESTIMA CONGREGAR A M\u00c1S DE 20,000 ASISTENTES EN LA MAYOR FERIA MUNDIAL DEL COBRE<\/h2>\t\t\t\t<\/div>\n\t\t\t\t\t<\/div>\n\t\t\t\t<\/div>\n\t\t<div class=\"elementor-element elementor-element-4cbdf46 e-flex e-con-boxed e-con e-parent\" data-id=\"4cbdf46\" data-element_type=\"container\" data-e-type=\"container\" data-settings=\"{&quot;background_background&quot;:&quot;classic&quot;}\">\n\t\t\t\t\t<div class=\"e-con-inner\">\n\t\t\t\t<div class=\"elementor-element elementor-element-62c7776 elementor-widget elementor-widget-image\" data-id=\"62c7776\" data-element_type=\"widget\" data-e-type=\"widget\" data-widget_type=\"image.default\">\n\t\t\t\t\t\t\t\t\t\t\t\t\t\t\t<img fetchpriority=\"high\" decoding=\"async\" width=\"768\" height=\"614\" src=\"https:\/\/expocobre.com\/wp-content\/uploads\/2025\/10\/fondo-np-1-768x614.jpeg\" class=\"attachment-medium_large size-medium_large wp-image-24218\" alt=\"\" srcset=\"https:\/\/expocobre.com\/wp-content\/uploads\/2025\/10\/fondo-np-1-768x614.jpeg 768w, https:\/\/expocobre.com\/wp-content\/uploads\/2025\/10\/fondo-np-1-300x240.jpeg 300w, https:\/\/expocobre.com\/wp-content\/uploads\/2025\/10\/fondo-np-1-1024x819.jpeg 1024w, https:\/\/expocobre.com\/wp-content\/uploads\/2025\/10\/fondo-np-1-1536x1229.jpeg 1536w, https:\/\/expocobre.com\/wp-content\/uploads\/2025\/10\/fondo-np-1-15x12.jpeg 15w, https:\/\/expocobre.com\/wp-content\/uploads\/2025\/10\/fondo-np-1.jpeg 1600w\" sizes=\"(max-width: 768px) 100vw, 768px\" \/>\t\t\t\t\t\t\t\t\t\t\t\t\t\t\t<\/div>\n\t\t\t\t\t<\/div>\n\t\t\t\t<\/div>\n\t\t<div class=\"elementor-element elementor-element-69b25bd e-flex e-con-boxed e-con e-parent\" data-id=\"69b25bd\" data-element_type=\"container\" data-e-type=\"container\" data-settings=\"{&quot;background_background&quot;:&quot;classic&quot;}\">\n\t\t\t\t\t<div class=\"e-con-inner\">\n\t\t\t\t<div class=\"elementor-element elementor-element-a6b7650 elementor-widget-mobile__width-initial elementor-widget elementor-widget-text-editor\" data-id=\"a6b7650\" data-element_type=\"widget\" data-e-type=\"widget\" data-widget_type=\"text-editor.default\">\n\t\t\t\t\t\t\t\t\t<ul><li><strong><em>EXPOCOBRE 2026 se consolida como la plataforma m\u00e1s importante para el sector del cobre, proyectando nuevas oportunidades de inversi\u00f3n y desarrollo.<\/em><\/strong><\/li><\/ul><p><strong><em>Lima, septiembre del 2025.-<\/em><\/strong> Del 27 al 29 de abril de 2026, Lima se convertir\u00e1 en el epicentro de la miner\u00eda global con la realizaci\u00f3n de Expocobre 2026, evento que reunir\u00e1 a l\u00edderes internacionales, ejecutivos de las principales compa\u00f1\u00edas, representantes del Estado y organismos multilaterales. La feria proyecta congregar a m\u00e1s de 20,000 asistentes y m\u00e1s de 200 empresas participantes en el Centro de Exposiciones Jockey, consolidando al Per\u00fa como un referente estrat\u00e9gico en la industria del cobre.<\/p><p>Organizada por InterMet Per\u00fa y Viceversa Consulting, la feria busca consolidarse como la principal plataforma de negocios y conocimiento del sector, con una agenda que incluir\u00e1 conferencias magistrales, paneles especializados y presentaciones t\u00e9cnicas sobre innovaci\u00f3n, transici\u00f3n energ\u00e9tica y sostenibilidad en la miner\u00eda del cobre.<\/p><p><strong>Liderazgo y respaldo de alto nivel<\/strong><\/p><p>Bajo la presidencia del Ing. Jorge Hugo Meza Viveros, director general de Operaciones de Southern Per\u00fa, Expocobre 2026 se consolidar\u00e1 como un espacio estrat\u00e9gico para reunir a las empresas m\u00e1s influyentes de la miner\u00eda del cobre. El encuentro apunta a convertirse en la principal plataforma de negocios, donde se fortalecer\u00e1n alianzas clave y se trazar\u00e1 la ruta hacia un futuro m\u00e1s competitivo y sostenible para la industria.<\/p><p>El Consejo Consultivo de Expocobre 2026 est\u00e1 conformado por referentes de gran trayectoria en el sector: Adolfo Vera, CEO de Southern Peaks Mining LP; Mariana Abugatt\u00e1s, Country Manager Per\u00fa de Teck Resources Limited; Carlos Cotera, vicepresidente de Operaciones de Compa\u00f1\u00eda Minera Antamina; Ra\u00fal Benavides, presidente de Sociedad Minera El Brocal; Karim Batallanos, gerente general de Compa\u00f1\u00eda Minera Antapaccay; y Edgardo Orderique, gerente general de Minera Crespo.<\/p><p>Tambi\u00e9n forman parte \u00c1lvaro Barrenechea, gerente de Asuntos Corporativos de Minera Chinalco Per\u00fa; Marco Balc\u00e1zar, director de Asuntos Sociales y Permisos de Zijin La Arena; Pablo Alcazar, gerente de asuntos p\u00fablicos y Comunitarios en Sociedad Minera Cerro Verde; Juan Jos\u00e9 Herrera, gerente general de Minera Colquisiri; Manuel Rodriguez, presidente ejecutivo en Cerro de Pasco Resources; Alberto Casas, gerente de Proyecto Haquira en First Quantum Minerals; Jos\u00e9 Adolfo Rojas, presidente de AEDIVE Per\u00fa; Jes\u00fas Tamayo Pacheco, presidente del Directorio de ELECTROPER\u00da; y C\u00e9sar Butr\u00f3n, presidente del COES.<\/p><p>A ello se suma un Comit\u00e9 Asesor Gubernativo integrado por exministros y exviceministros de Energ\u00eda y Minas como R\u00f3mulo Mucho, Miguel Inchaustegui, Oscar Vera, Henry Luna y Guillermo Shinno, quienes aportar\u00e1n su experiencia y visi\u00f3n en el desarrollo de pol\u00edticas para el sector. La organizaci\u00f3n de este evento de clase mundial estar\u00e1 a cargo de Alfredo Olaya, CEO de InterMet, y Oscar D\u00edaz, CEO de Viceversa Consulting, reforzando la solidez institucional y la visi\u00f3n internacional de esta cita clave para el cobre.<\/p><p>En este marco, Zijin Mining se suma como Auspiciador Premium de EXPOCOBRE 2026, respaldando la solidez institucional del evento y reafirmando su compromiso con el desarrollo sostenible, la innovaci\u00f3n y la promoci\u00f3n de una miner\u00eda del cobre m\u00e1s competitiva a nivel global.<\/p><p><strong>El cobre como eje estrat\u00e9gico del desarrollo sostenible<\/strong><\/p><p>EXPOCOBRE 2026 nace con la misi\u00f3n de fortalecer el di\u00e1logo en torno a los grandes retos y oportunidades que enfrenta la miner\u00eda peruana, destacando el papel estrat\u00e9gico del cobre en la transici\u00f3n energ\u00e9tica y en el crecimiento econ\u00f3mico del pa\u00eds. Con una robusta cartera de proyectos en ejecuci\u00f3n y en fase de inversi\u00f3n, Per\u00fa se posiciona como el tercer productor mundial de cobre y un destino clave para nuevas inversiones, consolidando as\u00ed su rol como uno de los actores m\u00e1s influyentes del mercado global.<\/p><p>Durante los tres d\u00edas de feria, el Auditorio Principal ser\u00e1 escenario de Conferencias Magistrales y 13 Paneles de Discusi\u00f3n que reunir\u00e1n a CEOs de compa\u00f1\u00edas mineras, autoridades del Estado, organismos multilaterales y expertos internacionales. Estos espacios abordar\u00e1n temas como innovaci\u00f3n tecnol\u00f3gica, sostenibilidad, geopol\u00edtica del cobre, transici\u00f3n energ\u00e9tica, inclusi\u00f3n de g\u00e9nero y log\u00edstica eficiente, proyectando a EXPOCOBRE 2026 como la plataforma indispensable para generar estrategias alineadas con los Objetivos de Desarrollo Sostenible (ODS) y definir el rumbo de la miner\u00eda en los pr\u00f3ximos a\u00f1os.<\/p><p><strong>Convocatoria de trabajos t\u00e9cnicos<\/strong><\/p><p>Como parte de su tercera edici\u00f3n internacional, EXPOCOBRE 2026 abrir\u00e1 un espacio especializado para la presentaci\u00f3n de m\u00e1s conferencias t\u00e9cnicas, convirti\u00e9ndose en la plataforma global m\u00e1s diversa y multidisciplinaria dedicada a la innovaci\u00f3n y nuevas tecnolog\u00edas en la miner\u00eda del cobre. Estas presentaciones se desarrollar\u00e1n en tres salas simult\u00e1neas a lo largo de los tres d\u00edas de feria y estar\u00e1n organizadas en ocho sesiones tem\u00e1ticas, que abarcar\u00e1n desde la exploraci\u00f3n hasta la industrializaci\u00f3n del cobre, con el prop\u00f3sito de impulsar el desarrollo sostenible y fortalecer el conocimiento en toda la cadena de valor del sector.<\/p><p>Asimismo, se est\u00e1n considerando dos foros especiales: el Foro de Innovaci\u00f3n Tecnol\u00f3gica Minera y el Foro de Investigaci\u00f3n Universitario, que enriquecer\u00e1n a\u00fan m\u00e1s el intercambio de experiencias y aportes acad\u00e9micos, fortaleciendo la conexi\u00f3n entre la industria y la investigaci\u00f3n cient\u00edfica.<\/p><p><strong>Impacto y proyecci\u00f3n internacional<\/strong><\/p><p>La \u00faltima edici\u00f3n, EXPOCOBRE 2024, marc\u00f3 un hito para la miner\u00eda al congregar a m\u00e1s de 500 empresas y generar expectativas comerciales superiores a los US$ 1,300 millones. Entre los anuncios m\u00e1s destacados figur\u00f3 la apuesta de China, que comprometi\u00f3 alrededor de US$ 11,000 millones en proyectos de cobre, consolidando su papel como uno de los principales inversionistas en el pa\u00eds. Adem\u00e1s, se compartieron estudios t\u00e9cnicos de alto nivel elaborados por especialistas de Per\u00fa, Chile, Alemania, Canad\u00e1 y Estados Unidos, lo que reafirm\u00f3 el car\u00e1cter internacional del encuentro. La clausura estuvo encabezada por la Presidenta de la Rep\u00fablica, Dina Boluarte, junto a miembros del gabinete ministerial, quienes subrayaron la importancia de esta plataforma para el crecimiento del sector.<\/p><p>Con esa experiencia como respaldo, EXPOCOBRE 2026 proyecta una edici\u00f3n de mayor alcance, fortaleciendo su posici\u00f3n como la cita especializada m\u00e1s influyente en la industria del cobre y un punto de referencia para el futuro de la miner\u00eda global.<\/p><p>Para conocer la programaci\u00f3n completa y acceder a m\u00e1s detalles del evento, visite: <strong><span style=\"text-decoration: underline;\"><a href=\"https:\/\/expocobre.com\/en\/\">www.expocobre.com<\/a><\/span><\/strong><\/p><p><strong>Sobre InterMet Per\u00fa<\/strong><\/p><p>InterMet Per\u00fa es una organizaci\u00f3n l\u00edder en la difusi\u00f3n de conocimientos t\u00e9cnicos y tecnol\u00f3gicos para la miner\u00eda. Con una trayectoria consolidada, impulsa eventos de alto nivel que fortalecen redes de negocio, fomentan el aprendizaje y contribuyen al desarrollo del sector minero. EXPOCOBRE es una de sus iniciativas m\u00e1s destacadas, posicionando a Per\u00fa como un pa\u00eds clave en la miner\u00eda mundial.<\/p>\t\t\t\t\t\t\t\t<\/div>\n\t\t\t\t<div class=\"elementor-element elementor-element-dbeb946 elementor-align-center elementor-widget elementor-widget-button\" data-id=\"dbeb946\" data-element_type=\"widget\" data-e-type=\"widget\" data-widget_type=\"button.default\">\n\t\t\t\t\t\t\t\t\t\t<a class=\"elementor-button elementor-button-link elementor-size-sm\" href=\"https:\/\/expocobre.com\/en\/notas-prensa\/\">\n\t\t\t\t\t\t<span class=\"elementor-button-content-wrapper\">\n\t\t\t\t\t\t\t\t\t<span class=\"elementor-button-text\">SEE MORE PRESS RELEASES<\/span>\n\t\t\t\t\t<\/span>\n\t\t\t\t\t<\/a>\n\t\t\t\t\t\t\t\t<\/div>\n\t\t\t\t\t<\/div>\n\t\t\t\t<\/div>\n\t\t<div class=\"elementor-element elementor-element-f1f16e5 e-flex e-con-boxed e-con e-parent\" data-id=\"f1f16e5\" data-element_type=\"container\" data-e-type=\"container\" data-settings=\"{&quot;background_background&quot;:&quot;classic&quot;}\">\n\t\t\t\t\t<div class=\"e-con-inner\">\n\t\t\t\t\t<\/div>\n\t\t\t\t<\/div>\n\t\t\t\t<\/div>","protected":false},"excerpt":{"rendered":"<p>NOTICIAS DE EXPOCOBRE Lima, 27 de agosto de 2025 EXPOCOBRE 2026 ESTIMA CONGREGAR A M\u00c1S DE 20,000 ASISTENTES EN LA MAYOR FERIA MUNDIAL DEL COBRE EXPOCOBRE 2026 se consolida como la plataforma m\u00e1s importante para el sector del cobre, proyectando nuevas oportunidades de inversi\u00f3n y desarrollo. Lima, septiembre del 2025.- Del 27 al 29 de [&hellip;]<\/p>\n","protected":false},"author":6,"featured_media":0,"parent":0,"menu_order":0,"comment_status":"closed","ping_status":"closed","template":"","meta":{"footnotes":""},"class_list":["post-21607","page","type-page","status-publish","hentry"],"_links":{"self":[{"href":"https:\/\/expocobre.com\/en\/wp-json\/wp\/v2\/pages\/21607","targetHints":{"allow":["GET"]}}],"collection":[{"href":"https:\/\/expocobre.com\/en\/wp-json\/wp\/v2\/pages"}],"about":[{"href":"https:\/\/expocobre.com\/en\/wp-json\/wp\/v2\/types\/page"}],"author":[{"embeddable":true,"href":"https:\/\/expocobre.com\/en\/wp-json\/wp\/v2\/users\/6"}],"replies":[{"embeddable":true,"href":"https:\/\/expocobre.com\/en\/wp-json\/wp\/v2\/comments?post=21607"}],"version-history":[{"count":0,"href":"https:\/\/expocobre.com\/en\/wp-json\/wp\/v2\/pages\/21607\/revisions"}],"wp:attachment":[{"href":"https:\/\/expocobre.com\/en\/wp-json\/wp\/v2\/media?parent=21607"}],"curies":[{"name":"wp","href":"https:\/\/api.w.org\/{rel}","templated":true}]}}