{"id":21732,"date":"2025-03-21T16:52:22","date_gmt":"2025-03-21T16:52:22","guid":{"rendered":"https:\/\/expocobre.com\/?page_id=21732"},"modified":"2026-05-06T17:56:02","modified_gmt":"2026-05-06T22:56:02","slug":"expocobre-2026","status":"publish","type":"page","link":"https:\/\/expocobre.com\/en\/","title":{"rendered":"HOME"},"content":{"rendered":"<div data-elementor-type=\"wp-post\" data-elementor-id=\"21732\" class=\"elementor elementor-21732\" data-elementor-post-type=\"page\">\n\t\t\t\t<div class=\"elementor-element elementor-element-5ee390d e-con-full e-flex e-con e-parent\" data-id=\"5ee390d\" data-element_type=\"container\" data-e-type=\"container\" data-settings=\"{&quot;background_background&quot;:&quot;video&quot;,&quot;background_video_link&quot;:&quot;https:\\\/\\\/expocobre.com\\\/wp-content\\\/uploads\\\/2026\\\/05\\\/Expo_Cobre_3-ALTA-1.mp4&quot;}\">\n\t\t<div class=\"elementor-background-video-container elementor-hidden-mobile\">\n\t\t\t\t\t\t\t<video class=\"elementor-background-video-hosted\" role=\"presentation\" autoplay muted playsinline loop><\/video>\n\t\t\t\t\t<\/div>\t\t<div class=\"elementor-element elementor-element-f291fe4 elementor-widget elementor-widget-image\" data-id=\"f291fe4\" data-element_type=\"widget\" data-e-type=\"widget\" data-widget_type=\"image.default\">\n\t\t\t\t\t\t\t\t\t\t\t\t\t\t\t<img fetchpriority=\"high\" decoding=\"async\" width=\"800\" height=\"302\" src=\"https:\/\/expocobre.com\/wp-content\/uploads\/2025\/10\/logo-expocobre-2028-blanco-1024x387.png\" class=\"attachment-large size-large wp-image-64147\" alt=\"\" srcset=\"https:\/\/expocobre.com\/wp-content\/uploads\/2025\/10\/logo-expocobre-2028-blanco-1024x387.png 1024w, https:\/\/expocobre.com\/wp-content\/uploads\/2025\/10\/logo-expocobre-2028-blanco-300x113.png 300w, https:\/\/expocobre.com\/wp-content\/uploads\/2025\/10\/logo-expocobre-2028-blanco-768x290.png 768w, https:\/\/expocobre.com\/wp-content\/uploads\/2025\/10\/logo-expocobre-2028-blanco-18x7.png 18w, https:\/\/expocobre.com\/wp-content\/uploads\/2025\/10\/elementor\/thumbs\/logo-expocobre-2028-blanco-rn2qwwwuu45nf0tln5kvdwk8adv4ukvpeaelamau3y.png 200w, https:\/\/expocobre.com\/wp-content\/uploads\/2025\/10\/logo-expocobre-2028-blanco.png 1537w\" sizes=\"(max-width: 800px) 100vw, 800px\" \/>\t\t\t\t\t\t\t\t\t\t\t\t\t\t\t<\/div>\n\t\t\t\t<div class=\"elementor-element elementor-element-54be77e elementor-widget elementor-widget-text-editor\" data-id=\"54be77e\" data-element_type=\"widget\" data-e-type=\"widget\" data-widget_type=\"text-editor.default\">\n\t\t\t\t\t\t\t\t\t<section class=\"section section-body\"><h2 class=\"cmp-title animated\"><strong>\u00a1GRACIAS POR SER PARTE DE EXPOCOBRE 2026!<\/strong><\/h2><\/section>\t\t\t\t\t\t\t\t<\/div>\n\t\t\t\t<div class=\"elementor-element elementor-element-d2e57db elementor-widget__width-initial elementor-widget elementor-widget-text-editor\" data-id=\"d2e57db\" data-element_type=\"widget\" data-e-type=\"widget\" data-widget_type=\"text-editor.default\">\n\t\t\t\t\t\t\t\t\t<section class=\"section section-body\"><div>Nos llena de orgullo haber compartido con ustedes una edici\u00f3n inolvidable, marcada por innovaci\u00f3n, grandes oportunidades y la participaci\u00f3n de los l\u00edderes m\u00e1s destacados del sector minero del cobre. Esta 3ra edici\u00f3n ha sido un \u00e9xito gracias a ustedes, nuestros participantes, y quedar\u00e1 grabada como un evento clave para la industria.<br \/><br \/><\/div><div><strong>\u00a1Nos vemos pronto en la 4ra Edici\u00f3n de EXPOCOBRE 2028!<\/strong> Ag\u00e9ndalo:\u00a0<strong> del 03 al 05 de mayo de 2028<\/strong>, en el Centro de Exposiciones Jockey, Lima \u2013 Per\u00fa. <br \/><br \/>\ud83d\udcde +51 987 975 959 \/ +51 934 805 393 \ud83d\udce9\u00a0<a href=\"mailto:info@expocobre.com\">info@expocobre.com<\/a>\u00a0\/\u00a0<a href=\"mailto:diana.sierra@expocobre.com\">diana.sierra@expocobre.coms<\/a><\/div><\/section>\t\t\t\t\t\t\t\t<\/div>\n\t\t\t\t<\/div>\n\t\t\t\t<\/div>","protected":false},"excerpt":{"rendered":"<p>\u00a1GRACIAS POR SER PARTE DE EXPOCOBRE 2026! Nos llena de orgullo haber compartido con ustedes una edici\u00f3n inolvidable, marcada por innovaci\u00f3n, grandes oportunidades y la participaci\u00f3n de los l\u00edderes m\u00e1s destacados del sector minero del cobre. Esta 3ra edici\u00f3n ha sido un \u00e9xito gracias a ustedes, nuestros participantes, y quedar\u00e1 grabada como un evento clave [&hellip;]<\/p>\n","protected":false},"author":6,"featured_media":0,"parent":0,"menu_order":0,"comment_status":"closed","ping_status":"closed","template":"elementor_header_footer","meta":{"footnotes":""},"class_list":["post-21732","page","type-page","status-publish","hentry"],"_links":{"self":[{"href":"https:\/\/expocobre.com\/en\/wp-json\/wp\/v2\/pages\/21732","targetHints":{"allow":["GET"]}}],"collection":[{"href":"https:\/\/expocobre.com\/en\/wp-json\/wp\/v2\/pages"}],"about":[{"href":"https:\/\/expocobre.com\/en\/wp-json\/wp\/v2\/types\/page"}],"author":[{"embeddable":true,"href":"https:\/\/expocobre.com\/en\/wp-json\/wp\/v2\/users\/6"}],"replies":[{"embeddable":true,"href":"https:\/\/expocobre.com\/en\/wp-json\/wp\/v2\/comments?post=21732"}],"version-history":[{"count":261,"href":"https:\/\/expocobre.com\/en\/wp-json\/wp\/v2\/pages\/21732\/revisions"}],"predecessor-version":[{"id":64214,"href":"https:\/\/expocobre.com\/en\/wp-json\/wp\/v2\/pages\/21732\/revisions\/64214"}],"wp:attachment":[{"href":"https:\/\/expocobre.com\/en\/wp-json\/wp\/v2\/media?parent=21732"}],"curies":[{"name":"wp","href":"https:\/\/api.w.org\/{rel}","templated":true}]}}