{"id":24098,"date":"2025-10-16T15:30:54","date_gmt":"2025-10-16T15:30:54","guid":{"rendered":"https:\/\/expocobre.com\/?page_id=24098"},"modified":"2026-04-17T16:12:25","modified_gmt":"2026-04-17T21:12:25","slug":"visitante-tecnico","status":"publish","type":"page","link":"https:\/\/expocobre.com\/en\/tipos-entradas\/visitante-tecnico\/","title":{"rendered":"REGISTRATION FORM"},"content":{"rendered":"<div data-elementor-type=\"wp-page\" data-elementor-id=\"24098\" class=\"elementor elementor-24098\" data-elementor-post-type=\"page\">\n\t\t\t\t<div class=\"elementor-element elementor-element-d7a06b7 e-con-full e-flex e-con e-parent\" data-id=\"d7a06b7\" data-element_type=\"container\" data-e-type=\"container\" data-settings=\"{&quot;background_background&quot;:&quot;classic&quot;}\">\n\t\t\t\t<div class=\"elementor-element elementor-element-345337c elementor-widget__width-initial elementor-widget elementor-widget-heading\" data-id=\"345337c\" data-element_type=\"widget\" data-e-type=\"widget\" data-widget_type=\"heading.default\">\n\t\t\t\t\t<h2 class=\"elementor-heading-title elementor-size-default\">Formulario de<\/h2>\t\t\t\t<\/div>\n\t\t\t\t<div class=\"elementor-element elementor-element-9dd74b7 elementor-widget__width-initial elementor-widget elementor-widget-heading\" data-id=\"9dd74b7\" data-element_type=\"widget\" data-e-type=\"widget\" data-widget_type=\"heading.default\">\n\t\t\t\t\t<h2 class=\"elementor-heading-title elementor-size-default\">INSCRIPCI\u00d3N<\/h2>\t\t\t\t<\/div>\n\t\t\t\t<\/div>\n\t\t<div class=\"elementor-element elementor-element-ba90c18 e-flex e-con-boxed e-con e-parent\" data-id=\"ba90c18\" data-element_type=\"container\" data-e-type=\"container\">\n\t\t\t\t\t<div class=\"e-con-inner\">\n\t\t\t\t<div class=\"elementor-element elementor-element-1a62f57 elementor-widget-mobile__width-initial elementor-widget elementor-widget-text-editor\" data-id=\"1a62f57\" data-element_type=\"widget\" data-e-type=\"widget\" data-widget_type=\"text-editor.default\">\n\t\t\t\t\t\t\t\t\t<p>EXPOCOBRE 2026 regresa con m\u00e1s fuerza tras el \u00e9xito de su \u00faltima edici\u00f3n, destacando a Per\u00fa como el epicentro mundial del cobre. Organizada por InterMet, la tercera edici\u00f3n se llevar\u00e1 a cabo del 27 al 29 de abril en el Centro de Exposiciones Jockey, en Lima, Per\u00fa. Contar\u00e1 con m\u00e1s de 200 empresas expositoras y l\u00edderes internacionales en un espacio de m\u00e1s de 10,000 m\u00b2 de exhibici\u00f3n.<\/p><p><b>ES INDISPENSABLE COLOCAR TU CORREO CORPORATIVO O INSTITUCIONAL<\/b><\/p><p><b>DEBES PERTENECER AL SECTOR MINERO PARA ACCEDER AL PASE GRATUITO<\/b><\/p><p><b>EVITAR COMPLETAR EL FORMULARIO DOS VECES, YA QUE SE PROCEDER\u00c1 CON LA ANULACI\u00d3N DE SU INSCRIPCI\u00d3N POR DUPLICIDAD.<\/b><\/p><p><b>REVISAR SPAM EN CASO NO LE LLEGUE EL CORREO DE CONFIRMACI\u00d3N, LAS CONFIRMACIONES SON AUTOM\u00c1TICAS Y LLEGAN MINUTOS DESPU\u00c9S DE HABER REALIZADO TU INSCRIPCI\u00d3N.<\/b><\/p><p><span style=\"color: #ff0000;\">*<\/span> Indica que la pregunta es obligatoria<\/p>\t\t\t\t\t\t\t\t<\/div>\n\t\t\t\t<div class=\"elementor-element elementor-element-6d2fa8d elementor-widget elementor-widget-shortcode\" data-id=\"6d2fa8d\" data-element_type=\"widget\" data-e-type=\"widget\" data-widget_type=\"shortcode.default\">\n\t\t\t\t\t\t\t<div class=\"elementor-shortcode\"><div class=\"forminator-ui forminator-custom-form forminator-custom-form-24749 forminator-design--default forminator-custom forminator_ajax\" data-forminator-render=\"0\" data-form=\"forminator-module-24749\" data-uid=\"69ee5806332ec\"><br\/><\/div><form\r\n\t\t\t\tid=\"forminator-module-24749\"\r\n\t\t\t\tclass=\"forminator-ui forminator-custom-form forminator-custom-form-24749 forminator-design--default forminator-custom forminator_ajax\"\r\n\t\t\t\tmethod=\"post\"\r\n\t\t\t\tdata-forminator-render=\"0\"\r\n\t\t\t\tdata-form-id=\"24749\"\r\n\t\t\t\t data-color-option=\"default\" data-design=\"default\" data-grid=\"custom\" style=\"display: none;\"\r\n\t\t\t\tdata-uid=\"69ee5806332ec\" action=\"\"\r\n\t\t\t><div role=\"alert\" aria-live=\"polite\" class=\"forminator-response-message forminator-error\" aria-hidden=\"true\"><\/div><div class=\"forminator-row forminator-hidden\"><div id=\"hidden-1\" class=\"forminator-field-hidden  forminator-col-12\"><input type=\"hidden\" id=\"hidden-1_69ee5806332ec\" name=\"hidden-1\" value=\"26\/04\/2026\" \/><\/div><\/div><div class=\"forminator-row\"><div id=\"name-1\" class=\"forminator-field-name forminator-col forminator-col-6\"><div class=\"forminator-field\"><label for=\"forminator-field-name-1_69ee5806332ec\" id=\"forminator-field-name-1_69ee5806332ec-label\" class=\"forminator-label\">NAME <span class=\"forminator-required\">*<\/span><\/label><input type=\"text\" name=\"name-1\" value=\"\" placeholder=\"\" id=\"forminator-field-name-1_69ee5806332ec\" class=\"forminator-input forminator-name--field\" aria-required=\"true\" autocomplete=\"name\" \/><\/div><\/div><div id=\"name-2\" class=\"forminator-field-name forminator-col forminator-col-6\"><div class=\"forminator-field\"><label for=\"forminator-field-name-2_69ee5806332ec\" id=\"forminator-field-name-2_69ee5806332ec-label\" class=\"forminator-label\">LASTNAME <span class=\"forminator-required\">*<\/span><\/label><input type=\"text\" name=\"name-2\" value=\"\" placeholder=\"\" id=\"forminator-field-name-2_69ee5806332ec\" class=\"forminator-input forminator-name--field\" aria-required=\"true\" autocomplete=\"name\" \/><\/div><\/div><\/div><div class=\"forminator-row\"><div id=\"text-1\" class=\"forminator-field-text forminator-col forminator-col-12\"><div class=\"forminator-field\"><label for=\"forminator-field-text-1_69ee5806332ec\" id=\"forminator-field-text-1_69ee5806332ec-label\" class=\"forminator-label\">Identity Card \/ Passport \/ ID <span class=\"forminator-required\">*<\/span><\/label><input type=\"text\" name=\"text-1\" value=\"\" placeholder=\"\" id=\"forminator-field-text-1_69ee5806332ec\" class=\"forminator-input forminator-name--field\" data-required=\"1\" \/><\/div><\/div><\/div><div class=\"forminator-row\"><div id=\"phone-1\" class=\"forminator-field-phone forminator-col forminator-col-12\"><div class=\"forminator-field\"><label for=\"forminator-field-phone-1_69ee5806332ec\" id=\"forminator-field-phone-1_69ee5806332ec-label\" class=\"forminator-label\">PHONE <span class=\"forminator-required\">*<\/span><\/label><input type=\"text\" name=\"phone-1\" value=\"\" placeholder=\"\" id=\"forminator-field-phone-1_69ee5806332ec\" class=\"forminator-input forminator-field--phone\" data-required=\"1\" aria-required=\"true\" autocomplete=\"off\" \/><\/div><\/div><\/div><div class=\"forminator-row\"><div id=\"email-1\" class=\"forminator-field-email forminator-col forminator-col-12\"><div class=\"forminator-field\"><label for=\"forminator-field-email-1_69ee5806332ec\" id=\"forminator-field-email-1_69ee5806332ec-label\" class=\"forminator-label\">CORPORATE EMAIL <span class=\"forminator-required\">*<\/span><\/label><span id=\"forminator-field-email-1_69ee5806332ec-description\" class=\"forminator-description\">It is essential that you provide your corporate email address to confirm that you belong to the mining industry.<\/span><input type=\"email\" name=\"email-1\" value=\"\" placeholder=\"CORREO CORPORATIVO O INSTITUCIONAL\" id=\"forminator-field-email-1_69ee5806332ec\" class=\"forminator-input forminator-email--field\" data-required=\"1\" aria-required=\"true\" autocomplete=\"email\" aria-describedby=\"forminator-field-email-1_69ee5806332ec-description\" \/><\/div><\/div><\/div><div class=\"forminator-row\"><div id=\"email-2\" class=\"forminator-field-email forminator-col forminator-col-12\"><div class=\"forminator-field\"><label for=\"forminator-field-email-2_69ee5806332ec\" id=\"forminator-field-email-2_69ee5806332ec-label\" class=\"forminator-label\">PERSONAL MAIL <span class=\"forminator-required\">*<\/span><\/label><span id=\"forminator-field-email-2_69ee5806332ec-description\" class=\"forminator-description\">Es importante que nos dejes un segundo correo electr\u00f3nico. Tu entrada llegar\u00e1 con copia a ese correo adicional.<\/span><input type=\"email\" name=\"email-2\" value=\"\" placeholder=\"\" id=\"forminator-field-email-2_69ee5806332ec\" class=\"forminator-input forminator-email--field\" data-required=\"1\" aria-required=\"true\" autocomplete=\"email\" aria-describedby=\"forminator-field-email-2_69ee5806332ec-description\" \/><\/div><\/div><\/div><div class=\"forminator-row\"><div id=\"text-2\" class=\"forminator-field-text forminator-col forminator-col-12\"><div class=\"forminator-field\"><label for=\"forminator-field-text-2_69ee5806332ec\" id=\"forminator-field-text-2_69ee5806332ec-label\" class=\"forminator-label\">COMPANY <span class=\"forminator-required\">*<\/span><\/label><input type=\"text\" name=\"text-2\" value=\"\" placeholder=\"EMPRESA \/ INSTITUCI\u00d3N O UNIVERSIDAD\" id=\"forminator-field-text-2_69ee5806332ec\" class=\"forminator-input forminator-name--field\" data-required=\"1\" \/><\/div><\/div><\/div><div class=\"forminator-row\"><div id=\"text-4\" class=\"forminator-field-text forminator-col forminator-col-12\"><div class=\"forminator-field\"><label for=\"forminator-field-text-4_69ee5806332ec\" id=\"forminator-field-text-4_69ee5806332ec-label\" class=\"forminator-label\">POSITION <span class=\"forminator-required\">*<\/span><\/label><input type=\"text\" name=\"text-4\" value=\"\" placeholder=\"\" id=\"forminator-field-text-4_69ee5806332ec\" class=\"forminator-input forminator-name--field\" data-required=\"1\" \/><\/div><\/div><\/div><div class=\"forminator-row\"><div id=\"text-3\" class=\"forminator-field-text forminator-col forminator-col-12\"><div class=\"forminator-field\"><label for=\"forminator-field-text-3_69ee5806332ec\" id=\"forminator-field-text-3_69ee5806332ec-label\" class=\"forminator-label\">SPECIALTY <span class=\"forminator-required\">*<\/span><\/label><input type=\"text\" name=\"text-3\" value=\"\" placeholder=\"\" id=\"forminator-field-text-3_69ee5806332ec\" class=\"forminator-input forminator-name--field\" data-required=\"1\" \/><\/div><\/div><\/div><div class=\"forminator-row\"><div id=\"radio-1\" class=\"forminator-field-radio forminator-col forminator-col-12\"><div role=\"radiogroup\" class=\"forminator-field\" aria-labelledby=\"forminator-radiogroup-radio-1-69ee5806332ec-label\"><span id=\"forminator-radiogroup-radio-1-69ee5806332ec-label\" class=\"forminator-label\">Which of our social media channels did you learn about the event through? <span class=\"forminator-required\">*<\/span><\/span><label id=\"forminator-field-radio-1-label-1\" for=\"forminator-field-radio-1-1-69ee5806332ec\" class=\"forminator-radio\" title=\"Revistas\"><input type=\"radio\" name=\"radio-1\" value=\"Revistas\" id=\"forminator-field-radio-1-1-69ee5806332ec\" aria-labelledby=\"forminator-field-radio-1-label-1\" data-calculation=\"0\"   data-hidden-behavior=\"zero\"\/><span class=\"forminator-radio-bullet\" aria-hidden=\"true\"><\/span><span class=\"forminator-radio-label\">Revistas<\/span><\/label><label id=\"forminator-field-radio-1-label-2\" for=\"forminator-field-radio-1-2-69ee5806332ec\" class=\"forminator-radio\" title=\"Linkedin\"><input type=\"radio\" name=\"radio-1\" value=\"Linkedin\" id=\"forminator-field-radio-1-2-69ee5806332ec\" aria-labelledby=\"forminator-field-radio-1-label-2\" data-calculation=\"0\"   data-hidden-behavior=\"zero\"\/><span class=\"forminator-radio-bullet\" aria-hidden=\"true\"><\/span><span class=\"forminator-radio-label\">Linkedin<\/span><\/label><label id=\"forminator-field-radio-1-label-3\" for=\"forminator-field-radio-1-3-69ee5806332ec\" class=\"forminator-radio\" title=\"Instagram\"><input type=\"radio\" name=\"radio-1\" value=\"Instagram\" id=\"forminator-field-radio-1-3-69ee5806332ec\" aria-labelledby=\"forminator-field-radio-1-label-3\" data-calculation=\"0\"   data-hidden-behavior=\"zero\"\/><span class=\"forminator-radio-bullet\" aria-hidden=\"true\"><\/span><span class=\"forminator-radio-label\">Instagram<\/span><\/label><label id=\"forminator-field-radio-1-label-4\" for=\"forminator-field-radio-1-4-69ee5806332ec\" class=\"forminator-radio\" title=\"WhatsApp\"><input type=\"radio\" name=\"radio-1\" value=\"WhatsApp\" id=\"forminator-field-radio-1-4-69ee5806332ec\" aria-labelledby=\"forminator-field-radio-1-label-4\" data-calculation=\"0\"   data-hidden-behavior=\"zero\"\/><span class=\"forminator-radio-bullet\" aria-hidden=\"true\"><\/span><span class=\"forminator-radio-label\">WhatsApp<\/span><\/label><label id=\"forminator-field-radio-1-label-5\" for=\"forminator-field-radio-1-5-69ee5806332ec\" class=\"forminator-radio\" title=\"Emailing\"><input type=\"radio\" name=\"radio-1\" value=\"Emailing\" id=\"forminator-field-radio-1-5-69ee5806332ec\" aria-labelledby=\"forminator-field-radio-1-label-5\" data-calculation=\"0\"   data-hidden-behavior=\"zero\"\/><span class=\"forminator-radio-bullet\" aria-hidden=\"true\"><\/span><span class=\"forminator-radio-label\">Emailing<\/span><\/label><label id=\"forminator-field-radio-1-label-6\" for=\"forminator-field-radio-1-6-69ee5806332ec\" class=\"forminator-radio\" title=\"Tik Tok\"><input type=\"radio\" name=\"radio-1\" value=\"Tik-Tok\" id=\"forminator-field-radio-1-6-69ee5806332ec\" aria-labelledby=\"forminator-field-radio-1-label-6\" data-calculation=\"0\"   data-hidden-behavior=\"zero\"\/><span class=\"forminator-radio-bullet\" aria-hidden=\"true\"><\/span><span class=\"forminator-radio-label\">Tik Tok<\/span><\/label><label id=\"forminator-field-radio-1-label-7\" for=\"forminator-field-radio-1-7-69ee5806332ec\" class=\"forminator-radio\" title=\"Radio\"><input type=\"radio\" name=\"radio-1\" value=\"Radio\" id=\"forminator-field-radio-1-7-69ee5806332ec\" aria-labelledby=\"forminator-field-radio-1-label-7\" data-calculation=\"0\"   data-hidden-behavior=\"zero\"\/><span class=\"forminator-radio-bullet\" aria-hidden=\"true\"><\/span><span class=\"forminator-radio-label\">Radio<\/span><\/label><label id=\"forminator-field-radio-1-label-8\" for=\"forminator-field-radio-1-8-69ee5806332ec\" class=\"forminator-radio\" title=\"Tik tok - Jackblog\"><input type=\"radio\" name=\"radio-1\" value=\"Tik tok - Jackblog\" id=\"forminator-field-radio-1-8-69ee5806332ec\" aria-labelledby=\"forminator-field-radio-1-label-8\" data-calculation=\"0\"   data-hidden-behavior=\"zero\"\/><span class=\"forminator-radio-bullet\" aria-hidden=\"true\"><\/span><span class=\"forminator-radio-label\">Tik tok - Jackblog<\/span><\/label><\/div><\/div><\/div><div class=\"forminator-row\"><div id=\"text-5\" class=\"forminator-field-text forminator-col forminator-col-12\"><div class=\"forminator-field\"><label for=\"forminator-field-text-5_69ee5806332ec\" id=\"forminator-field-text-5_69ee5806332ec-label\" class=\"forminator-label\">COUNTRY <span class=\"forminator-required\">*<\/span><\/label><input type=\"text\" name=\"text-5\" value=\"\" placeholder=\"\" id=\"forminator-field-text-5_69ee5806332ec\" class=\"forminator-input forminator-name--field\" data-required=\"1\" \/><\/div><\/div><\/div><div class=\"forminator-row\"><div id=\"consent-1\" class=\"forminator-field-consent forminator-col forminator-col-12\"><div class=\"forminator-field\"><div class=\"forminator-checkbox__wrapper\"><label id=\"forminator-field-consent-1_69ee5806332ec__label\" class=\"forminator-checkbox forminator-consent\"><input type=\"checkbox\" name=\"consent-1\" id=\"forminator-field-consent-1_69ee5806332ec\" value=\"checked\" aria-labelledby=\"forminator-field-consent-1_69ee5806332ec-label\" aria-describedby=\"forminator-field-consent-1_69ee5806332ec__description\" data-required=\"true\" aria-required=\"true\" \/><span class=\"forminator-checkbox-box\" aria-hidden=\"true\"><\/span><\/label><div id=\"forminator-field-consent-1_69ee5806332ec__description\" class=\"forminator-checkbox__label forminator-consent__label\"><p>He le\u00eddo y acepto el&nbsp;<a rel=\"noopener noreferrer\" target=\"_blank\" href=\"https:\/\/expocobre.com\/en\/reglamento-del-participante\/\" class=\"text-blue-600 hover:text-blue-800 underline\">Reglamento del Participante<\/a>&nbsp;y la&nbsp;<a rel=\"noopener noreferrer\" target=\"_blank\" href=\"https:\/\/expocobre.com\/en\/politica-de-privacidad\/\" class=\"text-blue-600 hover:text-blue-800 underline\">Pol\u00edtica de Privacidad<\/a>. *<\/p><\/div><\/div><\/div><\/div><\/div><div class=\"forminator-row\"><div id=\"consent-2\" class=\"forminator-field-consent forminator-col forminator-col-12\"><div class=\"forminator-field\"><div class=\"forminator-checkbox__wrapper\"><label id=\"forminator-field-consent-2_69ee5806332ec__label\" class=\"forminator-checkbox forminator-consent\"><input type=\"checkbox\" name=\"consent-2\" id=\"forminator-field-consent-2_69ee5806332ec\" value=\"checked\" aria-labelledby=\"forminator-field-consent-2_69ee5806332ec-label\" aria-describedby=\"forminator-field-consent-2_69ee5806332ec__description\" data-required=\"false\" aria-required=\"false\" \/><span class=\"forminator-checkbox-box\" aria-hidden=\"true\"><\/span><\/label><div id=\"forminator-field-consent-2_69ee5806332ec__description\" class=\"forminator-checkbox__label forminator-consent__label\"><p>I agree to receive communications about future events and promotions.<\/p><\/div><\/div><\/div><\/div><\/div><input type=\"hidden\" name=\"referer_url\" value=\"\" \/><div class=\"forminator-row forminator-row-last\"><div class=\"forminator-col\"><div class=\"forminator-field\"><button class=\"forminator-button forminator-button-submit\">SEND<\/button><\/div><\/div><\/div><input type=\"hidden\" id=\"forminator_nonce\" name=\"forminator_nonce\" value=\"8b8841e183\" \/><input type=\"hidden\" name=\"_wp_http_referer\" value=\"\/en\/wp-json\/wp\/v2\/pages\/24098\" \/><input type=\"hidden\" name=\"form_id\" value=\"24749\"><input type=\"hidden\" name=\"page_id\" value=\"24098\"><input type=\"hidden\" name=\"form_type\" value=\"default\"><input type=\"hidden\" name=\"current_url\" value=\"https:\/\/expocobre.com\/en\/tipos-entradas\/visitante-tecnico\/\"><input type=\"hidden\" name=\"render_id\" value=\"0\"><input type=\"hidden\" name=\"action\" value=\"forminator_submit_form_custom-forms\"><label for=\"input_15\" class=\"forminator-hidden\" aria-hidden=\"true\">Please do not fill in this field. <input id=\"input_15\" type=\"text\" name=\"input_15\" value=\"\" autocomplete=\"off\"><\/label><input type=\"hidden\" name=\"trp-form-language\" value=\"en\"\/><\/form>\n<\/div>\n\t\t\t\t\t\t<\/div>\n\t\t\t\t\t<\/div>\n\t\t\t\t<\/div>\n\t\t\t\t<\/div>","protected":false},"excerpt":{"rendered":"<p>Formulario de INSCRIPCI\u00d3N EXPOCOBRE 2026 regresa con m\u00e1s fuerza tras el \u00e9xito de su \u00faltima edici\u00f3n, destacando a Per\u00fa como el epicentro mundial del cobre. Organizada por InterMet, la tercera edici\u00f3n se llevar\u00e1 a cabo del 27 al 29 de abril en el Centro de Exposiciones Jockey, en Lima, Per\u00fa. Contar\u00e1 con m\u00e1s de 200 [&hellip;]<\/p>\n","protected":false},"author":6,"featured_media":0,"parent":3939,"menu_order":0,"comment_status":"closed","ping_status":"closed","template":"elementor_header_footer","meta":{"footnotes":""},"class_list":["post-24098","page","type-page","status-publish","hentry"],"_links":{"self":[{"href":"https:\/\/expocobre.com\/en\/wp-json\/wp\/v2\/pages\/24098","targetHints":{"allow":["GET"]}}],"collection":[{"href":"https:\/\/expocobre.com\/en\/wp-json\/wp\/v2\/pages"}],"about":[{"href":"https:\/\/expocobre.com\/en\/wp-json\/wp\/v2\/types\/page"}],"author":[{"embeddable":true,"href":"https:\/\/expocobre.com\/en\/wp-json\/wp\/v2\/users\/6"}],"replies":[{"embeddable":true,"href":"https:\/\/expocobre.com\/en\/wp-json\/wp\/v2\/comments?post=24098"}],"version-history":[{"count":12,"href":"https:\/\/expocobre.com\/en\/wp-json\/wp\/v2\/pages\/24098\/revisions"}],"predecessor-version":[{"id":63316,"href":"https:\/\/expocobre.com\/en\/wp-json\/wp\/v2\/pages\/24098\/revisions\/63316"}],"up":[{"embeddable":true,"href":"https:\/\/expocobre.com\/en\/wp-json\/wp\/v2\/pages\/3939"}],"wp:attachment":[{"href":"https:\/\/expocobre.com\/en\/wp-json\/wp\/v2\/media?parent=24098"}],"curies":[{"name":"wp","href":"https:\/\/api.w.org\/{rel}","templated":true}]}}