{"id":24326,"date":"2025-10-16T20:57:21","date_gmt":"2025-10-16T20:57:21","guid":{"rendered":"https:\/\/expocobre.com\/?page_id=24326"},"modified":"2025-11-14T00:16:01","modified_gmt":"2025-11-14T00:16:01","slug":"expocobre-2026-llega-a-perumin-37-para-impulsar-la-transformacion-de-la-mineria-del-cobre","status":"publish","type":"page","link":"https:\/\/expocobre.com\/en\/expocobre-2026-llega-a-perumin-37-para-impulsar-la-transformacion-de-la-mineria-del-cobre\/","title":{"rendered":"EXPOCOBRE 2026 llega a PERUMIN 37 para impulsar la transformaci\u00f3n de la miner\u00eda del cobre"},"content":{"rendered":"<div data-elementor-type=\"wp-post\" data-elementor-id=\"24326\" class=\"elementor elementor-24326\" data-elementor-post-type=\"page\">\n\t\t\t\t<div class=\"elementor-element elementor-element-10cb0a9 e-flex e-con-boxed e-con e-parent\" data-id=\"10cb0a9\" data-element_type=\"container\" data-e-type=\"container\" data-settings=\"{&quot;background_background&quot;:&quot;classic&quot;}\">\n\t\t\t\t\t<div class=\"e-con-inner\">\n\t\t<div class=\"elementor-element elementor-element-bf82627 e-con-full e-flex e-con e-child\" data-id=\"bf82627\" data-element_type=\"container\" data-e-type=\"container\">\n\t\t\t\t<div class=\"elementor-element elementor-element-eb41308 elementor-widget elementor-widget-heading\" data-id=\"eb41308\" data-element_type=\"widget\" data-e-type=\"widget\" data-widget_type=\"heading.default\">\n\t\t\t\t\t<h2 class=\"elementor-heading-title elementor-size-default\">NEWS \nFROM \nEXPOCOBRE<\/h2>\t\t\t\t<\/div>\n\t\t\t\t<\/div>\n\t\t\t\t\t<\/div>\n\t\t\t\t<\/div>\n\t\t<div class=\"elementor-element elementor-element-a06b6dd e-flex e-con-boxed e-con e-parent\" data-id=\"a06b6dd\" data-element_type=\"container\" data-e-type=\"container\" data-settings=\"{&quot;background_background&quot;:&quot;classic&quot;}\">\n\t\t\t\t\t<div class=\"e-con-inner\">\n\t\t\t\t<div class=\"elementor-element elementor-element-0adb204 elementor-widget__width-inherit elementor-widget elementor-widget-heading\" data-id=\"0adb204\" data-element_type=\"widget\" data-e-type=\"widget\" data-widget_type=\"heading.default\">\n\t\t\t\t\t<h2 class=\"elementor-heading-title elementor-size-default\">Lima, 10 de septiembre de 2025<\/h2>\t\t\t\t<\/div>\n\t\t\t\t\t<\/div>\n\t\t\t\t<\/div>\n\t\t<div class=\"elementor-element elementor-element-3d587f6 e-flex e-con-boxed e-con e-parent\" data-id=\"3d587f6\" data-element_type=\"container\" data-e-type=\"container\" data-settings=\"{&quot;background_background&quot;:&quot;classic&quot;}\">\n\t\t\t\t\t<div class=\"e-con-inner\">\n\t\t\t\t<div class=\"elementor-element elementor-element-f3a554a elementor-widget__width-inherit elementor-widget elementor-widget-heading\" data-id=\"f3a554a\" data-element_type=\"widget\" data-e-type=\"widget\" data-widget_type=\"heading.default\">\n\t\t\t\t\t<h2 class=\"elementor-heading-title elementor-size-default\">\nEXPOCOBRE 2026 llega a PERUMIN 37 para impulsar la transformaci\u00f3n de la miner\u00eda del cobre<\/h2>\t\t\t\t<\/div>\n\t\t\t\t\t<\/div>\n\t\t\t\t<\/div>\n\t\t<div class=\"elementor-element elementor-element-4cbdf46 e-flex e-con-boxed e-con e-parent\" data-id=\"4cbdf46\" data-element_type=\"container\" data-e-type=\"container\" data-settings=\"{&quot;background_background&quot;:&quot;classic&quot;}\">\n\t\t\t\t\t<div class=\"e-con-inner\">\n\t\t\t\t<div class=\"elementor-element elementor-element-62c7776 elementor-widget elementor-widget-image\" data-id=\"62c7776\" data-element_type=\"widget\" data-e-type=\"widget\" data-widget_type=\"image.default\">\n\t\t\t\t\t\t\t\t\t\t\t\t\t\t\t<img fetchpriority=\"high\" decoding=\"async\" width=\"768\" height=\"480\" src=\"https:\/\/expocobre.com\/wp-content\/uploads\/2025\/10\/WhatsApp-Image-2025-10-16-at-10.16.56-768x480.jpeg\" class=\"attachment-medium_large size-medium_large wp-image-24238\" alt=\"\" srcset=\"https:\/\/expocobre.com\/wp-content\/uploads\/2025\/10\/WhatsApp-Image-2025-10-16-at-10.16.56-768x480.jpeg 768w, https:\/\/expocobre.com\/wp-content\/uploads\/2025\/10\/WhatsApp-Image-2025-10-16-at-10.16.56-300x188.jpeg 300w, https:\/\/expocobre.com\/wp-content\/uploads\/2025\/10\/WhatsApp-Image-2025-10-16-at-10.16.56-1024x640.jpeg 1024w, https:\/\/expocobre.com\/wp-content\/uploads\/2025\/10\/WhatsApp-Image-2025-10-16-at-10.16.56-18x12.jpeg 18w, https:\/\/expocobre.com\/wp-content\/uploads\/2025\/10\/WhatsApp-Image-2025-10-16-at-10.16.56.jpeg 1200w\" sizes=\"(max-width: 768px) 100vw, 768px\" \/>\t\t\t\t\t\t\t\t\t\t\t\t\t\t\t<\/div>\n\t\t\t\t\t<\/div>\n\t\t\t\t<\/div>\n\t\t<div class=\"elementor-element elementor-element-69b25bd e-flex e-con-boxed e-con e-parent\" data-id=\"69b25bd\" data-element_type=\"container\" data-e-type=\"container\" data-settings=\"{&quot;background_background&quot;:&quot;classic&quot;}\">\n\t\t\t\t\t<div class=\"e-con-inner\">\n\t\t\t\t<div class=\"elementor-element elementor-element-a6b7650 elementor-widget-mobile__width-initial elementor-widget elementor-widget-text-editor\" data-id=\"a6b7650\" data-element_type=\"widget\" data-e-type=\"widget\" data-widget_type=\"text-editor.default\">\n\t\t\t\t\t\t\t\t\t<p><strong><em>Lima, septiembre de 2025. \u2013<\/em><\/strong> <strong>EXPOCOBRE 2026<\/strong> confirm\u00f3 su participaci\u00f3n en <strong>PERUMIN 37<\/strong> Convenci\u00f3n Minera, que se realizar\u00e1 del 22 al 26 de septiembre en Arequipa, consolid\u00e1ndose como un espacio clave para la difusi\u00f3n de su propuesta de valor y la promoci\u00f3n de la tercera edici\u00f3n de la feria minera mundial del cobre.<\/p><p>La organizaci\u00f3n inform\u00f3 que estar\u00e1n presentes en el <strong>Stand 1081 \u2013 Pabell\u00f3n 6<\/strong>, donde se presentar\u00e1 informaci\u00f3n sobre el programa de conferencias magistrales, paneles especializados y la convocatoria de trabajos t\u00e9cnicos que busca reunir a investigadores, profesionales y startups para proponer soluciones innovadoras a los principales desaf\u00edos del sector.<\/p><p><strong>Plataforma de Negocios y Conocimiento<\/strong><\/p><p>Durante PERUMIN 37, el equipo de <strong>EXPOCOBRE 2026<\/strong> atender\u00e1 a empresarios, autoridades y representantes de la cadena de valor minera para explicar c\u00f3mo la feria \u2013a realizarse del 27 al 29 de abril de 2026 en el Centro de Exposiciones Jockey en Lima\u2013 se proyecta como la principal plataforma de negocios y conocimiento del sector cupr\u00edfero en Am\u00e9rica Latina.<\/p><p>El evento es organizado por <strong>InterMet Per\u00fa<\/strong> y <strong>Viceversa Consulting<\/strong>, dos instituciones que trabajan de manera conjunta para impulsar espacios de intercambio t\u00e9cnico y estrat\u00e9gico que fortalezcan la competitividad de la miner\u00eda del cobre en la regi\u00f3n.<\/p><p>En este contexto, el Ing. Alfredo Olaya, Gerente General de InterMet, resalt\u00f3 que el Per\u00fa atraviesa un momento clave para definir el futuro de su industria minera.<\/p><p>\u201cEl Per\u00fa est\u00e1 en la mira de la miner\u00eda mundial. La demanda por cobre crece, pero tambi\u00e9n lo hacen las exigencias sociales y ambientales. \u00bfEstamos listos para responder a este reto y mantener al pa\u00eds como un destino atractivo para la inversi\u00f3n?\u201d, coment\u00f3.<\/p><p>El Ing. Olaya explic\u00f3 que la feria ser\u00e1 el escenario donde se analizar\u00e1n los principales desaf\u00edos del sector. \u201cEn esta edici\u00f3n los l\u00edderes de sectores estrat\u00e9gicos debatir\u00e1n sobre las barreras que hoy frenan al sector, las oportunidades de crecimiento, las nuevas tecnolog\u00edas y el rumbo que debe tomar la miner\u00eda peruana en los pr\u00f3ximos a\u00f1os. Ser\u00e1 tambi\u00e9n el evento con m\u00e1s oportunidades de relacionamiento y negocios entre todas las partes involucradas\u201d, agreg\u00f3.<\/p><p><strong>Convocatoria de Trabajos T\u00e9cnicos<\/strong><\/p><p>Uno de los principales temas que se presentar\u00e1 es la <strong>Convocatoria de Trabajos T\u00e9cnicos<\/strong>, abierta hasta el 15 de diciembre de 2025, que premiar\u00e1 los mejores proyectos en dos categor\u00edas:<\/p><ul><li><strong>Foro de Innovaci\u00f3n Tecnol\u00f3gica en Cobre:<\/strong> premio de USD 5,000 al mejor trabajo t\u00e9cnico.<\/li><li><strong>Foro de Investigaci\u00f3n Minera Universitaria:<\/strong> premio de USD 3,000 al mejor trabajo acad\u00e9mico.<\/li><\/ul><p>Los trabajos seleccionados ser\u00e1n presentados en el auditorio principal ante un p\u00fablico especializado compuesto por CEOs de compa\u00f1\u00edas mineras, autoridades y expertos internacionales.<\/p><p>Accede al enlace de participaci\u00f3n aqu\u00ed \u25ba <a href=\"https:\/\/expocobre.com\/en\/resumen-tecnico\/\">https:\/\/expocobre.com\/resumen-tecnico\/<\/a><\/p><p><strong>Congresos T\u00e9cnicos en la Agenda de InterMet<\/strong><\/p><p><strong>InterMet<\/strong> tambi\u00e9n record\u00f3 que, como parte de su calendario de eventos, los d\u00edas 6 y 7 de octubre de 2025 se realizar\u00e1 en Lima el IV Congreso Internacional de Muestreo y Control de Calidad, encuentro que reunir\u00e1 a especialistas en reconciliaci\u00f3n y balance metal\u00fargico de toda la regi\u00f3n.<\/p><p>Este evento, junto con otros congresos como Flotaci\u00f3n 2026, Conminuci\u00f3n, Miner\u00eda 5.0, Aguas y Relaves 2026 y Excelencia Operacional 2026, forma parte de la estrategia de InterMet para impulsar el conocimiento t\u00e9cnico y fortalecer la competitividad de la industria minera.<\/p><p><strong>Sobre InterMet Per\u00fa<\/strong><\/p><p>InterMet Per\u00fa es una organizaci\u00f3n l\u00edder en la difusi\u00f3n de conocimientos t\u00e9cnicos y tecnol\u00f3gicos para la miner\u00eda. Con una trayectoria consolidada, impulsa eventos de alto nivel que fortalecen redes de negocio, fomentan el aprendizaje y contribuyen al desarrollo del sector minero. EXPOCOBRE es una de sus iniciativas m\u00e1s destacadas, posicionando a Per\u00fa como un pa\u00eds clave en la miner\u00eda mundial.<\/p>\t\t\t\t\t\t\t\t<\/div>\n\t\t\t\t<div class=\"elementor-element elementor-element-dbeb946 elementor-align-center elementor-widget elementor-widget-button\" data-id=\"dbeb946\" data-element_type=\"widget\" data-e-type=\"widget\" data-widget_type=\"button.default\">\n\t\t\t\t\t\t\t\t\t\t<a class=\"elementor-button elementor-button-link elementor-size-sm\" href=\"https:\/\/expocobre.com\/en\/notas-prensa\/\">\n\t\t\t\t\t\t<span class=\"elementor-button-content-wrapper\">\n\t\t\t\t\t\t\t\t\t<span class=\"elementor-button-text\">SEE MORE PRESS RELEASES<\/span>\n\t\t\t\t\t<\/span>\n\t\t\t\t\t<\/a>\n\t\t\t\t\t\t\t\t<\/div>\n\t\t\t\t\t<\/div>\n\t\t\t\t<\/div>\n\t\t<div class=\"elementor-element elementor-element-f1f16e5 e-flex e-con-boxed e-con e-parent\" data-id=\"f1f16e5\" data-element_type=\"container\" data-e-type=\"container\" data-settings=\"{&quot;background_background&quot;:&quot;classic&quot;}\">\n\t\t\t\t\t<div class=\"e-con-inner\">\n\t\t\t\t\t<\/div>\n\t\t\t\t<\/div>\n\t\t\t\t<\/div>","protected":false},"excerpt":{"rendered":"<p>NOTICIAS DE EXPOCOBRE Lima, 10 de septiembre de 2025 EXPOCOBRE 2026 llega a PERUMIN 37 para impulsar la transformaci\u00f3n de la miner\u00eda del cobre Lima, septiembre de 2025. \u2013 EXPOCOBRE 2026 confirm\u00f3 su participaci\u00f3n en PERUMIN 37 Convenci\u00f3n Minera, que se realizar\u00e1 del 22 al 26 de septiembre en Arequipa, consolid\u00e1ndose como un espacio clave [&hellip;]<\/p>\n","protected":false},"author":6,"featured_media":0,"parent":0,"menu_order":0,"comment_status":"closed","ping_status":"closed","template":"","meta":{"footnotes":""},"class_list":["post-24326","page","type-page","status-publish","hentry"],"_links":{"self":[{"href":"https:\/\/expocobre.com\/en\/wp-json\/wp\/v2\/pages\/24326","targetHints":{"allow":["GET"]}}],"collection":[{"href":"https:\/\/expocobre.com\/en\/wp-json\/wp\/v2\/pages"}],"about":[{"href":"https:\/\/expocobre.com\/en\/wp-json\/wp\/v2\/types\/page"}],"author":[{"embeddable":true,"href":"https:\/\/expocobre.com\/en\/wp-json\/wp\/v2\/users\/6"}],"replies":[{"embeddable":true,"href":"https:\/\/expocobre.com\/en\/wp-json\/wp\/v2\/comments?post=24326"}],"version-history":[{"count":0,"href":"https:\/\/expocobre.com\/en\/wp-json\/wp\/v2\/pages\/24326\/revisions"}],"wp:attachment":[{"href":"https:\/\/expocobre.com\/en\/wp-json\/wp\/v2\/media?parent=24326"}],"curies":[{"name":"wp","href":"https:\/\/api.w.org\/{rel}","templated":true}]}}