{"id":24337,"date":"2025-10-16T21:02:04","date_gmt":"2025-10-16T21:02:04","guid":{"rendered":"https:\/\/expocobre.com\/?page_id=24337"},"modified":"2026-01-22T21:34:31","modified_gmt":"2026-01-22T21:34:31","slug":"expocobre-2026-da-un-paso-decisivo-almuerzo-con-el-consejo-consultivo-y-gubernativo-fortalece-los-avances-del-evento","status":"publish","type":"page","link":"https:\/\/expocobre.com\/en\/expocobre-2026-da-un-paso-decisivo-almuerzo-con-el-consejo-consultivo-y-gubernativo-fortalece-los-avances-del-evento\/","title":{"rendered":"EXPOCOBRE 2026 takes a decisive step: Lunch with the Advisory and Governing Council strengthens the event's progress"},"content":{"rendered":"<div data-elementor-type=\"wp-post\" data-elementor-id=\"24337\" class=\"elementor elementor-24337\" data-elementor-post-type=\"page\">\n\t\t\t\t<div class=\"elementor-element elementor-element-10cb0a9 e-flex e-con-boxed e-con e-parent\" data-id=\"10cb0a9\" data-element_type=\"container\" data-e-type=\"container\" data-settings=\"{&quot;background_background&quot;:&quot;classic&quot;}\">\n\t\t\t\t\t<div class=\"e-con-inner\">\n\t\t<div class=\"elementor-element elementor-element-bf82627 e-con-full e-flex e-con e-child\" data-id=\"bf82627\" data-element_type=\"container\" data-e-type=\"container\">\n\t\t\t\t<div class=\"elementor-element elementor-element-eb41308 elementor-widget elementor-widget-heading\" data-id=\"eb41308\" data-element_type=\"widget\" data-e-type=\"widget\" data-widget_type=\"heading.default\">\n\t\t\t\t\t<h2 class=\"elementor-heading-title elementor-size-default\">NEWS \nFROM \nEXPOCOBRE<\/h2>\t\t\t\t<\/div>\n\t\t\t\t<\/div>\n\t\t\t\t\t<\/div>\n\t\t\t\t<\/div>\n\t\t<div class=\"elementor-element elementor-element-a06b6dd e-flex e-con-boxed e-con e-parent\" data-id=\"a06b6dd\" data-element_type=\"container\" data-e-type=\"container\" data-settings=\"{&quot;background_background&quot;:&quot;classic&quot;}\">\n\t\t\t\t\t<div class=\"e-con-inner\">\n\t\t\t\t<div class=\"elementor-element elementor-element-0adb204 elementor-widget__width-inherit elementor-widget elementor-widget-heading\" data-id=\"0adb204\" data-element_type=\"widget\" data-e-type=\"widget\" data-widget_type=\"heading.default\">\n\t\t\t\t\t<h2 class=\"elementor-heading-title elementor-size-default\">Lima, 27 de septiembre de 2025<\/h2>\t\t\t\t<\/div>\n\t\t\t\t\t<\/div>\n\t\t\t\t<\/div>\n\t\t<div class=\"elementor-element elementor-element-3d587f6 e-flex e-con-boxed e-con e-parent\" data-id=\"3d587f6\" data-element_type=\"container\" data-e-type=\"container\" data-settings=\"{&quot;background_background&quot;:&quot;classic&quot;}\">\n\t\t\t\t\t<div class=\"e-con-inner\">\n\t\t\t\t<div class=\"elementor-element elementor-element-f3a554a elementor-widget__width-inherit elementor-widget elementor-widget-heading\" data-id=\"f3a554a\" data-element_type=\"widget\" data-e-type=\"widget\" data-widget_type=\"heading.default\">\n\t\t\t\t\t<h2 class=\"elementor-heading-title elementor-size-default\">\nEXPOCOBRE 2026 takes a decisive step: Lunch with the Advisory and Governing Council strengthens the event's progress<\/h2>\t\t\t\t<\/div>\n\t\t\t\t\t<\/div>\n\t\t\t\t<\/div>\n\t\t<div class=\"elementor-element elementor-element-4cbdf46 e-flex e-con-boxed e-con e-parent\" data-id=\"4cbdf46\" data-element_type=\"container\" data-e-type=\"container\" data-settings=\"{&quot;background_background&quot;:&quot;classic&quot;}\">\n\t\t\t\t\t<div class=\"e-con-inner\">\n\t\t\t\t<div class=\"elementor-element elementor-element-62c7776 elementor-widget elementor-widget-image\" data-id=\"62c7776\" data-element_type=\"widget\" data-e-type=\"widget\" data-widget_type=\"image.default\">\n\t\t\t\t\t\t\t\t\t\t\t\t\t\t\t<img fetchpriority=\"high\" decoding=\"async\" width=\"768\" height=\"512\" src=\"https:\/\/expocobre.com\/wp-content\/uploads\/2025\/10\/imagen-almuerzo-768x512.jpeg\" class=\"attachment-medium_large size-medium_large wp-image-24240\" alt=\"\" srcset=\"https:\/\/expocobre.com\/wp-content\/uploads\/2025\/10\/imagen-almuerzo-768x512.jpeg 768w, https:\/\/expocobre.com\/wp-content\/uploads\/2025\/10\/imagen-almuerzo-300x200.jpeg 300w, https:\/\/expocobre.com\/wp-content\/uploads\/2025\/10\/imagen-almuerzo-1024x682.jpeg 1024w, https:\/\/expocobre.com\/wp-content\/uploads\/2025\/10\/imagen-almuerzo-1536x1023.jpeg 1536w, https:\/\/expocobre.com\/wp-content\/uploads\/2025\/10\/imagen-almuerzo-18x12.jpeg 18w, https:\/\/expocobre.com\/wp-content\/uploads\/2025\/10\/imagen-almuerzo.jpeg 1600w\" sizes=\"(max-width: 768px) 100vw, 768px\" \/>\t\t\t\t\t\t\t\t\t\t\t\t\t\t\t<\/div>\n\t\t\t\t\t<\/div>\n\t\t\t\t<\/div>\n\t\t<div class=\"elementor-element elementor-element-69b25bd e-flex e-con-boxed e-con e-parent\" data-id=\"69b25bd\" data-element_type=\"container\" data-e-type=\"container\" data-settings=\"{&quot;background_background&quot;:&quot;classic&quot;}\">\n\t\t\t\t\t<div class=\"e-con-inner\">\n\t\t\t\t<div class=\"elementor-element elementor-element-a6b7650 elementor-widget-mobile__width-initial elementor-widget elementor-widget-text-editor\" data-id=\"a6b7650\" data-element_type=\"widget\" data-e-type=\"widget\" data-widget_type=\"text-editor.default\">\n\t\t\t\t\t\t\t\t\t<p>\u00a0<\/p><ul><li><strong><em>EXPOCOBRE 2026 will take place from April 27 to 29 in Lima, with the participation of experts and authorities from the mining sector.<\/em><\/strong><\/li><li><strong><em>El evento se perfila como una de las mayores plataformas para debatir sobre la innovaci\u00f3n, sostenibilidad y el futuro de la miner\u00eda global del cobre.<\/em><\/strong><\/li><\/ul><p>En el marco de la organizaci\u00f3n del <strong>EXPOCOBRE 2026<\/strong>, se celebr\u00f3 un almuerzo exclusivo con la participaci\u00f3n de miembros clave del Consejo Consultivo y Consejo Gubernativo. El evento, que se llevar\u00e1 a cabo en el <strong>Centro de Convenciones Jockey<\/strong> en Lima, del 27 al 29 de abril de 2026, busca consolidarse como la mayor cita minera de Am\u00e9rica Latina. En esta reuni\u00f3n, los participantes discutieron los avances m\u00e1s recientes en la planificaci\u00f3n y organizaci\u00f3n de este importante evento.<\/p><p>El almuerzo sirvi\u00f3 para compartir detalles de las \u00faltimas actualizaciones sobre la log\u00edstica, la convocatoria de expositores y conferencistas, y las innovaciones que se incorporar\u00e1n al congreso. Entre los temas tratados, se destac\u00f3 la organizaci\u00f3n de paneles t\u00e9cnicos especializados, conferencias magistrales y exposiciones de tecnolog\u00eda innovadora que har\u00e1n de <strong>EXPOCOBRE 2026<\/strong> un evento de vanguardia para la miner\u00eda mundial.<\/p><p><strong>Participaci\u00f3n clave de autoridades y expertos<\/strong><\/p><p>Durante la reuni\u00f3n, participaron Ing. Alfredo Olaya, Gerente General de <strong>Intermet<\/strong>, y Oscar D\u00edaz, Gerente General de <strong>Viceversa Consulting<\/strong>, quienes estuvieron a cargo de la presentaci\u00f3n de los avances de la organizaci\u00f3n. Adem\u00e1s, se cont\u00f3 con la presencia de miembros clave del Consejo Consultivo que aportaron su experiencia y conocimientos al evento. Entre ellos se encontraron: <strong>Adolfo Vera, CEO de Southern Peaks Mining<\/strong>; <strong>Mariana Abugattas, Country Manager Per\u00fa de Teck Resources Limited; Juan Jos\u00e9 Herrera, Gerente General de Minera Colquisiri; Jes\u00fas Tamayo, Presidente del Directorio de ELECTROPERU; y Alberto Casas, Gerente de Proyecto Haquira de First Quantum Minerals.<\/strong><\/p><p>El Comit\u00e9 Asesor Gubernativo tambi\u00e9n estuvo presente, con la participaci\u00f3n de figuras clave como <strong>Henry Luna, Ex Viceministro de Energ\u00eda y Minas del Per\u00fa; Guillermo Shinno, Ex Viceministro de Energ\u00eda y Minas del Per\u00fa y Gerente General de CIA Minera Apumayo; y Miguel Inchaustegui, Ex Ministro de Energ\u00eda y Minas del Per\u00fa<\/strong>. Estos especialistas ofrecieron valiosas contribuciones en cuanto a la viabilidad pol\u00edtica y social del evento, as\u00ed como la necesidad de contar con pol\u00edticas p\u00fablicas que apoyen el desarrollo sostenible de la miner\u00eda en Per\u00fa.<\/p><p>Los miembros del Consejo Consultivo y el Comit\u00e9 Asesor Gubernativo coincidieron en la importancia de <strong>EXPOCOBRE 2026<\/strong> para posicionar a Per\u00fa como un l\u00edder mundial en miner\u00eda responsable, destacando la importancia de la colaboraci\u00f3n p\u00fablico-privada y el impulso de las mejores pr\u00e1cticas para enfrentar los retos del sector.<\/p><p><strong>EXPOCOBRE 2026<\/strong> se perfila como el evento m\u00e1s relevante del sector minero, con un enfoque integral que permitir\u00e1 a los participantes intercambiar conocimientos sobre innovaci\u00f3n tecnol\u00f3gica, sostenibilidad y nuevos modelos de negocio en miner\u00eda.<\/p><p><strong>Espacio de Innovaci\u00f3n y Networking<\/strong><\/p><p><strong>EXPOCOBRE 2026<\/strong> espera congregar a m\u00e1s de 20,000 asistentes y 1000 empresas, consolid\u00e1ndose como el punto de encuentro global para el sector. Durante el evento se desarrollar\u00e1n 13 paneles de discusi\u00f3n, conferencias magistrales y dos foros especiales: el Foro de Innovaci\u00f3n Tecnol\u00f3gica Minera y el Foro de Investigaci\u00f3n Universitario.<\/p><p><strong>Sobre InterMet Per\u00fa<\/strong><\/p><p>InterMet Per\u00fa es una organizaci\u00f3n l\u00edder en la difusi\u00f3n de conocimientos t\u00e9cnicos y tecnol\u00f3gicos para la miner\u00eda. Con una trayectoria consolidada, impulsa eventos de alto nivel que fortalecen redes de negocio, fomentan el aprendizaje y contribuyen al desarrollo del sector minero. EXPOCOBRE es una de sus iniciativas m\u00e1s destacadas, posicionando a Per\u00fa como un pa\u00eds clave en la miner\u00eda mundial.<\/p>\t\t\t\t\t\t\t\t<\/div>\n\t\t\t\t<div class=\"elementor-element elementor-element-dbeb946 elementor-align-center elementor-widget elementor-widget-button\" data-id=\"dbeb946\" data-element_type=\"widget\" data-e-type=\"widget\" data-widget_type=\"button.default\">\n\t\t\t\t\t\t\t\t\t\t<a class=\"elementor-button elementor-button-link elementor-size-sm\" href=\"https:\/\/expocobre.com\/en\/notas-prensa\/\">\n\t\t\t\t\t\t<span class=\"elementor-button-content-wrapper\">\n\t\t\t\t\t\t\t\t\t<span class=\"elementor-button-text\">SEE MORE PRESS RELEASES<\/span>\n\t\t\t\t\t<\/span>\n\t\t\t\t\t<\/a>\n\t\t\t\t\t\t\t\t<\/div>\n\t\t\t\t\t<\/div>\n\t\t\t\t<\/div>\n\t\t<div class=\"elementor-element elementor-element-f1f16e5 e-flex e-con-boxed e-con e-parent\" data-id=\"f1f16e5\" data-element_type=\"container\" data-e-type=\"container\" data-settings=\"{&quot;background_background&quot;:&quot;classic&quot;}\">\n\t\t\t\t\t<div class=\"e-con-inner\">\n\t\t\t\t\t<\/div>\n\t\t\t\t<\/div>\n\t\t\t\t<\/div>","protected":false},"excerpt":{"rendered":"<p>NOTICIAS DE EXPOCOBRE Lima, 27 de septiembre de 2025 EXPOCOBRE 2026 da un paso decisivo: Almuerzo con el Consejo Consultivo y Gubernativo fortalece los avances del evento \u00a0 EXPOCOBRE 2026 se llevar\u00e1 a cabo del 27 al 29 de abril en Lima, con la participaci\u00f3n de expertos y autoridades del sector minero. El evento se [&hellip;]<\/p>\n","protected":false},"author":6,"featured_media":0,"parent":0,"menu_order":0,"comment_status":"closed","ping_status":"closed","template":"","meta":{"footnotes":""},"class_list":["post-24337","page","type-page","status-publish","hentry"],"_links":{"self":[{"href":"https:\/\/expocobre.com\/en\/wp-json\/wp\/v2\/pages\/24337","targetHints":{"allow":["GET"]}}],"collection":[{"href":"https:\/\/expocobre.com\/en\/wp-json\/wp\/v2\/pages"}],"about":[{"href":"https:\/\/expocobre.com\/en\/wp-json\/wp\/v2\/types\/page"}],"author":[{"embeddable":true,"href":"https:\/\/expocobre.com\/en\/wp-json\/wp\/v2\/users\/6"}],"replies":[{"embeddable":true,"href":"https:\/\/expocobre.com\/en\/wp-json\/wp\/v2\/comments?post=24337"}],"version-history":[{"count":6,"href":"https:\/\/expocobre.com\/en\/wp-json\/wp\/v2\/pages\/24337\/revisions"}],"predecessor-version":[{"id":59473,"href":"https:\/\/expocobre.com\/en\/wp-json\/wp\/v2\/pages\/24337\/revisions\/59473"}],"wp:attachment":[{"href":"https:\/\/expocobre.com\/en\/wp-json\/wp\/v2\/media?parent=24337"}],"curies":[{"name":"wp","href":"https:\/\/api.w.org\/{rel}","templated":true}]}}