{"id":24411,"date":"2025-10-23T14:57:27","date_gmt":"2025-10-23T14:57:27","guid":{"rendered":"https:\/\/expocobre.com\/?page_id=24411"},"modified":"2025-11-14T00:15:44","modified_gmt":"2025-11-14T00:15:44","slug":"expocobre-2026-da-un-paso-decisivo-almuerzo-con-el-consejo-consultivo-y-gubernativo-fortalece-los-avances-del-evento-2","status":"publish","type":"page","link":"https:\/\/expocobre.com\/en\/expocobre-2026-da-un-paso-decisivo-almuerzo-con-el-consejo-consultivo-y-gubernativo-fortalece-los-avances-del-evento-2\/","title":{"rendered":"EXPOCOBRE 2026: \u00bfC\u00f3mo Las Bambas, Southern Per\u00fa y Cerro Verde marcaron el 45.7% de la producci\u00f3n nacional de cobre en agosto?\u200b"},"content":{"rendered":"<div data-elementor-type=\"wp-post\" data-elementor-id=\"24411\" class=\"elementor elementor-24411\" data-elementor-post-type=\"page\">\n\t\t\t\t<div class=\"elementor-element elementor-element-10cb0a9 e-flex e-con-boxed e-con e-parent\" data-id=\"10cb0a9\" data-element_type=\"container\" data-e-type=\"container\" data-settings=\"{&quot;background_background&quot;:&quot;classic&quot;}\">\n\t\t\t\t\t<div class=\"e-con-inner\">\n\t\t<div class=\"elementor-element elementor-element-bf82627 e-con-full e-flex e-con e-child\" data-id=\"bf82627\" data-element_type=\"container\" data-e-type=\"container\">\n\t\t\t\t<div class=\"elementor-element elementor-element-eb41308 elementor-widget elementor-widget-heading\" data-id=\"eb41308\" data-element_type=\"widget\" data-e-type=\"widget\" data-widget_type=\"heading.default\">\n\t\t\t\t\t<h2 class=\"elementor-heading-title elementor-size-default\">NEWS \nFROM \nEXPOCOBRE<\/h2>\t\t\t\t<\/div>\n\t\t\t\t<\/div>\n\t\t\t\t\t<\/div>\n\t\t\t\t<\/div>\n\t\t<div class=\"elementor-element elementor-element-a06b6dd e-flex e-con-boxed e-con e-parent\" data-id=\"a06b6dd\" data-element_type=\"container\" data-e-type=\"container\" data-settings=\"{&quot;background_background&quot;:&quot;classic&quot;}\">\n\t\t\t\t\t<div class=\"e-con-inner\">\n\t\t\t\t<div class=\"elementor-element elementor-element-0adb204 elementor-widget__width-inherit elementor-widget elementor-widget-heading\" data-id=\"0adb204\" data-element_type=\"widget\" data-e-type=\"widget\" data-widget_type=\"heading.default\">\n\t\t\t\t\t<h2 class=\"elementor-heading-title elementor-size-default\">Lima, 23 de octubre de 2025<\/h2>\t\t\t\t<\/div>\n\t\t\t\t\t<\/div>\n\t\t\t\t<\/div>\n\t\t<div class=\"elementor-element elementor-element-3d587f6 e-flex e-con-boxed e-con e-parent\" data-id=\"3d587f6\" data-element_type=\"container\" data-e-type=\"container\" data-settings=\"{&quot;background_background&quot;:&quot;classic&quot;}\">\n\t\t\t\t\t<div class=\"e-con-inner\">\n\t\t\t\t<div class=\"elementor-element elementor-element-f3a554a elementor-widget__width-inherit elementor-widget elementor-widget-heading\" data-id=\"f3a554a\" data-element_type=\"widget\" data-e-type=\"widget\" data-widget_type=\"heading.default\">\n\t\t\t\t\t<h2 class=\"elementor-heading-title elementor-size-default\">EXPOCOBRE 2026: \u00bfC\u00f3mo Las Bambas, Southern Per\u00fa y Cerro Verde marcaron el 45.7% de la producci\u00f3n nacional de cobre en agosto?<\/h2>\t\t\t\t<\/div>\n\t\t\t\t\t<\/div>\n\t\t\t\t<\/div>\n\t\t<div class=\"elementor-element elementor-element-4cbdf46 e-flex e-con-boxed e-con e-parent\" data-id=\"4cbdf46\" data-element_type=\"container\" data-e-type=\"container\" data-settings=\"{&quot;background_background&quot;:&quot;classic&quot;}\">\n\t\t\t\t\t<div class=\"e-con-inner\">\n\t\t\t\t<div class=\"elementor-element elementor-element-62c7776 elementor-widget elementor-widget-image\" data-id=\"62c7776\" data-element_type=\"widget\" data-e-type=\"widget\" data-widget_type=\"image.default\">\n\t\t\t\t\t\t\t\t\t\t\t\t\t\t\t<img fetchpriority=\"high\" decoding=\"async\" width=\"768\" height=\"480\" src=\"https:\/\/expocobre.com\/wp-content\/uploads\/2025\/10\/expocobre-2026-las-bambas-southern-peru-cerro-verde-produccion-de-cobre-agosto-peru-768x480.jpg\" class=\"attachment-medium_large size-medium_large wp-image-24407\" alt=\"\" srcset=\"https:\/\/expocobre.com\/wp-content\/uploads\/2025\/10\/expocobre-2026-las-bambas-southern-peru-cerro-verde-produccion-de-cobre-agosto-peru-768x480.jpg 768w, https:\/\/expocobre.com\/wp-content\/uploads\/2025\/10\/expocobre-2026-las-bambas-southern-peru-cerro-verde-produccion-de-cobre-agosto-peru-300x188.jpg 300w, https:\/\/expocobre.com\/wp-content\/uploads\/2025\/10\/expocobre-2026-las-bambas-southern-peru-cerro-verde-produccion-de-cobre-agosto-peru-1024x640.jpg 1024w, https:\/\/expocobre.com\/wp-content\/uploads\/2025\/10\/expocobre-2026-las-bambas-southern-peru-cerro-verde-produccion-de-cobre-agosto-peru-18x12.jpg 18w, https:\/\/expocobre.com\/wp-content\/uploads\/2025\/10\/expocobre-2026-las-bambas-southern-peru-cerro-verde-produccion-de-cobre-agosto-peru.jpg 1200w\" sizes=\"(max-width: 768px) 100vw, 768px\" \/>\t\t\t\t\t\t\t\t\t\t\t\t\t\t\t<\/div>\n\t\t\t\t\t<\/div>\n\t\t\t\t<\/div>\n\t\t<div class=\"elementor-element elementor-element-69b25bd e-flex e-con-boxed e-con e-parent\" data-id=\"69b25bd\" data-element_type=\"container\" data-e-type=\"container\" data-settings=\"{&quot;background_background&quot;:&quot;classic&quot;}\">\n\t\t\t\t\t<div class=\"e-con-inner\">\n\t\t\t\t<div class=\"elementor-element elementor-element-a6b7650 elementor-widget-mobile__width-initial elementor-widget elementor-widget-text-editor\" data-id=\"a6b7650\" data-element_type=\"widget\" data-e-type=\"widget\" data-widget_type=\"text-editor.default\">\n\t\t\t\t\t\t\t\t\t<p>Seg\u00fan el Bolet\u00edn Estad\u00edstico Minero del <strong>Ministerio de Energ\u00eda y Minas<\/strong> (MINEM), la producci\u00f3n nacional de <strong>cobre<\/strong> alcanz\u00f3 las 242,740 toneladas m\u00e9tricas finas (TMF) en agosto de 2025, lo que representa un incremento del 6.5 % con respecto al mes anterior (228,007 TMF). Sin embargo, en comparaci\u00f3n con agosto de 2024, se observ\u00f3 una ligera contracci\u00f3n de 1.6 %.<\/p><p>Estos resultados reflejan el crecimiento sostenido del sector cupr\u00edfero, lo cual ser\u00e1 un tema central en <strong>EXPOCOBRE 2026<\/strong>, evento que se celebrar\u00e1 del 27 al 29 de abril de 2026 en Lima, donde se discutir\u00e1n los avances y desaf\u00edos del sector.<\/p><p>Durante el mes de agosto, <strong>Minera Las Bambas S.A<\/strong>. se mantuvo como el principal productor de cobre del pa\u00eds, con 15.4 % de participaci\u00f3n, seguida de <strong>Southern Per\u00fa Copper Corporation<\/strong> con 15.3 %, y <strong>Sociedad Minera Cerro Verde S.A.A<\/strong>., con 15.0 %. Juntas, estas tres empresas concentraron el 45.7 % de la producci\u00f3n nacional de cobre, consolid\u00e1ndose como los actores m\u00e1s importantes del sector minero peruano.<\/p><p><strong>Crecimiento y sostenibilidad del sector cupr\u00edfero<\/strong><\/p><p>La producci\u00f3n acumulada de cobre durante los primeros ocho meses del a\u00f1o fue de 1,761,203 TMF, lo que represent\u00f3 un crecimiento del 2.6 % en comparaci\u00f3n con el mismo per\u00edodo de 2024. Este desempe\u00f1o es el resultado de una mejor gesti\u00f3n operativa y el desarrollo de proyectos de expansi\u00f3n en los principales yacimientos cupr\u00edferos del pa\u00eds, lo que sigue posicionando a <strong>Per\u00fa<\/strong> como l\u00edder mundial en producci\u00f3n de cobre.<\/p><p>La miner\u00eda cupr\u00edfera peruana sigue siendo uno de los pilares clave de la econom\u00eda nacional, representando m\u00e1s del 30 % de las exportaciones mineras y un motor clave de desarrollo en las regiones productoras. Las principales regiones productoras como <strong>Moquegua<\/strong>, <strong>Apur\u00edmac<\/strong>, <strong>Arequipa<\/strong> y <strong>\u00c1ncash<\/strong> contin\u00faan concentrando m\u00e1s del 60 % de la producci\u00f3n nacional, lo que subraya la concentraci\u00f3n geogr\u00e1fica de la actividad minera en el sur del pa\u00eds.<\/p><p><strong>EXPOCOBRE 2026: Un espacio de liderazgo global<\/strong><\/p><p>El sector cupr\u00edfero peruano sigue siendo clave para la estabilidad econ\u00f3mica y el crecimiento del pa\u00eds. El informe del <strong>MINEM<\/strong> subraya la importancia de seguir impulsando la inversi\u00f3n y la sostenibilidad en el sector, temas que estar\u00e1n en el centro de los paneles y conferencias de <strong>EXPOCOBRE 2026<\/strong>.<\/p><p><strong>EXPOCOBRE 2026<\/strong> ser\u00e1 el escenario perfecto para que los principales actores del sector, como Las Bambas, Southern Per\u00fa y Cerro Verde, presenten sus avances y estrategias. Este evento tambi\u00e9n abordar\u00e1 los retos de la innovaci\u00f3n tecnol\u00f3gica y la responsabilidad social en la miner\u00eda, lo que consolidar\u00e1 a Per\u00fa como un hub global del cobre.<\/p><p><strong>Convocatoria de Trabajos T\u00e9cnicos<\/strong><\/p><p>Uno de los principales temas que se presentar\u00e1 es la <strong>Convocatoria de Trabajos T\u00e9cnicos<\/strong>, abierta hasta el <strong>December 15, 2025<\/strong>, que premiar\u00e1 los mejores proyectos en dos categor\u00edas:<\/p><ul><li><strong>Foro de Innovaci\u00f3n Tecnol\u00f3gica en Cobre: premio de USD 5,000 al mejor trabajo t\u00e9cnico.<\/strong><\/li><li><strong>Foro de Investigaci\u00f3n Minera Universitaria: premio de USD 3,000 al mejor trabajo acad\u00e9mico.<\/strong><\/li><\/ul><p>Los trabajos seleccionados ser\u00e1n presentados en el auditorio principal ante un p\u00fablico especializado compuesto por CEOs de compa\u00f1\u00edas mineras, autoridades y expertos internacionales.<\/p><p>Accede al enlace de participaci\u00f3n aqu\u00ed \u25ba <a href=\"https:\/\/expocobre.com\/en\/resumen-tecnico\/\">https:\/\/expocobre.com\/resumen-tecnico\/<\/a><\/p><p>Para conocer la programaci\u00f3n completa y acceder a m\u00e1s detalles del evento, visite: <a href=\"https:\/\/expocobre.com\/en\/\">www.expocobre.com<\/a><\/p><p><strong>Sobre InterMet Per\u00fa<\/strong><\/p><p>InterMet Per\u00fa es una organizaci\u00f3n l\u00edder en la difusi\u00f3n de conocimientos t\u00e9cnicos y tecnol\u00f3gicos para la miner\u00eda. Con una trayectoria consolidada, impulsa eventos de alto nivel que fortalecen redes de negocio, fomentan el aprendizaje y contribuyen al desarrollo del sector minero. EXPOCOBRE es una de sus iniciativas m\u00e1s destacadas, posicionando a Per\u00fa como un pa\u00eds clave en la miner\u00eda mundial.<\/p>\t\t\t\t\t\t\t\t<\/div>\n\t\t\t\t<div class=\"elementor-element elementor-element-dbeb946 elementor-align-center elementor-widget elementor-widget-button\" data-id=\"dbeb946\" data-element_type=\"widget\" data-e-type=\"widget\" data-widget_type=\"button.default\">\n\t\t\t\t\t\t\t\t\t\t<a class=\"elementor-button elementor-button-link elementor-size-sm\" href=\"https:\/\/expocobre.com\/en\/notas-prensa\/\">\n\t\t\t\t\t\t<span class=\"elementor-button-content-wrapper\">\n\t\t\t\t\t\t\t\t\t<span class=\"elementor-button-text\">SEE MORE PRESS RELEASES<\/span>\n\t\t\t\t\t<\/span>\n\t\t\t\t\t<\/a>\n\t\t\t\t\t\t\t\t<\/div>\n\t\t\t\t\t<\/div>\n\t\t\t\t<\/div>\n\t\t<div class=\"elementor-element elementor-element-f1f16e5 e-flex e-con-boxed e-con e-parent\" data-id=\"f1f16e5\" data-element_type=\"container\" data-e-type=\"container\" data-settings=\"{&quot;background_background&quot;:&quot;classic&quot;}\">\n\t\t\t\t\t<div class=\"e-con-inner\">\n\t\t\t\t\t<\/div>\n\t\t\t\t<\/div>\n\t\t\t\t<\/div>","protected":false},"excerpt":{"rendered":"<p>NOTICIAS DE EXPOCOBRE Lima, 23 de octubre de 2025 EXPOCOBRE 2026: \u00bfC\u00f3mo Las Bambas, Southern Per\u00fa y Cerro Verde marcaron el 45.7% de la producci\u00f3n nacional de cobre en agosto? Seg\u00fan el Bolet\u00edn Estad\u00edstico Minero del Ministerio de Energ\u00eda y Minas (MINEM), la producci\u00f3n nacional de cobre alcanz\u00f3 las 242,740 toneladas m\u00e9tricas finas (TMF) en [&hellip;]<\/p>\n","protected":false},"author":6,"featured_media":0,"parent":0,"menu_order":0,"comment_status":"closed","ping_status":"closed","template":"","meta":{"footnotes":""},"class_list":["post-24411","page","type-page","status-publish","hentry"],"_links":{"self":[{"href":"https:\/\/expocobre.com\/en\/wp-json\/wp\/v2\/pages\/24411","targetHints":{"allow":["GET"]}}],"collection":[{"href":"https:\/\/expocobre.com\/en\/wp-json\/wp\/v2\/pages"}],"about":[{"href":"https:\/\/expocobre.com\/en\/wp-json\/wp\/v2\/types\/page"}],"author":[{"embeddable":true,"href":"https:\/\/expocobre.com\/en\/wp-json\/wp\/v2\/users\/6"}],"replies":[{"embeddable":true,"href":"https:\/\/expocobre.com\/en\/wp-json\/wp\/v2\/comments?post=24411"}],"version-history":[{"count":0,"href":"https:\/\/expocobre.com\/en\/wp-json\/wp\/v2\/pages\/24411\/revisions"}],"wp:attachment":[{"href":"https:\/\/expocobre.com\/en\/wp-json\/wp\/v2\/media?parent=24411"}],"curies":[{"name":"wp","href":"https:\/\/api.w.org\/{rel}","templated":true}]}}