{"id":24810,"date":"2025-10-29T22:00:41","date_gmt":"2025-10-29T22:00:41","guid":{"rendered":"https:\/\/expocobre.com\/?page_id=24810"},"modified":"2025-10-29T22:01:15","modified_gmt":"2025-10-29T22:01:15","slug":"nopre","status":"publish","type":"page","link":"https:\/\/expocobre.com\/en\/nopre\/","title":{"rendered":"NOPRE"},"content":{"rendered":"<div data-elementor-type=\"wp-post\" data-elementor-id=\"24810\" class=\"elementor elementor-24810\" data-elementor-post-type=\"page\">\n\t\t\t\t\t\t<section class=\"elementor-section elementor-top-section elementor-element elementor-element-6873328 elementor-section-full_width elementor-section-height-default elementor-section-height-default\" data-id=\"6873328\" data-element_type=\"section\" data-e-type=\"section\">\n\t\t\t\t\t\t<div class=\"elementor-container elementor-column-gap-default\">\n\t\t\t\t\t<div class=\"elementor-column elementor-col-100 elementor-top-column elementor-element elementor-element-a48416c\" data-id=\"a48416c\" data-element_type=\"column\" data-e-type=\"column\">\n\t\t\t<div class=\"elementor-widget-wrap elementor-element-populated\">\n\t\t\t\t\t\t<div class=\"elementor-element elementor-element-b8da16e elementor-widget__width-initial elementor-widget elementor-widget-image\" data-id=\"b8da16e\" data-element_type=\"widget\" data-e-type=\"widget\" data-widget_type=\"image.default\">\n\t\t\t\t\t\t\t\t\t\t\t\t\t\t\t<img decoding=\"async\" data-src=\"https:\/\/expocobre.com\/wp-content\/uploads\/2025\/10\/NOTAS-DE1.png\" title=\"NOTAS DE1\" alt=\"NOTAS DE1\" src=\"data:image\/svg+xml;base64,PHN2ZyB3aWR0aD0iMSIgaGVpZ2h0PSIxIiB4bWxucz0iaHR0cDovL3d3dy53My5vcmcvMjAwMC9zdmciPjwvc3ZnPg==\" class=\"lazyload\" style=\"--smush-placeholder-width: 2560px; --smush-placeholder-aspect-ratio: 2560\/826;\" \/>\t\t\t\t\t\t\t\t\t\t\t\t\t\t\t<\/div>\n\t\t\t\t\t<\/div>\n\t\t<\/div>\n\t\t\t\t\t<\/div>\n\t\t<\/section>\n\t\t<div class=\"elementor-element elementor-element-0a397c5 e-flex e-con-boxed e-con e-child\" data-id=\"0a397c5\" data-element_type=\"container\" data-e-type=\"container\">\n\t\t\t\t\t<div class=\"e-con-inner\">\n\t\t<div class=\"elementor-element elementor-element-ba936e7 e-con-full e-flex e-con e-child\" data-id=\"ba936e7\" data-element_type=\"container\" data-e-type=\"container\">\n\t\t\t\t<div class=\"elementor-element elementor-element-4bd8edf elementor-widget elementor-widget-heading\" data-id=\"4bd8edf\" data-element_type=\"widget\" data-e-type=\"widget\" data-widget_type=\"heading.default\">\n\t\t\t\t\t<h2 class=\"elementor-heading-title elementor-size-default\"><a href=\"https:\/\/expocobre.com\/en\/expocobre-2026-da-un-paso-decisivo-almuerzo-con-el-consejo-consultivo-y-gubernativo-fortalece-los-avances-del-evento-2\/\">NOTICIAS DE EXPOCOBRE<\/a><\/h2>\t\t\t\t<\/div>\n\t\t\t\t<\/div>\n\t\t\t\t\t<\/div>\n\t\t\t\t<\/div>\n\t\t<div class=\"elementor-element elementor-element-5dee3b9 e-flex e-con-boxed e-con e-child\" data-id=\"5dee3b9\" data-element_type=\"container\" data-e-type=\"container\">\n\t\t\t\t\t<div class=\"e-con-inner\">\n\t\t<div class=\"elementor-element elementor-element-8df784a e-con-full e-flex e-con e-child\" data-id=\"8df784a\" data-element_type=\"container\" data-e-type=\"container\" data-settings=\"{&quot;background_background&quot;:&quot;classic&quot;}\">\n\t\t\t\t<\/div>\n\t\t<div class=\"elementor-element elementor-element-505d110 e-con-full e-flex e-con e-child\" data-id=\"505d110\" data-element_type=\"container\" data-e-type=\"container\">\n\t\t\t\t<div class=\"elementor-element elementor-element-3cdc07c elementor-widget elementor-widget-text-editor\" data-id=\"3cdc07c\" data-element_type=\"widget\" data-e-type=\"widget\" data-widget_type=\"text-editor.default\">\n\t\t\t\t\t\t\t\t\t<p>EXPOCOBRE | Lima 23 de octubre de 2025<\/p>\t\t\t\t\t\t\t\t<\/div>\n\t\t\t\t<div class=\"elementor-element elementor-element-b73479b elementor-widget elementor-widget-heading\" data-id=\"b73479b\" data-element_type=\"widget\" data-e-type=\"widget\" data-widget_type=\"heading.default\">\n\t\t\t\t\t<h2 class=\"elementor-heading-title elementor-size-default\"><a href=\"https:\/\/expocobre.com\/en\/tia-maria-el-proyecto-de-us1802-millones-y-120-mil-toneladas-de-cobre-anuales-marcara-la-agenda-en-expocobre-2026\/\">EXPOCOBRE 2026: \u00bfC\u00f3mo Las Bambas, Southern Per\u00fa y Cerro Verde marcaron el 45.7% de la producci\u00f3n nacional de cobre en agosto?<\/a><\/h2>\t\t\t\t<\/div>\n\t\t\t\t<div class=\"elementor-element elementor-element-807afa1 elementor-widget elementor-widget-text-editor\" data-id=\"807afa1\" data-element_type=\"widget\" data-e-type=\"widget\" data-widget_type=\"text-editor.default\">\n\t\t\t\t\t\t\t\t\t<p><a href=\"https:\/\/expocobre.com\/en\/expocobre-2026-da-un-paso-decisivo-almuerzo-con-el-consejo-consultivo-y-gubernativo-fortalece-los-avances-del-evento-2\/\">\u2192 SEE MORE<\/a><\/p>\t\t\t\t\t\t\t\t<\/div>\n\t\t\t\t<\/div>\n\t\t\t\t\t<\/div>\n\t\t\t\t<\/div>\n\t\t<div class=\"elementor-element elementor-element-74f3e7a e-flex e-con-boxed e-con e-child\" data-id=\"74f3e7a\" data-element_type=\"container\" data-e-type=\"container\">\n\t\t\t\t\t<div class=\"e-con-inner\">\n\t\t<div class=\"elementor-element elementor-element-0d971dc e-con-full e-flex e-con e-child\" data-id=\"0d971dc\" data-element_type=\"container\" data-e-type=\"container\" data-settings=\"{&quot;background_background&quot;:&quot;classic&quot;}\">\n\t\t\t\t<\/div>\n\t\t<div class=\"elementor-element elementor-element-3d0dc5e e-con-full e-flex e-con e-child\" data-id=\"3d0dc5e\" data-element_type=\"container\" data-e-type=\"container\">\n\t\t\t\t<div class=\"elementor-element elementor-element-1860445 elementor-widget elementor-widget-text-editor\" data-id=\"1860445\" data-element_type=\"widget\" data-e-type=\"widget\" data-widget_type=\"text-editor.default\">\n\t\t\t\t\t\t\t\t\t<p>EXPOCOBRE | Lima 23 de octubre de 2025<\/p>\t\t\t\t\t\t\t\t<\/div>\n\t\t\t\t<div class=\"elementor-element elementor-element-adeaed1 elementor-widget elementor-widget-heading\" data-id=\"adeaed1\" data-element_type=\"widget\" data-e-type=\"widget\" data-widget_type=\"heading.default\">\n\t\t\t\t\t<h2 class=\"elementor-heading-title elementor-size-default\"><a href=\"https:\/\/expocobre.com\/en\/expocobre-2026-da-un-paso-decisivo-almuerzo-con-el-consejo-consultivo-y-gubernativo-fortalece-los-avances-del-evento-2\/\">T\u00eda Mar\u00eda: the US$1.802 billion project with an annual output of 120,000 tons of copper will set the agenda at Expocobre 2026<\/a><\/h2>\t\t\t\t<\/div>\n\t\t\t\t<div class=\"elementor-element elementor-element-79813f9 elementor-widget elementor-widget-text-editor\" data-id=\"79813f9\" data-element_type=\"widget\" data-e-type=\"widget\" data-widget_type=\"text-editor.default\">\n\t\t\t\t\t\t\t\t\t<p><a href=\"https:\/\/expocobre.com\/en\/expocobre-2026-da-un-paso-decisivo-almuerzo-con-el-consejo-consultivo-y-gubernativo-fortalece-los-avances-del-evento-2\/\" data-wplink-edit=\"true\">\u2192 SEE MORE<\/a><\/p>\t\t\t\t\t\t\t\t<\/div>\n\t\t\t\t<\/div>\n\t\t\t\t\t<\/div>\n\t\t\t\t<\/div>\n\t\t<div class=\"elementor-element elementor-element-6d35045 e-flex e-con-boxed e-con e-child\" data-id=\"6d35045\" data-element_type=\"container\" data-e-type=\"container\">\n\t\t\t\t\t<div class=\"e-con-inner\">\n\t\t<div class=\"elementor-element elementor-element-22fcb4e e-con-full e-flex e-con e-child\" data-id=\"22fcb4e\" data-element_type=\"container\" data-e-type=\"container\" data-settings=\"{&quot;background_background&quot;:&quot;classic&quot;}\">\n\t\t\t\t<\/div>\n\t\t<div class=\"elementor-element elementor-element-6709165 e-con-full e-flex e-con e-child\" data-id=\"6709165\" data-element_type=\"container\" data-e-type=\"container\">\n\t\t\t\t<div class=\"elementor-element elementor-element-de12ab3 elementor-widget elementor-widget-text-editor\" data-id=\"de12ab3\" data-element_type=\"widget\" data-e-type=\"widget\" data-widget_type=\"text-editor.default\">\n\t\t\t\t\t\t\t\t\t<p>EXPOCOBRE | Lima 23 de octubre de 2025<\/p>\t\t\t\t\t\t\t\t<\/div>\n\t\t\t\t<div class=\"elementor-element elementor-element-551669d elementor-widget elementor-widget-heading\" data-id=\"551669d\" data-element_type=\"widget\" data-e-type=\"widget\" data-widget_type=\"heading.default\">\n\t\t\t\t\t<h2 class=\"elementor-heading-title elementor-size-default\"><a href=\"https:\/\/expocobre.com\/en\/expocobre-2026-da-un-paso-decisivo-almuerzo-con-el-consejo-consultivo-y-gubernativo-fortalece-los-avances-del-evento\/\">EXPOCOBRE 2026 takes a decisive step: Lunch with the Advisory and Governing Council strengthens the event's progress\n<\/a><\/h2>\t\t\t\t<\/div>\n\t\t\t\t<div class=\"elementor-element elementor-element-0119371 elementor-widget elementor-widget-text-editor\" data-id=\"0119371\" data-element_type=\"widget\" data-e-type=\"widget\" data-widget_type=\"text-editor.default\">\n\t\t\t\t\t\t\t\t\t<p><a href=\"https:\/\/expocobre.com\/en\/expocobre-2026-da-un-paso-decisivo-almuerzo-con-el-consejo-consultivo-y-gubernativo-fortalece-los-avances-del-evento-2\/\" data-wplink-edit=\"true\">\u2192 SEE MORE<\/a><\/p>\t\t\t\t\t\t\t\t<\/div>\n\t\t\t\t<\/div>\n\t\t\t\t\t<\/div>\n\t\t\t\t<\/div>\n\t\t<div class=\"elementor-element elementor-element-ab49ed4 e-flex e-con-boxed e-con e-child\" data-id=\"ab49ed4\" data-element_type=\"container\" data-e-type=\"container\">\n\t\t\t\t\t<div class=\"e-con-inner\">\n\t\t<div class=\"elementor-element elementor-element-cf6dc6d e-con-full e-flex e-con e-child\" data-id=\"cf6dc6d\" data-element_type=\"container\" data-e-type=\"container\" data-settings=\"{&quot;background_background&quot;:&quot;classic&quot;}\">\n\t\t\t\t<\/div>\n\t\t<div class=\"elementor-element elementor-element-11ddeae e-con-full e-flex e-con e-child\" data-id=\"11ddeae\" data-element_type=\"container\" data-e-type=\"container\">\n\t\t\t\t<div class=\"elementor-element elementor-element-c459f43 elementor-widget elementor-widget-text-editor\" data-id=\"c459f43\" data-element_type=\"widget\" data-e-type=\"widget\" data-widget_type=\"text-editor.default\">\n\t\t\t\t\t\t\t\t\t<p>EXPOCOBRE | Lima 23 de octubre de 2025<\/p>\t\t\t\t\t\t\t\t<\/div>\n\t\t\t\t<div class=\"elementor-element elementor-element-20f745e elementor-widget elementor-widget-heading\" data-id=\"20f745e\" data-element_type=\"widget\" data-e-type=\"widget\" data-widget_type=\"heading.default\">\n\t\t\t\t\t<h2 class=\"elementor-heading-title elementor-size-default\"><a href=\"https:\/\/expocobre.com\/en\/expocobre-2026-llega-a-perumin-37-para-impulsar-la-transformacion-de-la-mineria-del-cobre\/\">EXPOCOBRE 2026 arrives at PERUMIN 37 to promote the transformation of copper mining\n<\/a><\/h2>\t\t\t\t<\/div>\n\t\t\t\t<div class=\"elementor-element elementor-element-3eb04db elementor-widget elementor-widget-text-editor\" data-id=\"3eb04db\" data-element_type=\"widget\" data-e-type=\"widget\" data-widget_type=\"text-editor.default\">\n\t\t\t\t\t\t\t\t\t<p><a href=\"https:\/\/expocobre.com\/en\/expocobre-2026-llega-a-perumin-37-para-impulsar-la-transformacion-de-la-mineria-del-cobre\/\">\u2192 SEE MORE<\/a><\/p>\t\t\t\t\t\t\t\t<\/div>\n\t\t\t\t<\/div>\n\t\t\t\t\t<\/div>\n\t\t\t\t<\/div>\n\t\t<div class=\"elementor-element elementor-element-899768d e-flex e-con-boxed e-con e-child\" data-id=\"899768d\" data-element_type=\"container\" data-e-type=\"container\">\n\t\t\t\t\t<div class=\"e-con-inner\">\n\t\t<div class=\"elementor-element elementor-element-6cd0187 e-con-full e-flex e-con e-child\" data-id=\"6cd0187\" data-element_type=\"container\" data-e-type=\"container\" data-settings=\"{&quot;background_background&quot;:&quot;classic&quot;}\">\n\t\t\t\t<\/div>\n\t\t<div class=\"elementor-element elementor-element-c5f8084 e-con-full e-flex e-con e-child\" data-id=\"c5f8084\" data-element_type=\"container\" data-e-type=\"container\">\n\t\t\t\t<div class=\"elementor-element elementor-element-79b4dda elementor-widget elementor-widget-text-editor\" data-id=\"79b4dda\" data-element_type=\"widget\" data-e-type=\"widget\" data-widget_type=\"text-editor.default\">\n\t\t\t\t\t\t\t\t\t<p>EXPOCOBRE | Lima 23 de octubre de 2025<\/p>\t\t\t\t\t\t\t\t<\/div>\n\t\t\t\t<div class=\"elementor-element elementor-element-35e3751 elementor-widget elementor-widget-heading\" data-id=\"35e3751\" data-element_type=\"widget\" data-e-type=\"widget\" data-widget_type=\"heading.default\">\n\t\t\t\t\t<h2 class=\"elementor-heading-title elementor-size-default\"><a href=\"https:\/\/expocobre.com\/en\/expocobre-2026-lanza-convocatoria-de-trabajos-tecnicos-para-impulsar-la-innovacion-en-la-mineria-del-cobre\/\">EXPOCOBRE 2026 Launches Call for Technical Papers to Promote Innovation in Copper Mining<\/a><\/h2>\t\t\t\t<\/div>\n\t\t\t\t<div class=\"elementor-element elementor-element-354c62f elementor-widget elementor-widget-text-editor\" data-id=\"354c62f\" data-element_type=\"widget\" data-e-type=\"widget\" data-widget_type=\"text-editor.default\">\n\t\t\t\t\t\t\t\t\t<p><a href=\"https:\/\/expocobre.com\/en\/expocobre-2026-lanza-convocatoria-de-trabajos-tecnicos-para-impulsar-la-innovacion-en-la-mineria-del-cobre\/\">\u2192 SEE MORE<\/a><\/p>\t\t\t\t\t\t\t\t<\/div>\n\t\t\t\t<\/div>\n\t\t\t\t\t<\/div>\n\t\t\t\t<\/div>\n\t\t<div class=\"elementor-element elementor-element-0c22a3d e-flex e-con-boxed e-con e-child\" data-id=\"0c22a3d\" data-element_type=\"container\" data-e-type=\"container\">\n\t\t\t\t\t<div class=\"e-con-inner\">\n\t\t<div class=\"elementor-element elementor-element-9e9fd68 e-con-full e-flex e-con e-child\" data-id=\"9e9fd68\" data-element_type=\"container\" data-e-type=\"container\" data-settings=\"{&quot;background_background&quot;:&quot;classic&quot;}\">\n\t\t\t\t<\/div>\n\t\t<div class=\"elementor-element elementor-element-474125a e-con-full e-flex e-con e-child\" data-id=\"474125a\" data-element_type=\"container\" data-e-type=\"container\">\n\t\t\t\t<div class=\"elementor-element elementor-element-d823ea0 elementor-widget elementor-widget-text-editor\" data-id=\"d823ea0\" data-element_type=\"widget\" data-e-type=\"widget\" data-widget_type=\"text-editor.default\">\n\t\t\t\t\t\t\t\t\t<p>EXPOCOBRE | Lima 23 de octubre de 2025<\/p>\t\t\t\t\t\t\t\t<\/div>\n\t\t\t\t<div class=\"elementor-element elementor-element-e8591ae elementor-widget elementor-widget-heading\" data-id=\"e8591ae\" data-element_type=\"widget\" data-e-type=\"widget\" data-widget_type=\"heading.default\">\n\t\t\t\t\t<h2 class=\"elementor-heading-title elementor-size-default\"><a href=\"https:\/\/expocobre.com\/en\/expocobre-2026-estima-congregar-a-mas-de-20000-asistentes-en-la-mayor-feria-mundial-del-cobre\/\">Expocobre 2026 expects to attract more than 20,000 attendees to the world's largest copper fair.<\/a><\/h2>\t\t\t\t<\/div>\n\t\t\t\t<div class=\"elementor-element elementor-element-3ddd9e1 elementor-widget elementor-widget-text-editor\" data-id=\"3ddd9e1\" data-element_type=\"widget\" data-e-type=\"widget\" data-widget_type=\"text-editor.default\">\n\t\t\t\t\t\t\t\t\t<p><a href=\"https:\/\/expocobre.com\/en\/expocobre-2026-estima-congregar-a-mas-de-20000-asistentes-en-la-mayor-feria-mundial-del-cobre\/\">\u2192 SEE MORE<\/a><\/p>\t\t\t\t\t\t\t\t<\/div>\n\t\t\t\t<\/div>\n\t\t\t\t\t<\/div>\n\t\t\t\t<\/div>\n\t\t\t\t<\/div>","protected":false},"excerpt":{"rendered":"<p>NOTICIAS DE EXPOCOBRE EXPOCOBRE | Lima 23 de octubre de 2025 EXPOCOBRE 2026: \u00bfC\u00f3mo Las Bambas, Southern Per\u00fa y Cerro Verde marcaron el 45.7% de la producci\u00f3n nacional de cobre en agosto? \u2192 VER M\u00c1S EXPOCOBRE | Lima 23 de octubre de 2025 T\u00eda Mar\u00eda: el proyecto de US$1,802 millones y 120 mil toneladas de [&hellip;]<\/p>\n","protected":false},"author":6,"featured_media":0,"parent":0,"menu_order":0,"comment_status":"closed","ping_status":"closed","template":"template\/homepage-template.php","meta":{"footnotes":""},"class_list":["post-24810","page","type-page","status-publish","hentry"],"_links":{"self":[{"href":"https:\/\/expocobre.com\/en\/wp-json\/wp\/v2\/pages\/24810","targetHints":{"allow":["GET"]}}],"collection":[{"href":"https:\/\/expocobre.com\/en\/wp-json\/wp\/v2\/pages"}],"about":[{"href":"https:\/\/expocobre.com\/en\/wp-json\/wp\/v2\/types\/page"}],"author":[{"embeddable":true,"href":"https:\/\/expocobre.com\/en\/wp-json\/wp\/v2\/users\/6"}],"replies":[{"embeddable":true,"href":"https:\/\/expocobre.com\/en\/wp-json\/wp\/v2\/comments?post=24810"}],"version-history":[{"count":0,"href":"https:\/\/expocobre.com\/en\/wp-json\/wp\/v2\/pages\/24810\/revisions"}],"wp:attachment":[{"href":"https:\/\/expocobre.com\/en\/wp-json\/wp\/v2\/media?parent=24810"}],"curies":[{"name":"wp","href":"https:\/\/api.w.org\/{rel}","templated":true}]}}