{"id":25680,"date":"2025-11-06T16:03:35","date_gmt":"2025-11-06T16:03:35","guid":{"rendered":"https:\/\/expocobre.com\/?page_id=25680"},"modified":"2025-11-14T00:15:29","modified_gmt":"2025-11-14T00:15:29","slug":"expocobre-2026-pampa-de-cobre-reactivacion-mina-chapi-us18-millones","status":"publish","type":"page","link":"https:\/\/expocobre.com\/en\/expocobre-2026-pampa-de-cobre-reactivacion-mina-chapi-us18-millones\/","title":{"rendered":"Minera Pampa de Cobre reactivar\u00e1 la mina Chapi en Moquegua con inversi\u00f3n de US$ 18 millones"},"content":{"rendered":"<div data-elementor-type=\"wp-post\" data-elementor-id=\"25680\" class=\"elementor elementor-25680\" data-elementor-post-type=\"page\">\n\t\t\t\t<div class=\"elementor-element elementor-element-10cb0a9 e-flex e-con-boxed e-con e-parent\" data-id=\"10cb0a9\" data-element_type=\"container\" data-e-type=\"container\" data-settings=\"{&quot;background_background&quot;:&quot;classic&quot;}\">\n\t\t\t\t\t<div class=\"e-con-inner\">\n\t\t<div class=\"elementor-element elementor-element-bf82627 e-con-full e-flex e-con e-child\" data-id=\"bf82627\" data-element_type=\"container\" data-e-type=\"container\">\n\t\t\t\t<div class=\"elementor-element elementor-element-eb41308 elementor-widget elementor-widget-heading\" data-id=\"eb41308\" data-element_type=\"widget\" data-e-type=\"widget\" data-widget_type=\"heading.default\">\n\t\t\t\t\t<h2 class=\"elementor-heading-title elementor-size-default\">NEWS \nFROM \nEXPOCOBRE<\/h2>\t\t\t\t<\/div>\n\t\t\t\t<\/div>\n\t\t\t\t\t<\/div>\n\t\t\t\t<\/div>\n\t\t<div class=\"elementor-element elementor-element-a06b6dd e-flex e-con-boxed e-con e-parent\" data-id=\"a06b6dd\" data-element_type=\"container\" data-e-type=\"container\" data-settings=\"{&quot;background_background&quot;:&quot;classic&quot;}\">\n\t\t\t\t\t<div class=\"e-con-inner\">\n\t\t\t\t<div class=\"elementor-element elementor-element-0adb204 elementor-widget__width-inherit elementor-widget elementor-widget-heading\" data-id=\"0adb204\" data-element_type=\"widget\" data-e-type=\"widget\" data-widget_type=\"heading.default\">\n\t\t\t\t\t<h2 class=\"elementor-heading-title elementor-size-default\">Lima, 06 de noviembre de 2025<\/h2>\t\t\t\t<\/div>\n\t\t\t\t\t<\/div>\n\t\t\t\t<\/div>\n\t\t<div class=\"elementor-element elementor-element-3d587f6 e-flex e-con-boxed e-con e-parent\" data-id=\"3d587f6\" data-element_type=\"container\" data-e-type=\"container\" data-settings=\"{&quot;background_background&quot;:&quot;classic&quot;}\">\n\t\t\t\t\t<div class=\"e-con-inner\">\n\t\t\t\t<div class=\"elementor-element elementor-element-f3a554a elementor-widget__width-inherit elementor-widget elementor-widget-heading\" data-id=\"f3a554a\" data-element_type=\"widget\" data-e-type=\"widget\" data-widget_type=\"heading.default\">\n\t\t\t\t\t<h2 class=\"elementor-heading-title elementor-size-default\">Minera Pampa de Cobre reactivar\u00e1 la mina Chapi en Moquegua con inversi\u00f3n de US$ 18 millones<\/h2>\t\t\t\t<\/div>\n\t\t\t\t\t<\/div>\n\t\t\t\t<\/div>\n\t\t<div class=\"elementor-element elementor-element-4cbdf46 e-flex e-con-boxed e-con e-parent\" data-id=\"4cbdf46\" data-element_type=\"container\" data-e-type=\"container\" data-settings=\"{&quot;background_background&quot;:&quot;classic&quot;}\">\n\t\t\t\t\t<div class=\"e-con-inner\">\n\t\t\t\t<div class=\"elementor-element elementor-element-62c7776 elementor-widget elementor-widget-image\" data-id=\"62c7776\" data-element_type=\"widget\" data-e-type=\"widget\" data-widget_type=\"image.default\">\n\t\t\t\t\t\t\t\t\t\t\t\t\t\t\t<img fetchpriority=\"high\" decoding=\"async\" width=\"768\" height=\"480\" src=\"https:\/\/expocobre.com\/wp-content\/uploads\/2025\/11\/mina-chapi-reactivacion-expocobre-2026-1-768x480.jpg\" class=\"attachment-medium_large size-medium_large wp-image-25682\" alt=\"\" srcset=\"https:\/\/expocobre.com\/wp-content\/uploads\/2025\/11\/mina-chapi-reactivacion-expocobre-2026-1-768x480.jpg 768w, https:\/\/expocobre.com\/wp-content\/uploads\/2025\/11\/mina-chapi-reactivacion-expocobre-2026-1-300x188.jpg 300w, https:\/\/expocobre.com\/wp-content\/uploads\/2025\/11\/mina-chapi-reactivacion-expocobre-2026-1-1024x640.jpg 1024w, https:\/\/expocobre.com\/wp-content\/uploads\/2025\/11\/mina-chapi-reactivacion-expocobre-2026-1-18x12.jpg 18w, https:\/\/expocobre.com\/wp-content\/uploads\/2025\/11\/mina-chapi-reactivacion-expocobre-2026-1.jpg 1200w\" sizes=\"(max-width: 768px) 100vw, 768px\" \/>\t\t\t\t\t\t\t\t\t\t\t\t\t\t\t<\/div>\n\t\t\t\t\t<\/div>\n\t\t\t\t<\/div>\n\t\t<div class=\"elementor-element elementor-element-69b25bd e-flex e-con-boxed e-con e-parent\" data-id=\"69b25bd\" data-element_type=\"container\" data-e-type=\"container\" data-settings=\"{&quot;background_background&quot;:&quot;classic&quot;}\">\n\t\t\t\t\t<div class=\"e-con-inner\">\n\t\t\t\t<div class=\"elementor-element elementor-element-a6b7650 elementor-widget-mobile__width-initial elementor-widget elementor-widget-text-editor\" data-id=\"a6b7650\" data-element_type=\"widget\" data-e-type=\"widget\" data-widget_type=\"text-editor.default\">\n\t\t\t\t\t\t\t\t\t<p><strong>Minera Pampa de Cobre<\/strong>, propiedad de <strong>Quilla Resources<\/strong>, ha confirmado una inversi\u00f3n superior a US$18 millones para la reactivaci\u00f3n de la <strong>mina Chapi<\/strong>, ubicada en la regi\u00f3n de <strong>Moquegu<\/strong>a. Este proyecto tiene como objetivo reiniciar las operaciones de la mina, inactiva desde 2012, con la proyecci\u00f3n de reactivaci\u00f3n para la primera mitad de 2026. Esta inversi\u00f3n forma parte de un esfuerzo m\u00e1s amplio para modernizar la miner\u00eda peruana y mejorar la eficiencia operativa, en l\u00ednea con las tendencias que estar\u00e1n marcando el futuro de la industria, como lo que se ver\u00e1 reflejado en <strong>EXPOCOBRE 2026<\/strong>.<\/p><p>La inversi\u00f3n se destinar\u00e1 a proyectos clave, como el retratamiento de ripios y la integraci\u00f3n de plataformas de lixiviaci\u00f3n. Estos proyectos tienen el prop\u00f3sito de mejorar la eficiencia operativa de la mina, y se alinean con los esfuerzos m\u00e1s amplios por impulsar la miner\u00eda sostenible en el pa\u00eds. Adem\u00e1s, el Primer Informe T\u00e9cnico Sustentatorio (ITS) presentado ante el <strong>Servicio Nacional de Certificaci\u00f3n Ambiental para las Inversiones Sostenibles<\/strong> (Senace) es un paso fundamental para asegurar que las modificaciones sean viables desde el punto de vista ambiental.<\/p><p><strong>Proyectos de Reactivaci\u00f3n: Optimizaci\u00f3n de Ripios y Lixiviaci\u00f3n<\/strong><\/p><p>Uno de los principales proyectos de reactivaci\u00f3n es el retratamiento de ripios, con una inversi\u00f3n de US$1.2 millones. Este proceso busca recuperar el cobre residual y optimizar el ciclo de vida del mineral. El proyecto est\u00e1 dise\u00f1ado para mejorar la eficiencia operativa y reducir los residuos, algo que est\u00e1 en l\u00ednea con las tendencias globales hacia una miner\u00eda m\u00e1s eficiente y responsable. La optimizaci\u00f3n de estos procesos ser\u00e1 uno de los enfoques clave en el futuro cercano, con <strong>EXPOCOBRE 2026<\/strong> sirviendo como una plataforma para explorar las mejores pr\u00e1cticas en este \u00e1mbito.<\/p><p>La integraci\u00f3n de las plataformas de lixiviaci\u00f3n entre los PAD I y PAD II es otro proyecto importante que permitir\u00e1 maximizar la capacidad de tratamiento del mineral y reducir los espacios inactivos. Con esta integraci\u00f3n, las operaciones de la mina ser\u00e1n m\u00e1s eficientes y sencillas, lo que refleja el impulso hacia la modernizaci\u00f3n de la miner\u00eda, un tema que estar\u00e1 en el centro de las conversaciones en el futuro cercano dentro de eventos de la industria.<\/p><p><strong>Detalles Financieros y Plazos de Ejecuci\u00f3n<\/strong><\/p><p>La inversi\u00f3n total estimada en el proyecto asciende a US$18.1 millones, distribuidos entre tres frentes clave: retratamiento de ripios (US$1.2 millones), reinicio de operaciones en el PAD I (US$2.5 millones) y la integraci\u00f3n de los PAD I y PAD II (US$14.3 millones).<\/p><p>El plazo de ejecuci\u00f3n est\u00e1 estimado en 19 trimestres, casi cinco a\u00f1os, durante los cuales se implementar\u00e1n gradualmente las obras y se reiniciar\u00e1n las operaciones. Este esfuerzo tiene como objetivo no solo reactivar la producci\u00f3n de cobre en la <strong>mina Chapi<\/strong>, sino tambi\u00e9n consolidar su papel en la industria minera global. Estos proyectos, en l\u00ednea con las tendencias de sostenibilidad y eficiencia, estar\u00e1n reflejados en las din\u00e1micas que marcan el futuro de la miner\u00eda, con <strong>EXPOCOBRE 2026<\/strong> como uno de los eventos clave que destacar\u00e1 estas transformaciones.<\/p><p><strong>EXPOCOBRE 2026: El Futuro de la Miner\u00eda Peruana<\/strong><\/p><p><strong>EXPOCOBRE 2026<\/strong> se perfila como un evento clave para el sector minero peruano, donde se expondr\u00e1n avances en tecnolog\u00eda y sostenibilidad. La reactivaci\u00f3n de proyectos estrat\u00e9gicos como el de <strong>Minera Pampa de Cobre<\/strong> en la mina Chapi refleja las tendencias de modernizaci\u00f3n y eficiencia que estar\u00e1n al centro de la agenda. Este evento reunir\u00e1 a l\u00edderes de la industria para compartir experiencias, discutir sobre el futuro de la miner\u00eda responsable y explorar nuevas oportunidades de inversi\u00f3n.<\/p><p><strong>EXPOCOBRE 2026<\/strong> no solo ser\u00e1 un punto de encuentro para conocer innovaciones tecnol\u00f3gicas, sino tambi\u00e9n un espacio crucial para mostrar c\u00f3mo la miner\u00eda peruana est\u00e1 adapt\u00e1ndose a los desaf\u00edos globales en sostenibilidad y productividad.<\/p>\t\t\t\t\t\t\t\t<\/div>\n\t\t\t\t<div class=\"elementor-element elementor-element-dbeb946 elementor-align-center elementor-widget elementor-widget-button\" data-id=\"dbeb946\" data-element_type=\"widget\" data-e-type=\"widget\" data-widget_type=\"button.default\">\n\t\t\t\t\t\t\t\t\t\t<a class=\"elementor-button elementor-button-link elementor-size-sm\" href=\"https:\/\/expocobre.com\/en\/notas-prensa\/\">\n\t\t\t\t\t\t<span class=\"elementor-button-content-wrapper\">\n\t\t\t\t\t\t\t\t\t<span class=\"elementor-button-text\">SEE MORE PRESS RELEASES<\/span>\n\t\t\t\t\t<\/span>\n\t\t\t\t\t<\/a>\n\t\t\t\t\t\t\t\t<\/div>\n\t\t\t\t\t<\/div>\n\t\t\t\t<\/div>\n\t\t<div class=\"elementor-element elementor-element-f1f16e5 e-flex e-con-boxed e-con e-parent\" data-id=\"f1f16e5\" data-element_type=\"container\" data-e-type=\"container\" data-settings=\"{&quot;background_background&quot;:&quot;classic&quot;}\">\n\t\t\t\t\t<div class=\"e-con-inner\">\n\t\t\t\t\t<\/div>\n\t\t\t\t<\/div>\n\t\t\t\t<\/div>","protected":false},"excerpt":{"rendered":"<p>NOTICIAS DE EXPOCOBRE Lima, 06 de noviembre de 2025 Minera Pampa de Cobre reactivar\u00e1 la mina Chapi en Moquegua con inversi\u00f3n de US$ 18 millones Minera Pampa de Cobre, propiedad de Quilla Resources, ha confirmado una inversi\u00f3n superior a US$18 millones para la reactivaci\u00f3n de la mina Chapi, ubicada en la regi\u00f3n de Moquegua. Este [&hellip;]<\/p>\n","protected":false},"author":6,"featured_media":0,"parent":0,"menu_order":0,"comment_status":"closed","ping_status":"closed","template":"","meta":{"footnotes":""},"class_list":["post-25680","page","type-page","status-publish","hentry"],"_links":{"self":[{"href":"https:\/\/expocobre.com\/en\/wp-json\/wp\/v2\/pages\/25680","targetHints":{"allow":["GET"]}}],"collection":[{"href":"https:\/\/expocobre.com\/en\/wp-json\/wp\/v2\/pages"}],"about":[{"href":"https:\/\/expocobre.com\/en\/wp-json\/wp\/v2\/types\/page"}],"author":[{"embeddable":true,"href":"https:\/\/expocobre.com\/en\/wp-json\/wp\/v2\/users\/6"}],"replies":[{"embeddable":true,"href":"https:\/\/expocobre.com\/en\/wp-json\/wp\/v2\/comments?post=25680"}],"version-history":[{"count":0,"href":"https:\/\/expocobre.com\/en\/wp-json\/wp\/v2\/pages\/25680\/revisions"}],"wp:attachment":[{"href":"https:\/\/expocobre.com\/en\/wp-json\/wp\/v2\/media?parent=25680"}],"curies":[{"name":"wp","href":"https:\/\/api.w.org\/{rel}","templated":true}]}}