{"id":31334,"date":"2025-11-13T17:10:17","date_gmt":"2025-11-13T17:10:17","guid":{"rendered":"https:\/\/expocobre.com\/?page_id=31334"},"modified":"2025-11-14T00:13:58","modified_gmt":"2025-11-14T00:13:58","slug":"quellaveco-alcanza-un-millon-de-toneladas-de-cobre-fino-y-marca-un-hito-en-la-mineria-peruana","status":"publish","type":"page","link":"https:\/\/expocobre.com\/en\/quellaveco-alcanza-un-millon-de-toneladas-de-cobre-fino-y-marca-un-hito-en-la-mineria-peruana\/","title":{"rendered":"Quellaveco alcanza un mill\u00f3n de toneladas de cobre fino y marca un hito en la miner\u00eda peruana"},"content":{"rendered":"<div data-elementor-type=\"wp-post\" data-elementor-id=\"31334\" class=\"elementor elementor-31334\" data-elementor-post-type=\"page\">\n\t\t\t\t<div class=\"elementor-element elementor-element-10cb0a9 e-flex e-con-boxed e-con e-parent\" data-id=\"10cb0a9\" data-element_type=\"container\" data-e-type=\"container\" data-settings=\"{&quot;background_background&quot;:&quot;classic&quot;}\">\n\t\t\t\t\t<div class=\"e-con-inner\">\n\t\t<div class=\"elementor-element elementor-element-bf82627 e-con-full e-flex e-con e-child\" data-id=\"bf82627\" data-element_type=\"container\" data-e-type=\"container\">\n\t\t\t\t<div class=\"elementor-element elementor-element-eb41308 elementor-widget elementor-widget-heading\" data-id=\"eb41308\" data-element_type=\"widget\" data-e-type=\"widget\" data-widget_type=\"heading.default\">\n\t\t\t\t\t<h2 class=\"elementor-heading-title elementor-size-default\">NEWS \nFROM \nEXPOCOBRE<\/h2>\t\t\t\t<\/div>\n\t\t\t\t<\/div>\n\t\t\t\t\t<\/div>\n\t\t\t\t<\/div>\n\t\t<div class=\"elementor-element elementor-element-a06b6dd e-flex e-con-boxed e-con e-parent\" data-id=\"a06b6dd\" data-element_type=\"container\" data-e-type=\"container\" data-settings=\"{&quot;background_background&quot;:&quot;classic&quot;}\">\n\t\t\t\t\t<div class=\"e-con-inner\">\n\t\t\t\t<div class=\"elementor-element elementor-element-0adb204 elementor-widget__width-inherit elementor-widget elementor-widget-heading\" data-id=\"0adb204\" data-element_type=\"widget\" data-e-type=\"widget\" data-widget_type=\"heading.default\">\n\t\t\t\t\t<h2 class=\"elementor-heading-title elementor-size-default\">Lima, 13 de noviembre de 2025<\/h2>\t\t\t\t<\/div>\n\t\t\t\t\t<\/div>\n\t\t\t\t<\/div>\n\t\t<div class=\"elementor-element elementor-element-3d587f6 e-flex e-con-boxed e-con e-parent\" data-id=\"3d587f6\" data-element_type=\"container\" data-e-type=\"container\" data-settings=\"{&quot;background_background&quot;:&quot;classic&quot;}\">\n\t\t\t\t\t<div class=\"e-con-inner\">\n\t\t\t\t<div class=\"elementor-element elementor-element-f3a554a elementor-widget__width-inherit elementor-widget elementor-widget-heading\" data-id=\"f3a554a\" data-element_type=\"widget\" data-e-type=\"widget\" data-widget_type=\"heading.default\">\n\t\t\t\t\t<h2 class=\"elementor-heading-title elementor-size-default\">Quellaveco alcanza un mill\u00f3n de toneladas de cobre fino y marca un hito en la miner\u00eda peruana<\/h2>\t\t\t\t<\/div>\n\t\t\t\t\t<\/div>\n\t\t\t\t<\/div>\n\t\t<div class=\"elementor-element elementor-element-4cbdf46 e-flex e-con-boxed e-con e-parent\" data-id=\"4cbdf46\" data-element_type=\"container\" data-e-type=\"container\" data-settings=\"{&quot;background_background&quot;:&quot;classic&quot;}\">\n\t\t\t\t\t<div class=\"e-con-inner\">\n\t\t\t\t<div class=\"elementor-element elementor-element-62c7776 elementor-widget__width-initial elementor-widget elementor-widget-image\" data-id=\"62c7776\" data-element_type=\"widget\" data-e-type=\"widget\" data-widget_type=\"image.default\">\n\t\t\t\t\t\t\t\t\t\t\t\t\t\t\t<img decoding=\"async\" data-src=\"https:\/\/expocobre.com\/wp-content\/uploads\/2025\/11\/quellaveco-hito-cobre-fino-expocobre-2026.jpg\" title=\"quellaveco-hito-cobre-fino-expocobre-2026\" alt=\"Quellaveco alcanza un mill\u00f3n de toneladas de cobre fino y marca un hito en la miner\u00eda peruana\" src=\"data:image\/svg+xml;base64,PHN2ZyB3aWR0aD0iMSIgaGVpZ2h0PSIxIiB4bWxucz0iaHR0cDovL3d3dy53My5vcmcvMjAwMC9zdmciPjwvc3ZnPg==\" class=\"lazyload\" style=\"--smush-placeholder-width: 1200px; --smush-placeholder-aspect-ratio: 1200\/750;\" \/>\t\t\t\t\t\t\t\t\t\t\t\t\t\t\t<\/div>\n\t\t\t\t\t<\/div>\n\t\t\t\t<\/div>\n\t\t<div class=\"elementor-element elementor-element-69b25bd e-flex e-con-boxed e-con e-parent\" data-id=\"69b25bd\" data-element_type=\"container\" data-e-type=\"container\" data-settings=\"{&quot;background_background&quot;:&quot;classic&quot;}\">\n\t\t\t\t\t<div class=\"e-con-inner\">\n\t\t\t\t<div class=\"elementor-element elementor-element-a6b7650 elementor-widget-mobile__width-initial elementor-widget elementor-widget-text-editor\" data-id=\"a6b7650\" data-element_type=\"widget\" data-e-type=\"widget\" data-widget_type=\"text-editor.default\">\n\t\t\t\t\t\t\t\t\t<p>El proyecto minero <strong>Quellaveco<\/strong>, operado por <strong>Anglo American<\/strong> y <strong>Mitsubishi<\/strong>, ha alcanzado un hito significativo al superar la producci\u00f3n acumulada de un mill\u00f3n de toneladas de cobre fino desde el inicio de sus operaciones comerciales en 2022. Este logro resalta la eficiencia t\u00e9cnica y el compromiso con la seguridad y el cumplimiento ambiental del proyecto, destac\u00e1ndose como uno de los m\u00e1s importantes en Per\u00fa. <strong>EXPOCOBRE 2026<\/strong>, que se celebrar\u00e1 pr\u00f3ximamente, servir\u00e1 como un reflejo de c\u00f3mo los proyectos mineros como Quellaveco est\u00e1n liderando el camino hacia una miner\u00eda m\u00e1s eficiente y sostenible.<\/p><p>Con una inversi\u00f3n aproximada de US$ 5.500 millones, el proyecto ha demostrado una curva de ramp-up progresiva y estable, gracias a la automatizaci\u00f3n del acarreo, la perforaci\u00f3n remota y el monitoreo predictivo. Estas innovaciones han permitido optimizar el uso de los activos, mejorar los procesos y garantizar la continuidad operativa de la mina. Este tipo de avances tecnol\u00f3gicos ser\u00e1 un tema central en <strong>EXPOCOBRE 2026<\/strong>, que reunir\u00e1 a los principales actores de la industria para discutir c\u00f3mo la miner\u00eda peruana <strong>contin\u00faa<\/strong> innovando en \u00e1reas clave.<\/p><p>El dep\u00f3sito de <strong>Quellaveco<\/strong> fue descubierto en 1938, pero fue en la d\u00e9cada de 1990 cuando comenzaron los estudios de factibilidad moderna. Desde entonces, el proyecto ha atravesado un largo proceso de maduraci\u00f3n, que incluy\u00f3 la privatizaci\u00f3n minera en Per\u00fa, estudios de impacto ambiental y ajustes de ingenier\u00eda para optimizar su capacidad. En 2012, Mitsubishi adquiri\u00f3 una participaci\u00f3n del 40%, mientras que <strong>Anglo American<\/strong> mantiene el 60%. La mina comenz\u00f3 sus operaciones comerciales en julio de 2022, logrando en su primer a\u00f1o m\u00e1s de 100,000 toneladas de cobre fino. En los primeros cinco a\u00f1os, se proyecta que la producci\u00f3n anual se acerque a las 330,000 toneladas, con una vida \u00fatil estimada superior a tres d\u00e9cadas.<\/p><p><strong>Compromiso con la Comunidad y la Sostenibilidad<\/strong><\/p><p>Uno de los aspectos m\u00e1s destacados de <strong>Quellaveco<\/strong> es su enfoque en la sostenibilidad. Durante su desarrollo, se llev\u00f3 a cabo una Mesa de Di\u00e1logo en <strong>Moquegua<\/strong> con autoridades y comunidades locales, resultando en 26 acuerdos clave relacionados con el uso de agua, la protecci\u00f3n ambiental, el empleo local y la inversi\u00f3n social. El proyecto tambi\u00e9n utiliza agua industrial no apta para consumo humano y se abastece parcialmente de energ\u00eda renovable, contribuyendo a reducir el impacto ambiental. A medida que Per\u00fa avanza en proyectos como Quellaveco, se reafirma la necesidad <strong>de EXPOCOBRE 2026<\/strong> como un punto de encuentro crucial para discutir el impacto de la miner\u00eda sostenible en el pa\u00eds.<\/p><p>Con su exitosa producci\u00f3n y un enfoque en la innovaci\u00f3n y la sostenibilidad, Quellaveco se ha establecido como un referente dentro de la miner\u00eda peruana. La presencia de este tipo de proyectos en eventos como <strong>EXPOCOBRE 2026<\/strong> refleja c\u00f3mo el pa\u00eds sigue consolid\u00e1ndose como l\u00edder en la miner\u00eda moderna, orientada hacia la sostenibilidad y la eficiencia operativa.<\/p>\t\t\t\t\t\t\t\t<\/div>\n\t\t\t\t<div class=\"elementor-element elementor-element-dbeb946 elementor-align-center elementor-widget elementor-widget-button\" data-id=\"dbeb946\" data-element_type=\"widget\" data-e-type=\"widget\" data-widget_type=\"button.default\">\n\t\t\t\t\t\t\t\t\t\t<a class=\"elementor-button elementor-button-link elementor-size-sm\" href=\"https:\/\/expocobre.com\/en\/notas-prensa\/\">\n\t\t\t\t\t\t<span class=\"elementor-button-content-wrapper\">\n\t\t\t\t\t\t\t\t\t<span class=\"elementor-button-text\">SEE MORE PRESS RELEASES<\/span>\n\t\t\t\t\t<\/span>\n\t\t\t\t\t<\/a>\n\t\t\t\t\t\t\t\t<\/div>\n\t\t\t\t\t<\/div>\n\t\t\t\t<\/div>\n\t\t<div class=\"elementor-element elementor-element-f1f16e5 e-flex e-con-boxed e-con e-parent\" data-id=\"f1f16e5\" data-element_type=\"container\" data-e-type=\"container\" data-settings=\"{&quot;background_background&quot;:&quot;classic&quot;}\">\n\t\t\t\t\t<div class=\"e-con-inner\">\n\t\t\t\t\t<\/div>\n\t\t\t\t<\/div>\n\t\t\t\t<\/div>","protected":false},"excerpt":{"rendered":"<p>NOTICIAS DE EXPOCOBRE Lima, 13 de noviembre de 2025 Quellaveco alcanza un mill\u00f3n de toneladas de cobre fino y marca un hito en la miner\u00eda peruana El proyecto minero Quellaveco, operado por Anglo American y Mitsubishi, ha alcanzado un hito significativo al superar la producci\u00f3n acumulada de un mill\u00f3n de toneladas de cobre fino desde [&hellip;]<\/p>\n","protected":false},"author":6,"featured_media":0,"parent":0,"menu_order":0,"comment_status":"closed","ping_status":"closed","template":"","meta":{"footnotes":""},"class_list":["post-31334","page","type-page","status-publish","hentry"],"_links":{"self":[{"href":"https:\/\/expocobre.com\/en\/wp-json\/wp\/v2\/pages\/31334","targetHints":{"allow":["GET"]}}],"collection":[{"href":"https:\/\/expocobre.com\/en\/wp-json\/wp\/v2\/pages"}],"about":[{"href":"https:\/\/expocobre.com\/en\/wp-json\/wp\/v2\/types\/page"}],"author":[{"embeddable":true,"href":"https:\/\/expocobre.com\/en\/wp-json\/wp\/v2\/users\/6"}],"replies":[{"embeddable":true,"href":"https:\/\/expocobre.com\/en\/wp-json\/wp\/v2\/comments?post=31334"}],"version-history":[{"count":0,"href":"https:\/\/expocobre.com\/en\/wp-json\/wp\/v2\/pages\/31334\/revisions"}],"wp:attachment":[{"href":"https:\/\/expocobre.com\/en\/wp-json\/wp\/v2\/media?parent=31334"}],"curies":[{"name":"wp","href":"https:\/\/api.w.org\/{rel}","templated":true}]}}