{"id":36155,"date":"2025-11-20T17:31:28","date_gmt":"2025-11-20T17:31:28","guid":{"rendered":"https:\/\/expocobre.com\/?page_id=36155"},"modified":"2025-11-20T17:32:37","modified_gmt":"2025-11-20T17:32:37","slug":"minera-las-bambas-lidera-produccion-cobre-peru-septiembre-2025","status":"publish","type":"page","link":"https:\/\/expocobre.com\/en\/minera-las-bambas-lidera-produccion-cobre-peru-septiembre-2025\/","title":{"rendered":"Minera Las Bambas lidera la producci\u00f3n de cobre en Per\u00fa con un 15.3% en septiembre de 2025"},"content":{"rendered":"<div data-elementor-type=\"wp-post\" data-elementor-id=\"36155\" class=\"elementor elementor-36155\" data-elementor-post-type=\"page\">\n\t\t\t\t<div class=\"elementor-element elementor-element-10cb0a9 e-flex e-con-boxed e-con e-parent\" data-id=\"10cb0a9\" data-element_type=\"container\" data-e-type=\"container\" data-settings=\"{&quot;background_background&quot;:&quot;classic&quot;}\">\n\t\t\t\t\t<div class=\"e-con-inner\">\n\t\t<div class=\"elementor-element elementor-element-bf82627 e-con-full e-flex e-con e-child\" data-id=\"bf82627\" data-element_type=\"container\" data-e-type=\"container\">\n\t\t\t\t<div class=\"elementor-element elementor-element-eb41308 elementor-widget elementor-widget-heading\" data-id=\"eb41308\" data-element_type=\"widget\" data-e-type=\"widget\" data-widget_type=\"heading.default\">\n\t\t\t\t\t<h2 class=\"elementor-heading-title elementor-size-default\">NEWS \nFROM \nEXPOCOBRE<\/h2>\t\t\t\t<\/div>\n\t\t\t\t<\/div>\n\t\t\t\t\t<\/div>\n\t\t\t\t<\/div>\n\t\t<div class=\"elementor-element elementor-element-a06b6dd e-flex e-con-boxed e-con e-parent\" data-id=\"a06b6dd\" data-element_type=\"container\" data-e-type=\"container\" data-settings=\"{&quot;background_background&quot;:&quot;classic&quot;}\">\n\t\t\t\t\t<div class=\"e-con-inner\">\n\t\t\t\t<div class=\"elementor-element elementor-element-0adb204 elementor-widget__width-inherit elementor-widget elementor-widget-heading\" data-id=\"0adb204\" data-element_type=\"widget\" data-e-type=\"widget\" data-widget_type=\"heading.default\">\n\t\t\t\t\t<h2 class=\"elementor-heading-title elementor-size-default\">Lima, 20 de noviembre de 2025<\/h2>\t\t\t\t<\/div>\n\t\t\t\t\t<\/div>\n\t\t\t\t<\/div>\n\t\t<div class=\"elementor-element elementor-element-3d587f6 e-flex e-con-boxed e-con e-parent\" data-id=\"3d587f6\" data-element_type=\"container\" data-e-type=\"container\" data-settings=\"{&quot;background_background&quot;:&quot;classic&quot;}\">\n\t\t\t\t\t<div class=\"e-con-inner\">\n\t\t\t\t<div class=\"elementor-element elementor-element-f3a554a elementor-widget__width-inherit elementor-widget elementor-widget-heading\" data-id=\"f3a554a\" data-element_type=\"widget\" data-e-type=\"widget\" data-widget_type=\"heading.default\">\n\t\t\t\t\t<h2 class=\"elementor-heading-title elementor-size-default\">Minera Las Bambas lidera la producci\u00f3n de cobre en Per\u00fa con un 15.3% en septiembre de 2025<\/h2>\t\t\t\t<\/div>\n\t\t\t\t\t<\/div>\n\t\t\t\t<\/div>\n\t\t<div class=\"elementor-element elementor-element-4cbdf46 e-flex e-con-boxed e-con e-parent\" data-id=\"4cbdf46\" data-element_type=\"container\" data-e-type=\"container\" data-settings=\"{&quot;background_background&quot;:&quot;classic&quot;}\">\n\t\t\t\t\t<div class=\"e-con-inner\">\n\t\t\t\t<div class=\"elementor-element elementor-element-62c7776 elementor-widget__width-initial elementor-widget elementor-widget-image\" data-id=\"62c7776\" data-element_type=\"widget\" data-e-type=\"widget\" data-widget_type=\"image.default\">\n\t\t\t\t\t\t\t\t\t\t\t\t\t\t\t<img decoding=\"async\" data-src=\"https:\/\/expocobre.com\/wp-content\/uploads\/2025\/11\/WhatsApp-Image-2025-11-20-at-12.21.41.jpeg\" title=\"minera-las-bambas-produccion-de-cobre-peru-expocobre-2026\" alt=\"minera-las-bambas-produccion-de-cobre-peru-expocobre-2026\" src=\"data:image\/svg+xml;base64,PHN2ZyB3aWR0aD0iMSIgaGVpZ2h0PSIxIiB4bWxucz0iaHR0cDovL3d3dy53My5vcmcvMjAwMC9zdmciPjwvc3ZnPg==\" class=\"lazyload\" style=\"--smush-placeholder-width: 1200px; --smush-placeholder-aspect-ratio: 1200\/750;\" \/>\t\t\t\t\t\t\t\t\t\t\t\t\t\t\t<\/div>\n\t\t\t\t\t<\/div>\n\t\t\t\t<\/div>\n\t\t<div class=\"elementor-element elementor-element-69b25bd e-flex e-con-boxed e-con e-parent\" data-id=\"69b25bd\" data-element_type=\"container\" data-e-type=\"container\" data-settings=\"{&quot;background_background&quot;:&quot;classic&quot;}\">\n\t\t\t\t\t<div class=\"e-con-inner\">\n\t\t\t\t<div class=\"elementor-element elementor-element-a6b7650 elementor-widget-mobile__width-initial elementor-widget elementor-widget-text-editor\" data-id=\"a6b7650\" data-element_type=\"widget\" data-e-type=\"widget\" data-widget_type=\"text-editor.default\">\n\t\t\t\t\t\t\t\t\t<p><strong>Minera Las Bambas<\/strong> reafirm\u00f3 su liderazgo en la industria cupr\u00edfera peruana al consolidarse como la empresa con mayor participaci\u00f3n en la producci\u00f3n nacional de cobre durante septiembre de 2025, alcanzando el 15.3% del total, seg\u00fan el m\u00e1s reciente <strong>Bolet\u00edn Estad\u00edstico Minero del Ministerio de Energ\u00eda y Minas (MINEM)<\/strong>.<\/p><p>El informe forma parte de los principales indicadores sectoriales que marcar\u00e1n la agenda minera nacional rumbo a <strong>Expocobre 2026<\/strong>, uno de los eventos m\u00e1s relevantes del pr\u00f3ximo a\u00f1o para el ecosistema minero. De acuerdo con el BEM, la producci\u00f3n nacional de <strong>cobre<\/strong> lleg\u00f3 a 240,995 TMF en septiembre de 2025, lo que representa un crecimiento del 3.7% frente al mismo mes del a\u00f1o pasado. Este avance estuvo impulsado principalmente por los mejores resultados en <strong>Compa\u00f1\u00eda Minera Antamina<\/strong> (+27.2%) y <strong>Quellaveco<\/strong> (+21.9%).<\/p><p>A nivel acumulado, la producci\u00f3n entre enero y septiembre alcanz\u00f3 1,993,626 TMF, equivalente a un incremento de 2.7% respecto al periodo previo. Estas cifras consolidan un cierre de a\u00f1o clave para el sector, en un contexto donde <strong>Expocobre 2026<\/strong> se perfila como el principal punto de encuentro para empresas y actores estrat\u00e9gicos del pa\u00eds.<\/p><p>El ranking nacional mantuvo en primer lugar a <strong>Las Bambas<\/strong>, seguida de <strong>Cerro Verde<\/strong> (15.12%) y <strong>Southern Per\u00fa<\/strong> (15.06%), las cuales representan en conjunto el 45.5% de todo el cobre producido en Per\u00fa. El desempe\u00f1o de estas compa\u00f1\u00edas destaca en un a\u00f1o marcado por grandes anuncios corporativos y la expectativa generada por actividades vinculadas a <strong>Expocobre 2026<\/strong>, que reunir\u00e1 a l\u00edderes de la miner\u00eda cupr\u00edfera mundial.<\/p><p>A nivel regional, <strong>Moquegua<\/strong> volvi\u00f3 a posicionarse como la regi\u00f3n con mayor aporte a la producci\u00f3n nacional, con 17.7% del total. Le siguen <strong>Apur\u00edmac<\/strong> (15.3%), <strong>Arequipa<\/strong> (15.2%) y <strong>\u00c1ncash<\/strong> (13.8%), regiones clave que concentran el 62.1% de la producci\u00f3n peruana. Este mapa regional adquiere especial relevancia considerando el rol que tendr\u00e1 Per\u00fa frente al mercado mundial del cobre durante un a\u00f1o en que <strong>Expocobre 2026<\/strong> atraer\u00e1 la mirada de empresas y mercados internacionales.<\/p><p>Con estos resultados, el <strong>Per\u00fa<\/strong> reafirma su posici\u00f3n como uno de los principales productores globales de cobre, mineral esencial para la transici\u00f3n energ\u00e9tica y la demanda creciente de tecnolog\u00edas el\u00e9ctricas. La expectativa hacia <strong>Expocobre 2026<\/strong> contribuye, adem\u00e1s, a consolidar al pa\u00eds como un referente en eventos mineros de gran escala.<\/p>\t\t\t\t\t\t\t\t<\/div>\n\t\t\t\t<div class=\"elementor-element elementor-element-dbeb946 elementor-align-center elementor-widget elementor-widget-button\" data-id=\"dbeb946\" data-element_type=\"widget\" data-e-type=\"widget\" data-widget_type=\"button.default\">\n\t\t\t\t\t\t\t\t\t\t<a class=\"elementor-button elementor-button-link elementor-size-sm\" href=\"https:\/\/expocobre.com\/en\/notas-prensa\/\">\n\t\t\t\t\t\t<span class=\"elementor-button-content-wrapper\">\n\t\t\t\t\t\t\t\t\t<span class=\"elementor-button-text\">SEE MORE PRESS RELEASES<\/span>\n\t\t\t\t\t<\/span>\n\t\t\t\t\t<\/a>\n\t\t\t\t\t\t\t\t<\/div>\n\t\t\t\t\t<\/div>\n\t\t\t\t<\/div>\n\t\t<div class=\"elementor-element elementor-element-f1f16e5 e-flex e-con-boxed e-con e-parent\" data-id=\"f1f16e5\" data-element_type=\"container\" data-e-type=\"container\" data-settings=\"{&quot;background_background&quot;:&quot;classic&quot;}\">\n\t\t\t\t\t<div class=\"e-con-inner\">\n\t\t\t\t\t<\/div>\n\t\t\t\t<\/div>\n\t\t\t\t<\/div>","protected":false},"excerpt":{"rendered":"<p>NOTICIAS DE EXPOCOBRE Lima, 20 de noviembre de 2025 Minera Las Bambas lidera la producci\u00f3n de cobre en Per\u00fa con un 15.3% en septiembre de 2025 Minera Las Bambas reafirm\u00f3 su liderazgo en la industria cupr\u00edfera peruana al consolidarse como la empresa con mayor participaci\u00f3n en la producci\u00f3n nacional de cobre durante septiembre de 2025, [&hellip;]<\/p>\n","protected":false},"author":6,"featured_media":0,"parent":0,"menu_order":0,"comment_status":"closed","ping_status":"closed","template":"","meta":{"footnotes":""},"class_list":["post-36155","page","type-page","status-publish","hentry"],"_links":{"self":[{"href":"https:\/\/expocobre.com\/en\/wp-json\/wp\/v2\/pages\/36155","targetHints":{"allow":["GET"]}}],"collection":[{"href":"https:\/\/expocobre.com\/en\/wp-json\/wp\/v2\/pages"}],"about":[{"href":"https:\/\/expocobre.com\/en\/wp-json\/wp\/v2\/types\/page"}],"author":[{"embeddable":true,"href":"https:\/\/expocobre.com\/en\/wp-json\/wp\/v2\/users\/6"}],"replies":[{"embeddable":true,"href":"https:\/\/expocobre.com\/en\/wp-json\/wp\/v2\/comments?post=36155"}],"version-history":[{"count":0,"href":"https:\/\/expocobre.com\/en\/wp-json\/wp\/v2\/pages\/36155\/revisions"}],"wp:attachment":[{"href":"https:\/\/expocobre.com\/en\/wp-json\/wp\/v2\/media?parent=36155"}],"curies":[{"name":"wp","href":"https:\/\/api.w.org\/{rel}","templated":true}]}}