{"id":3748,"date":"2022-10-06T02:39:56","date_gmt":"2022-10-06T02:39:56","guid":{"rendered":"https:\/\/expocobre.com\/?page_id=3748"},"modified":"2026-03-12T15:55:39","modified_gmt":"2026-03-12T15:55:39","slug":"presentacion-cobre-2026","status":"publish","type":"page","link":"https:\/\/expocobre.com\/en\/presentacion-cobre-2026\/","title":{"rendered":"Presentaci\u00f3n Cobre 2026"},"content":{"rendered":"<div data-elementor-type=\"wp-post\" data-elementor-id=\"3748\" class=\"elementor elementor-3748\" data-elementor-post-type=\"page\">\n\t\t\t\t<div class=\"elementor-element elementor-element-4573320 e-con-full e-flex e-con e-parent\" data-id=\"4573320\" data-element_type=\"container\" data-e-type=\"container\" data-settings=\"{&quot;background_background&quot;:&quot;classic&quot;}\">\n\t\t\t\t<div class=\"elementor-element elementor-element-b7a7586 elementor-widget__width-initial elementor-widget elementor-widget-heading\" data-id=\"b7a7586\" data-element_type=\"widget\" data-e-type=\"widget\" data-widget_type=\"heading.default\">\n\t\t\t\t\t<h2 class=\"elementor-heading-title elementor-size-default\">PRESENTACI\u00d3N EXPOCOBRE 2026<\/h2>\t\t\t\t<\/div>\n\t\t\t\t<div class=\"elementor-element elementor-element-81cefe4 elementor-widget__width-initial elementor-widget elementor-widget-heading\" data-id=\"81cefe4\" data-element_type=\"widget\" data-e-type=\"widget\" data-widget_type=\"heading.default\">\n\t\t\t\t\t<h2 class=\"elementor-heading-title elementor-size-default\">EXHIBITION<\/h2>\t\t\t\t<\/div>\n\t\t\t\t<\/div>\n\t\t\t\t<section class=\"elementor-section elementor-top-section elementor-element elementor-element-45e51e66 elementor-section-boxed elementor-section-height-default elementor-section-height-default\" data-id=\"45e51e66\" data-element_type=\"section\" data-e-type=\"section\">\n\t\t\t\t\t\t<div class=\"elementor-container elementor-column-gap-default\">\n\t\t\t\t\t<div class=\"elementor-column elementor-col-100 elementor-top-column elementor-element elementor-element-254e8d17\" data-id=\"254e8d17\" data-element_type=\"column\" data-e-type=\"column\">\n\t\t\t<div class=\"elementor-widget-wrap elementor-element-populated\">\n\t\t\t\t\t\t<div class=\"elementor-element elementor-element-e1b7fde elementor-widget elementor-widget-heading\" data-id=\"e1b7fde\" data-element_type=\"widget\" data-e-type=\"widget\" data-widget_type=\"heading.default\">\n\t\t\t\t\t<h2 class=\"elementor-heading-title elementor-size-default\">EXPOCOBRE 2026<\/h2>\t\t\t\t<\/div>\n\t\t\t\t<div class=\"elementor-element elementor-element-60d63768 elementor-widget elementor-widget-text-editor\" data-id=\"60d63768\" data-element_type=\"widget\" data-e-type=\"widget\" data-widget_type=\"text-editor.default\">\n\t\t\t\t\t\t\t\t\t<p>CONNECT FACE TO FACE WITH TOP SUPPLIERS AND WORLD LEADERS IN COPPER!<\/p>\t\t\t\t\t\t\t\t<\/div>\n\t\t\t\t<div class=\"elementor-element elementor-element-a265486 elementor-widget elementor-widget-text-editor\" data-id=\"a265486\" data-element_type=\"widget\" data-e-type=\"widget\" data-widget_type=\"text-editor.default\">\n\t\t\t\t\t\t\t\t\t<p>Desde su primera edici\u00f3n en 2023, EXPOCOBRE se ha consolidado como el encuentro internacional especializado en la industria del cobre y su cadena de valor, reuniendo a compa\u00f1\u00edas mineras, proveedores, ejecutivos y especialistas del sector.<\/p><p>La feria se ha convertido en una plataforma estrat\u00e9gica para generar negocios, conocer nuevas tecnolog\u00edas y conectar directamente con los principales actores de la industria minera, a trav\u00e9s de la exhibici\u00f3n de maquinarias, equipos, productos, servicios e innovaci\u00f3n para el sector del cobre.<\/p><p>En su 3ra edici\u00f3n, EXPOCOBRE 2026, el evento se realizar\u00e1 del 27 al 29 de abril en el Centro de Exposiciones Jockey, Lima \u2013 Per\u00fa, y ser\u00e1 presidido por el Ing. Jorge Hugo Meza Viveros, Director General de Operaciones de Southern Per\u00fa. Esta edici\u00f3n reunir\u00e1 a m\u00e1s de 200 empresas proveedoras en un espacio de m\u00e1s de 10,000 m\u00b2 de exhibici\u00f3n, consolid\u00e1ndose como uno de los principales puntos de encuentro del sector en la regi\u00f3n.<\/p><p>EXPOCOBRE 2026 ofrecer\u00e1 una plataforma integral que combina feria internacional, conferencias magistrales, paneles de discusi\u00f3n, foros t\u00e9cnicos, charlas comerciales y espacios de networking, generando las condiciones ideales para impulsar nuevos negocios, alianzas estrat\u00e9gicas e intercambio de conocimiento en la industria del cobre.<\/p>\t\t\t\t\t\t\t\t<\/div>\n\t\t\t\t\t<\/div>\n\t\t<\/div>\n\t\t\t\t\t<\/div>\n\t\t<\/section>\n\t\t\t\t<section class=\"elementor-section elementor-top-section elementor-element elementor-element-72df59f6 elementor-section-full_width elementor-section-height-default elementor-section-height-default\" data-id=\"72df59f6\" data-element_type=\"section\" data-e-type=\"section\">\n\t\t\t\t\t\t<div class=\"elementor-container elementor-column-gap-default\">\n\t\t\t\t\t<div class=\"elementor-column elementor-col-50 elementor-top-column elementor-element elementor-element-706001bd\" data-id=\"706001bd\" data-element_type=\"column\" data-e-type=\"column\">\n\t\t\t<div class=\"elementor-widget-wrap elementor-element-populated\">\n\t\t\t\t\t\t<div class=\"elementor-element elementor-element-e10803e elementor-widget elementor-widget-text-editor\" data-id=\"e10803e\" data-element_type=\"widget\" data-e-type=\"widget\" data-widget_type=\"text-editor.default\">\n\t\t\t\t\t\t\t\t\t<p style=\"text-align: left;\"><b>\u00a0 FICHA T\u00c9CNICA EXPOCOBRE 2026<\/b><\/p>\t\t\t\t\t\t\t\t<\/div>\n\t\t\t\t<div class=\"elementor-element elementor-element-302ad76d elementor-widget elementor-widget-text-editor\" data-id=\"302ad76d\" data-element_type=\"widget\" data-e-type=\"widget\" data-widget_type=\"text-editor.default\">\n\t\t\t\t\t\t\t\t\t<p>\u00a0<\/p><table style=\"border-collapse: collapse;\"><tbody><tr><td style=\"border-right: 2px solid #a9a9a9; border-bottom: 2px solid #a9a9a9;\">Co<span style=\"color: #000000;\">ncept<\/span><\/td><td style=\"border-bottom: 2px solid #a9a9a9;\"><span style=\"color: #000000;\">World Copper Conference and International Mining Exhibition<\/span><\/td><\/tr><tr style=\"background-color: #f6ece2;\"><td style=\"border-right: 2px solid #a9a9a9; border-bottom: 2px solid #a9a9a9;\"><span style=\"font-weight: 400;\">Edition<\/span><\/td><td style=\"border-bottom: 2px solid #a9a9a9;\"><span style=\"font-weight: 400;\">3ra Edici\u00f3n<\/span><\/td><\/tr><tr><td style=\"border-right: 2px solid #a9a9a9; border-bottom: 2px solid #a9a9a9;\"><span style=\"font-weight: 400;\">Date<\/span><\/td><td style=\"border-bottom: 2px solid #a9a9a9;\"><span style=\"font-weight: 400;\">Del 27 al 29 de Abril, 2026<\/span><\/td><\/tr><tr style=\"background-color: #f6ece2;\"><td style=\"border-right: 2px solid #a9a9a9; border-bottom: 2px solid #a9a9a9;\"><span style=\"font-weight: 400;\">Place<\/span><\/td><td style=\"border-bottom: 2px solid #a9a9a9;\">Jockey Trade Show Center, Lima - Peru<\/td><\/tr><tr><td style=\"border-right: 2px solid #a9a9a9; border-bottom: 2px solid #a9a9a9;\">\u00a0Exhibition Area<\/td><td style=\"border-bottom: 2px solid #a9a9a9;\">\u00a010,000 mt2 of total area<\/td><\/tr><tr style=\"background-color: #f6ece2;\"><td style=\"border-right: 2px solid #a9a9a9; border-bottom: 2px solid #a9a9a9;\"><span style=\"font-weight: 400;\">Exhibitor Capacity<\/span><\/td><td style=\"border-bottom: 2px solid #a9a9a9;\">+200 commercial stands<\/td><\/tr><tr><td style=\"border-right: 2px solid #a9a9a9; border-bottom: 2px solid #a9a9a9;\"><span style=\"font-weight: 400;\">Assistance<\/span><\/td><td style=\"border-bottom: 2px solid #a9a9a9;\"><span style=\"font-weight: 400;\">+20,000 visitantes<\/span><\/td><\/tr><tr style=\"background-color: #f6ece2;\"><td style=\"border-right: 2px solid #a9a9a9; border-bottom: 2px solid #a9a9a9;\"><span style=\"font-weight: 400;\">Activities in Parallel<\/span><\/td><td style=\"border-bottom: 2px solid #a9a9a9;\"><span style=\"font-weight: 400;\">Keynote Conferences, Technical Mettings, Commercial Talks<\/span><\/td><\/tr><tr><td style=\"border-right: 2px solid #a9a9a9; border-bottom: 2px solid #a9a9a9;\"><span style=\"font-weight: 400;\">Type<\/span><\/td><td style=\"border-bottom: 2px solid #a9a9a9;\">Business and Professional<\/td><\/tr><tr style=\"background-color: #f6ece2;\"><td style=\"border-right: 2px solid #a9a9a9; border-bottom: 2px solid #a9a9a9;\"><span style=\"font-weight: 400;\">Organized By:<\/span><\/td><td style=\"border-bottom: 2px solid #a9a9a9;\">International Metallurgical Consultants &#8211; InterMet \/ www.intermetperu.com\u00a0<\/td><\/tr><\/tbody><\/table>\t\t\t\t\t\t\t\t<\/div>\n\t\t\t\t\t<\/div>\n\t\t<\/div>\n\t\t\t\t<div class=\"elementor-column elementor-col-50 elementor-top-column elementor-element elementor-element-f8ce989\" data-id=\"f8ce989\" data-element_type=\"column\" data-e-type=\"column\" data-settings=\"{&quot;background_background&quot;:&quot;classic&quot;}\">\n\t\t\t<div class=\"elementor-widget-wrap elementor-element-populated\">\n\t\t\t\t\t\t<div class=\"elementor-element elementor-element-07ca4e1 elementor-widget elementor-widget-video\" data-id=\"07ca4e1\" data-element_type=\"widget\" data-e-type=\"widget\" data-settings=\"{&quot;youtube_url&quot;:&quot;https:\\\/\\\/youtu.be\\\/0cebMbgBURc&quot;,&quot;video_type&quot;:&quot;youtube&quot;,&quot;controls&quot;:&quot;yes&quot;}\" data-widget_type=\"video.default\">\n\t\t\t\t\t\t\t<div class=\"elementor-wrapper elementor-open-inline\">\n\t\t\t<div class=\"elementor-video\"><\/div>\t\t<\/div>\n\t\t\t\t\t\t<\/div>\n\t\t\t\t<div class=\"elementor-element elementor-element-52c8c73 elementor-align-center elementor-mobile-align-center elementor-invisible elementor-widget elementor-widget-button\" data-id=\"52c8c73\" data-element_type=\"widget\" data-e-type=\"widget\" data-settings=\"{&quot;_animation&quot;:&quot;fadeInUp&quot;}\" data-widget_type=\"button.default\">\n\t\t\t\t\t\t\t\t\t\t<a class=\"elementor-button elementor-button-link elementor-size-md elementor-animation-bob\" href=\"https:\/\/expocobre.com\/en\/como-ser-exhibidor\/#exhibidor\" target=\"_blank\">\n\t\t\t\t\t\t<span class=\"elementor-button-content-wrapper\">\n\t\t\t\t\t\t\t\t\t<span class=\"elementor-button-text\">BOOK YOUR STAND<\/span>\n\t\t\t\t\t<\/span>\n\t\t\t\t\t<\/a>\n\t\t\t\t\t\t\t\t<\/div>\n\t\t\t\t<div class=\"elementor-element elementor-element-a982b3b elementor-align-center elementor-mobile-align-center elementor-invisible elementor-widget elementor-widget-button\" data-id=\"a982b3b\" data-element_type=\"widget\" data-e-type=\"widget\" data-settings=\"{&quot;_animation&quot;:&quot;fadeInUp&quot;}\" data-widget_type=\"button.default\">\n\t\t\t\t\t\t\t\t\t\t<a class=\"elementor-button elementor-button-link elementor-size-md elementor-animation-bob\" href=\"https:\/\/expocobre.com\/en\/como-ser-exhibidor\/#plano\" target=\"_blank\">\n\t\t\t\t\t\t<span class=\"elementor-button-content-wrapper\">\n\t\t\t\t\t\t\t\t\t<span class=\"elementor-button-text\">DOWNLOAD EXHIBITION PLAN<\/span>\n\t\t\t\t\t<\/span>\n\t\t\t\t\t<\/a>\n\t\t\t\t\t\t\t\t<\/div>\n\t\t\t\t\t<\/div>\n\t\t<\/div>\n\t\t\t\t\t<\/div>\n\t\t<\/section>\n\t\t\t\t<section class=\"elementor-section elementor-top-section elementor-element elementor-element-5bc9eae elementor-section-full_width elementor-section-height-default elementor-section-height-default\" data-id=\"5bc9eae\" data-element_type=\"section\" data-e-type=\"section\">\n\t\t\t\t\t\t<div class=\"elementor-container elementor-column-gap-default\">\n\t\t\t\t\t<div class=\"elementor-column elementor-col-100 elementor-top-column elementor-element elementor-element-61ff5d3\" data-id=\"61ff5d3\" data-element_type=\"column\" data-e-type=\"column\" data-settings=\"{&quot;background_background&quot;:&quot;classic&quot;}\">\n\t\t\t<div class=\"elementor-widget-wrap elementor-element-populated\">\n\t\t\t\t\t\t<div class=\"elementor-element elementor-element-dae1bbc elementor-widget elementor-widget-text-editor\" data-id=\"dae1bbc\" data-element_type=\"widget\" data-e-type=\"widget\" data-widget_type=\"text-editor.default\">\n\t\t\t\t\t\t\t\t\t<p><span style=\"font-family: Poppins; font-size: 20px;\"><i><span style=\"font-weight: 400;\">If you wish to participate, please contact<br \/><\/span><\/i><i><span style=\"font-weight: 400;\">with us, we will be glad to assist you!<\/span><\/i><\/span><\/p>\t\t\t\t\t\t\t\t<\/div>\n\t\t\t\t<section class=\"elementor-section elementor-inner-section elementor-element elementor-element-30c4a02 elementor-section-boxed elementor-section-height-default elementor-section-height-default\" data-id=\"30c4a02\" data-element_type=\"section\" data-e-type=\"section\">\n\t\t\t\t\t\t<div class=\"elementor-container elementor-column-gap-default\">\n\t\t\t\t\t<div class=\"elementor-column elementor-col-20 elementor-inner-column elementor-element elementor-element-8d315ed\" data-id=\"8d315ed\" data-element_type=\"column\" data-e-type=\"column\">\n\t\t\t<div class=\"elementor-widget-wrap elementor-element-populated\">\n\t\t\t\t\t\t<div class=\"elementor-element elementor-element-05bdba2 elementor-align-left elementor-mobile-align-center elementor-invisible elementor-widget elementor-widget-button\" data-id=\"05bdba2\" data-element_type=\"widget\" data-e-type=\"widget\" data-settings=\"{&quot;_animation&quot;:&quot;fadeInUp&quot;}\" data-widget_type=\"button.default\">\n\t\t\t\t\t\t\t\t\t\t<a class=\"elementor-button elementor-button-link elementor-size-md elementor-animation-bob\" href=\"https:\/\/expocobre.com\/en\/auspiciadores\/\">\n\t\t\t\t\t\t<span class=\"elementor-button-content-wrapper\">\n\t\t\t\t\t\t\t\t\t<span class=\"elementor-button-text\">BE A SPONSOR<\/span>\n\t\t\t\t\t<\/span>\n\t\t\t\t\t<\/a>\n\t\t\t\t\t\t\t\t<\/div>\n\t\t\t\t\t<\/div>\n\t\t<\/div>\n\t\t\t\t<div class=\"elementor-column elementor-col-20 elementor-inner-column elementor-element elementor-element-9b93018\" data-id=\"9b93018\" data-element_type=\"column\" data-e-type=\"column\">\n\t\t\t<div class=\"elementor-widget-wrap elementor-element-populated\">\n\t\t\t\t\t\t<div class=\"elementor-element elementor-element-5b977d8 elementor-align-left elementor-mobile-align-center elementor-invisible elementor-widget elementor-widget-button\" data-id=\"5b977d8\" data-element_type=\"widget\" data-e-type=\"widget\" data-settings=\"{&quot;_animation&quot;:&quot;fadeInUp&quot;}\" data-widget_type=\"button.default\">\n\t\t\t\t\t\t\t\t\t\t<a class=\"elementor-button elementor-button-link elementor-size-md elementor-animation-bob\" href=\"https:\/\/expocobre.com\/en\/como-ser-exhibidor\/\">\n\t\t\t\t\t\t<span class=\"elementor-button-content-wrapper\">\n\t\t\t\t\t\t\t\t\t<span class=\"elementor-button-text\">BE AN EXHIBITOR<\/span>\n\t\t\t\t\t<\/span>\n\t\t\t\t\t<\/a>\n\t\t\t\t\t\t\t\t<\/div>\n\t\t\t\t\t<\/div>\n\t\t<\/div>\n\t\t\t\t<div class=\"elementor-column elementor-col-20 elementor-inner-column elementor-element elementor-element-b6ec66e\" data-id=\"b6ec66e\" data-element_type=\"column\" data-e-type=\"column\">\n\t\t\t<div class=\"elementor-widget-wrap elementor-element-populated\">\n\t\t\t\t\t\t<div class=\"elementor-element elementor-element-5eecef6 elementor-align-left elementor-mobile-align-center elementor-invisible elementor-widget elementor-widget-button\" data-id=\"5eecef6\" data-element_type=\"widget\" data-e-type=\"widget\" data-settings=\"{&quot;_animation&quot;:&quot;fadeInUp&quot;}\" data-widget_type=\"button.default\">\n\t\t\t\t\t\t\t\t\t\t<a class=\"elementor-button elementor-button-link elementor-size-md elementor-animation-bob\" href=\"https:\/\/expocobre.com\/en\/resumen-tecnico\/\">\n\t\t\t\t\t\t<span class=\"elementor-button-content-wrapper\">\n\t\t\t\t\t\t\t\t\t<span class=\"elementor-button-text\">I WANT TO PRESENT A TECHNICAL PAPER<\/span>\n\t\t\t\t\t<\/span>\n\t\t\t\t\t<\/a>\n\t\t\t\t\t\t\t\t<\/div>\n\t\t\t\t\t<\/div>\n\t\t<\/div>\n\t\t\t\t<div class=\"elementor-column elementor-col-20 elementor-inner-column elementor-element elementor-element-45fc3f5\" data-id=\"45fc3f5\" data-element_type=\"column\" data-e-type=\"column\">\n\t\t\t<div class=\"elementor-widget-wrap elementor-element-populated\">\n\t\t\t\t\t\t<div class=\"elementor-element elementor-element-af06336 elementor-align-left elementor-mobile-align-center elementor-invisible elementor-widget elementor-widget-button\" data-id=\"af06336\" data-element_type=\"widget\" data-e-type=\"widget\" data-settings=\"{&quot;_animation&quot;:&quot;fadeInUp&quot;}\" data-widget_type=\"button.default\">\n\t\t\t\t\t\t\t\t\t\t<a class=\"elementor-button elementor-button-link elementor-size-md elementor-animation-bob\" href=\"https:\/\/expocobre.com\/en\/charlas-comerciales-3\/\">\n\t\t\t\t\t\t<span class=\"elementor-button-content-wrapper\">\n\t\t\t\t\t\t\t\t\t<span class=\"elementor-button-text\">I WANT TO GIVE A COMMERCIAL TALK<\/span>\n\t\t\t\t\t<\/span>\n\t\t\t\t\t<\/a>\n\t\t\t\t\t\t\t\t<\/div>\n\t\t\t\t\t<\/div>\n\t\t<\/div>\n\t\t\t\t<div class=\"elementor-column elementor-col-20 elementor-inner-column elementor-element elementor-element-ce544a4\" data-id=\"ce544a4\" data-element_type=\"column\" data-e-type=\"column\">\n\t\t\t<div class=\"elementor-widget-wrap elementor-element-populated\">\n\t\t\t\t\t\t<div class=\"elementor-element elementor-element-90e6f3e elementor-align-left elementor-mobile-align-center elementor-invisible elementor-widget elementor-widget-button\" data-id=\"90e6f3e\" data-element_type=\"widget\" data-e-type=\"widget\" data-settings=\"{&quot;_animation&quot;:&quot;fadeInUp&quot;}\" data-widget_type=\"button.default\">\n\t\t\t\t\t\t\t\t\t\t<a class=\"elementor-button elementor-button-link elementor-size-md elementor-animation-bob\" href=\"https:\/\/expocobre.com\/en\/tipos-entradas\/\">\n\t\t\t\t\t\t<span class=\"elementor-button-content-wrapper\">\n\t\t\t\t\t\t\t\t\t<span class=\"elementor-button-text\">BE A VISITOR<\/span>\n\t\t\t\t\t<\/span>\n\t\t\t\t\t<\/a>\n\t\t\t\t\t\t\t\t<\/div>\n\t\t\t\t\t<\/div>\n\t\t<\/div>\n\t\t\t\t\t<\/div>\n\t\t<\/section>\n\t\t\t\t\t<\/div>\n\t\t<\/div>\n\t\t\t\t\t<\/div>\n\t\t<\/section>\n\t\t\t\t<\/div>","protected":false},"excerpt":{"rendered":"<p>PRESENTACI\u00d3N EXPOCOBRE 2026 EXHIBICI\u00d3N EXPOCOBRE 2026 \u00a1CON\u00c9CTATE CARA A CARA CON LOS PROVEEDORES TOP Y LIDERES MUNDIALES DEL COBRE! Desde su primera edici\u00f3n en 2023, EXPOCOBRE se ha consolidado como el encuentro internacional especializado en la industria del cobre y su cadena de valor, reuniendo a compa\u00f1\u00edas mineras, proveedores, ejecutivos y especialistas del sector. La [&hellip;]<\/p>\n","protected":false},"author":1,"featured_media":0,"parent":0,"menu_order":0,"comment_status":"closed","ping_status":"closed","template":"","meta":{"footnotes":""},"class_list":["post-3748","page","type-page","status-publish","hentry"],"_links":{"self":[{"href":"https:\/\/expocobre.com\/en\/wp-json\/wp\/v2\/pages\/3748","targetHints":{"allow":["GET"]}}],"collection":[{"href":"https:\/\/expocobre.com\/en\/wp-json\/wp\/v2\/pages"}],"about":[{"href":"https:\/\/expocobre.com\/en\/wp-json\/wp\/v2\/types\/page"}],"author":[{"embeddable":true,"href":"https:\/\/expocobre.com\/en\/wp-json\/wp\/v2\/users\/1"}],"replies":[{"embeddable":true,"href":"https:\/\/expocobre.com\/en\/wp-json\/wp\/v2\/comments?post=3748"}],"version-history":[{"count":9,"href":"https:\/\/expocobre.com\/en\/wp-json\/wp\/v2\/pages\/3748\/revisions"}],"predecessor-version":[{"id":61756,"href":"https:\/\/expocobre.com\/en\/wp-json\/wp\/v2\/pages\/3748\/revisions\/61756"}],"wp:attachment":[{"href":"https:\/\/expocobre.com\/en\/wp-json\/wp\/v2\/media?parent=3748"}],"curies":[{"name":"wp","href":"https:\/\/api.w.org\/{rel}","templated":true}]}}