{"id":59474,"date":"2026-01-22T21:35:20","date_gmt":"2026-01-22T21:35:20","guid":{"rendered":"https:\/\/expocobre.com\/?page_id=59474"},"modified":"2026-01-22T21:37:04","modified_gmt":"2026-01-22T21:37:04","slug":"la-gran-noche-minera-reunira-a-lideres-del-sector-en-el-lanzamiento-de-expocobre-2026-y-los-congresos-de-intermet","status":"publish","type":"page","link":"https:\/\/expocobre.com\/en\/la-gran-noche-minera-reunira-a-lideres-del-sector-en-el-lanzamiento-de-expocobre-2026-y-los-congresos-de-intermet\/","title":{"rendered":"La Gran Noche Minera reunir\u00e1 a l\u00edderes del sector en el lanzamiento de EXPOCOBRE 2026 y los congresos de InterMet"},"content":{"rendered":"<div data-elementor-type=\"wp-post\" data-elementor-id=\"59474\" class=\"elementor elementor-59474\" data-elementor-post-type=\"page\">\n\t\t\t\t<div class=\"elementor-element elementor-element-10cb0a9 e-flex e-con-boxed e-con e-parent\" data-id=\"10cb0a9\" data-element_type=\"container\" data-e-type=\"container\" data-settings=\"{&quot;background_background&quot;:&quot;classic&quot;}\">\n\t\t\t\t\t<div class=\"e-con-inner\">\n\t\t<div class=\"elementor-element elementor-element-bf82627 e-con-full e-flex e-con e-child\" data-id=\"bf82627\" data-element_type=\"container\" data-e-type=\"container\">\n\t\t\t\t<div class=\"elementor-element elementor-element-eb41308 elementor-widget elementor-widget-heading\" data-id=\"eb41308\" data-element_type=\"widget\" data-e-type=\"widget\" data-widget_type=\"heading.default\">\n\t\t\t\t\t<h2 class=\"elementor-heading-title elementor-size-default\">NEWS \nFROM \nEXPOCOBRE<\/h2>\t\t\t\t<\/div>\n\t\t\t\t<\/div>\n\t\t\t\t\t<\/div>\n\t\t\t\t<\/div>\n\t\t<div class=\"elementor-element elementor-element-a06b6dd e-flex e-con-boxed e-con e-parent\" data-id=\"a06b6dd\" data-element_type=\"container\" data-e-type=\"container\" data-settings=\"{&quot;background_background&quot;:&quot;classic&quot;}\">\n\t\t\t\t\t<div class=\"e-con-inner\">\n\t\t\t\t<div class=\"elementor-element elementor-element-0adb204 elementor-widget__width-inherit elementor-widget elementor-widget-heading\" data-id=\"0adb204\" data-element_type=\"widget\" data-e-type=\"widget\" data-widget_type=\"heading.default\">\n\t\t\t\t\t<h2 class=\"elementor-heading-title elementor-size-default\">Lima, 27 de septiembre de 2025<\/h2>\t\t\t\t<\/div>\n\t\t\t\t\t<\/div>\n\t\t\t\t<\/div>\n\t\t<div class=\"elementor-element elementor-element-3d587f6 e-flex e-con-boxed e-con e-parent\" data-id=\"3d587f6\" data-element_type=\"container\" data-e-type=\"container\" data-settings=\"{&quot;background_background&quot;:&quot;classic&quot;}\">\n\t\t\t\t\t<div class=\"e-con-inner\">\n\t\t\t\t<div class=\"elementor-element elementor-element-f3a554a elementor-widget__width-inherit elementor-widget elementor-widget-heading\" data-id=\"f3a554a\" data-element_type=\"widget\" data-e-type=\"widget\" data-widget_type=\"heading.default\">\n\t\t\t\t\t<h2 class=\"elementor-heading-title elementor-size-default\">La Gran Noche Minera reunir\u00e1 a l\u00edderes del sector en el lanzamiento de EXPOCOBRE 2026 y los congresos de InterMet<\/h2>\t\t\t\t<\/div>\n\t\t\t\t\t<\/div>\n\t\t\t\t<\/div>\n\t\t<div class=\"elementor-element elementor-element-4cbdf46 e-flex e-con-boxed e-con e-parent\" data-id=\"4cbdf46\" data-element_type=\"container\" data-e-type=\"container\" data-settings=\"{&quot;background_background&quot;:&quot;classic&quot;}\">\n\t\t\t\t\t<div class=\"e-con-inner\">\n\t\t\t\t<div class=\"elementor-element elementor-element-62c7776 elementor-widget elementor-widget-image\" data-id=\"62c7776\" data-element_type=\"widget\" data-e-type=\"widget\" data-widget_type=\"image.default\">\n\t\t\t\t\t\t\t\t\t\t\t\t\t\t\t<img fetchpriority=\"high\" decoding=\"async\" width=\"768\" height=\"480\" src=\"https:\/\/expocobre.com\/wp-content\/uploads\/2026\/01\/lanzamiento-3-768x480.jpg\" class=\"attachment-medium_large size-medium_large wp-image-59458\" alt=\"\" srcset=\"https:\/\/expocobre.com\/wp-content\/uploads\/2026\/01\/lanzamiento-3-768x480.jpg 768w, https:\/\/expocobre.com\/wp-content\/uploads\/2026\/01\/lanzamiento-3-300x188.jpg 300w, https:\/\/expocobre.com\/wp-content\/uploads\/2026\/01\/lanzamiento-3-1024x640.jpg 1024w, https:\/\/expocobre.com\/wp-content\/uploads\/2026\/01\/lanzamiento-3-18x12.jpg 18w, https:\/\/expocobre.com\/wp-content\/uploads\/2026\/01\/lanzamiento-3.jpg 1200w\" sizes=\"(max-width: 768px) 100vw, 768px\" \/>\t\t\t\t\t\t\t\t\t\t\t\t\t\t\t<\/div>\n\t\t\t\t\t<\/div>\n\t\t\t\t<\/div>\n\t\t<div class=\"elementor-element elementor-element-69b25bd e-flex e-con-boxed e-con e-parent\" data-id=\"69b25bd\" data-element_type=\"container\" data-e-type=\"container\" data-settings=\"{&quot;background_background&quot;:&quot;classic&quot;}\">\n\t\t\t\t\t<div class=\"e-con-inner\">\n\t\t\t\t<div class=\"elementor-element elementor-element-a6b7650 elementor-widget-mobile__width-initial elementor-widget elementor-widget-text-editor\" data-id=\"a6b7650\" data-element_type=\"widget\" data-e-type=\"widget\" data-widget_type=\"text-editor.default\">\n\t\t\t\t\t\t\t\t\t<ul><li><strong>La agenda de congresos t\u00e9cnicos que InterMet desarrollar\u00e1 en 2026 ser\u00e1 presentada oficialmente junto con EXPOCOBRE 2026 ante actores del sector minero y empresas proveedoras.<\/strong><\/li><li><strong><em>Con un formato de c\u00f3ctel de networking, el encuentro permitir\u00e1 la interacci\u00f3n directa entre ejecutivos mineros, especialistas t\u00e9cnicos y proveedores de bienes y servicios.<\/em><\/strong><\/li><\/ul><p><strong><em>\u00a0<\/em><\/strong><\/p><p><strong><em>Lima, 20 enero de 2026.<\/em><\/strong> Especialistas del sector minero, proveedores estrat\u00e9gicos y representantes de empresas vinculadas a la industria participar\u00e1n en <strong>La Gran Noche Minera<\/strong>, encuentro que marcar\u00e1 el lanzamiento oficial de <strong>EXPOCOBRE 2026<\/strong> y de los congresos t\u00e9cnicos que <strong>InterMet<\/strong> desarrollar\u00e1 a lo largo del a\u00f1o, en un contexto orientado al intercambio profesional y la articulaci\u00f3n sectorial.<\/p><p>El evento se desarrollar\u00e1 el <strong>30 de enero, desde las 7:00 p. m., en el Centro de Convenciones del Parque de la Amistad<\/strong>, ubicado en el distrito de Santiago de Surco, Lima-Per\u00fa. La jornada ha sido concebida como un espacio de encuentro que permitir\u00e1 reunir a actores clave de la miner\u00eda nacional en un ambiente propicio para el di\u00e1logo y la generaci\u00f3n de v\u00ednculos profesionales.<\/p><p><strong>Un espacio de networking <\/strong><\/p><p>La Gran Noche Minera se desarrollar\u00e1 bajo un formato de c\u00f3ctel de networking, lo que facilitar\u00e1 la interacci\u00f3n directa entre ejecutivos de compa\u00f1\u00edas mineras, proveedores de bienes y servicios, consultores y especialistas t\u00e9cnicos, en un momento en el que la industria enfrenta nuevos retos operativos, tecnol\u00f3gicos y de sostenibilidad.<\/p><p>Durante el encuentro se presentar\u00e1n los lineamientos generales de <strong>EXPOCOBRE 2026<\/strong>, as\u00ed como un adelanto de los principales ejes tem\u00e1ticos de los congresos t\u00e9cnicos que <strong>InterMet <\/strong>organizar\u00e1 en los pr\u00f3ximos meses. Estas iniciativas buscar\u00e1n abordar temas clave vinculados a la eficiencia operativa, la gesti\u00f3n de procesos, la innovaci\u00f3n tecnol\u00f3gica y la evoluci\u00f3n de las operaciones mineras.<\/p><p>Entre los congresos que formar\u00e1n parte de la agenda t\u00e9cnica destacan <strong>Aguas y Relaves 2026 (11 y 12 de junio)<\/strong>, <strong>Flotaci\u00f3n 2026 (20 y 21 de agosto)<\/strong>, <strong>Excelencia Operacional 2026<\/strong> y <strong>Miner\u00eda 5.0 (29 y 30 de octubre)<\/strong>, espacios dise\u00f1ados para promover el an\u00e1lisis especializado, el intercambio de experiencias y la difusi\u00f3n de buenas pr\u00e1cticas en distintas \u00e1reas de la actividad minera.<\/p><p><strong>Presencia institucional y agenda t\u00e9cnica 2026<\/strong><\/p><p>El evento contar\u00e1 con la presencia del presidente de <strong>EXPOCOBRE 2026<\/strong>, el Jorge Meza Viveros, Director General de Operaciones de Southern Per\u00fa, quien participar\u00e1 de esta jornada que reunir\u00e1 a referentes del sector y aportar\u00e1 una visi\u00f3n estrat\u00e9gica sobre los desaf\u00edos actuales y las perspectivas de la miner\u00eda.<\/p><p>A trav\u00e9s de La Gran Noche Minera, InterMet busca consolidar un espacio de relacionamiento profesional que permita a los distintos actores de la industria conocer de primera mano la agenda de actividades t\u00e9cnicas previstas para 2026, as\u00ed como los objetivos y alcances de <strong>EXPOCOBRE<\/strong>, considerada una de las principales plataformas de encuentro del sector cupr\u00edfero en el pa\u00eds.<\/p><p>Los interesados en obtener mayor informaci\u00f3n sobre el evento o en participar de esta jornada pueden comunicarse al correo <u>Informes@encuentrometalurgia.com<\/u> o al tel\u00e9fono +51 987 975 959, canales a trav\u00e9s de los cuales se brindar\u00e1n mayores detalles sobre el desarrollo de La Gran Noche Minera y las actividades vinculadas.<\/p><p><strong>Sobre InterMet Per\u00fa<\/strong><\/p><p>InterMet Per\u00fa es una organizaci\u00f3n l\u00edder en la difusi\u00f3n de conocimientos t\u00e9cnicos y tecnol\u00f3gicos para la miner\u00eda. Con una trayectoria consolidada, impulsa eventos de alto nivel que fortalecen redes de negocio, fomentan el aprendizaje y contribuyen al desarrollo del sector minero. EXPOCOBRE es una de sus iniciativas m\u00e1s destacadas, posicionando a Per\u00fa como un pa\u00eds clave en la miner\u00eda mundial.<\/p><p>\u00a0<\/p>\t\t\t\t\t\t\t\t<\/div>\n\t\t\t\t<div class=\"elementor-element elementor-element-dbeb946 elementor-align-center elementor-widget elementor-widget-button\" data-id=\"dbeb946\" data-element_type=\"widget\" data-e-type=\"widget\" data-widget_type=\"button.default\">\n\t\t\t\t\t\t\t\t\t\t<a class=\"elementor-button elementor-button-link elementor-size-sm\" href=\"https:\/\/expocobre.com\/en\/notas-prensa\/\">\n\t\t\t\t\t\t<span class=\"elementor-button-content-wrapper\">\n\t\t\t\t\t\t\t\t\t<span class=\"elementor-button-text\">SEE MORE PRESS RELEASES<\/span>\n\t\t\t\t\t<\/span>\n\t\t\t\t\t<\/a>\n\t\t\t\t\t\t\t\t<\/div>\n\t\t\t\t\t<\/div>\n\t\t\t\t<\/div>\n\t\t<div class=\"elementor-element elementor-element-f1f16e5 e-flex e-con-boxed e-con e-parent\" data-id=\"f1f16e5\" data-element_type=\"container\" data-e-type=\"container\" data-settings=\"{&quot;background_background&quot;:&quot;classic&quot;}\">\n\t\t\t\t\t<div class=\"e-con-inner\">\n\t\t\t\t\t<\/div>\n\t\t\t\t<\/div>\n\t\t\t\t<\/div>","protected":false},"excerpt":{"rendered":"<p>NOTICIAS DE EXPOCOBRE Lima, 27 de septiembre de 2025 La Gran Noche Minera reunir\u00e1 a l\u00edderes del sector en el lanzamiento de EXPOCOBRE 2026 y los congresos de InterMet La agenda de congresos t\u00e9cnicos que InterMet desarrollar\u00e1 en 2026 ser\u00e1 presentada oficialmente junto con EXPOCOBRE 2026 ante actores del sector minero y empresas proveedoras. Con [&hellip;]<\/p>\n","protected":false},"author":6,"featured_media":0,"parent":0,"menu_order":0,"comment_status":"closed","ping_status":"closed","template":"","meta":{"footnotes":""},"class_list":["post-59474","page","type-page","status-publish","hentry"],"_links":{"self":[{"href":"https:\/\/expocobre.com\/en\/wp-json\/wp\/v2\/pages\/59474","targetHints":{"allow":["GET"]}}],"collection":[{"href":"https:\/\/expocobre.com\/en\/wp-json\/wp\/v2\/pages"}],"about":[{"href":"https:\/\/expocobre.com\/en\/wp-json\/wp\/v2\/types\/page"}],"author":[{"embeddable":true,"href":"https:\/\/expocobre.com\/en\/wp-json\/wp\/v2\/users\/6"}],"replies":[{"embeddable":true,"href":"https:\/\/expocobre.com\/en\/wp-json\/wp\/v2\/comments?post=59474"}],"version-history":[{"count":4,"href":"https:\/\/expocobre.com\/en\/wp-json\/wp\/v2\/pages\/59474\/revisions"}],"predecessor-version":[{"id":59478,"href":"https:\/\/expocobre.com\/en\/wp-json\/wp\/v2\/pages\/59474\/revisions\/59478"}],"wp:attachment":[{"href":"https:\/\/expocobre.com\/en\/wp-json\/wp\/v2\/media?parent=59474"}],"curies":[{"name":"wp","href":"https:\/\/api.w.org\/{rel}","templated":true}]}}