{"id":59725,"date":"2026-01-27T15:27:51","date_gmt":"2026-01-27T15:27:51","guid":{"rendered":"https:\/\/expocobre.com\/?page_id=59725"},"modified":"2026-01-27T15:38:45","modified_gmt":"2026-01-27T15:38:45","slug":"expocobre-2026-abre-su-registro-y-anuncia-su-proxima-edicion-en-lima","status":"publish","type":"page","link":"https:\/\/expocobre.com\/en\/expocobre-2026-abre-su-registro-y-anuncia-su-proxima-edicion-en-lima\/","title":{"rendered":"EXPOCOBRE 2026 abre su registro y anuncia su pr\u00f3xima edici\u00f3n en Lima"},"content":{"rendered":"<div data-elementor-type=\"wp-post\" data-elementor-id=\"59725\" class=\"elementor elementor-59725\" data-elementor-post-type=\"page\">\n\t\t\t\t<div class=\"elementor-element elementor-element-10cb0a9 e-flex e-con-boxed e-con e-parent\" data-id=\"10cb0a9\" data-element_type=\"container\" data-e-type=\"container\" data-settings=\"{&quot;background_background&quot;:&quot;classic&quot;}\">\n\t\t\t\t\t<div class=\"e-con-inner\">\n\t\t<div class=\"elementor-element elementor-element-bf82627 e-con-full e-flex e-con e-child\" data-id=\"bf82627\" data-element_type=\"container\" data-e-type=\"container\">\n\t\t\t\t<div class=\"elementor-element elementor-element-eb41308 elementor-widget elementor-widget-heading\" data-id=\"eb41308\" data-element_type=\"widget\" data-e-type=\"widget\" data-widget_type=\"heading.default\">\n\t\t\t\t\t<h2 class=\"elementor-heading-title elementor-size-default\">NOTICIAS \nDE \nEXPOCOBRE - RADIO M\u00c1GICA<\/h2>\t\t\t\t<\/div>\n\t\t\t\t<\/div>\n\t\t\t\t\t<\/div>\n\t\t\t\t<\/div>\n\t\t<div class=\"elementor-element elementor-element-a06b6dd e-flex e-con-boxed e-con e-parent\" data-id=\"a06b6dd\" data-element_type=\"container\" data-e-type=\"container\" data-settings=\"{&quot;background_background&quot;:&quot;classic&quot;}\">\n\t\t\t\t\t<div class=\"e-con-inner\">\n\t\t\t\t<div class=\"elementor-element elementor-element-0adb204 elementor-widget__width-inherit elementor-widget elementor-widget-heading\" data-id=\"0adb204\" data-element_type=\"widget\" data-e-type=\"widget\" data-widget_type=\"heading.default\">\n\t\t\t\t\t<h2 class=\"elementor-heading-title elementor-size-default\">Lima, 19 de enero de 2026<\/h2>\t\t\t\t<\/div>\n\t\t\t\t\t<\/div>\n\t\t\t\t<\/div>\n\t\t<div class=\"elementor-element elementor-element-3d587f6 e-flex e-con-boxed e-con e-parent\" data-id=\"3d587f6\" data-element_type=\"container\" data-e-type=\"container\" data-settings=\"{&quot;background_background&quot;:&quot;classic&quot;}\">\n\t\t\t\t\t<div class=\"e-con-inner\">\n\t\t\t\t<div class=\"elementor-element elementor-element-f3a554a elementor-widget__width-inherit elementor-widget elementor-widget-heading\" data-id=\"f3a554a\" data-element_type=\"widget\" data-e-type=\"widget\" data-widget_type=\"heading.default\">\n\t\t\t\t\t<h2 class=\"elementor-heading-title elementor-size-default\">EXPOCOBRE 2026 abre su registro y anuncia su pr\u00f3xima edici\u00f3n en Lima\n<\/h2>\t\t\t\t<\/div>\n\t\t\t\t\t<\/div>\n\t\t\t\t<\/div>\n\t\t<div class=\"elementor-element elementor-element-4cbdf46 e-flex e-con-boxed e-con e-parent\" data-id=\"4cbdf46\" data-element_type=\"container\" data-e-type=\"container\" data-settings=\"{&quot;background_background&quot;:&quot;classic&quot;}\">\n\t\t\t\t\t<div class=\"e-con-inner\">\n\t\t\t\t<div class=\"elementor-element elementor-element-62c7776 elementor-widget elementor-widget-image\" data-id=\"62c7776\" data-element_type=\"widget\" data-e-type=\"widget\" data-widget_type=\"image.default\">\n\t\t\t\t\t\t\t\t\t\t\t\t\t\t\t<img fetchpriority=\"high\" decoding=\"async\" width=\"768\" height=\"422\" src=\"https:\/\/expocobre.com\/wp-content\/uploads\/2026\/01\/696e63b8dda9a-768x422.jpg\" class=\"attachment-medium_large size-medium_large wp-image-59728\" alt=\"\" srcset=\"https:\/\/expocobre.com\/wp-content\/uploads\/2026\/01\/696e63b8dda9a-768x422.jpg 768w, https:\/\/expocobre.com\/wp-content\/uploads\/2026\/01\/696e63b8dda9a-300x165.jpg 300w, https:\/\/expocobre.com\/wp-content\/uploads\/2026\/01\/696e63b8dda9a-18x10.jpg 18w, https:\/\/expocobre.com\/wp-content\/uploads\/2026\/01\/696e63b8dda9a.jpg 1000w\" sizes=\"(max-width: 768px) 100vw, 768px\" \/>\t\t\t\t\t\t\t\t\t\t\t\t\t\t\t<\/div>\n\t\t\t\t<div class=\"elementor-element elementor-element-246d0f1 elementor-widget elementor-widget-text-editor\" data-id=\"246d0f1\" data-element_type=\"widget\" data-e-type=\"widget\" data-widget_type=\"text-editor.default\">\n\t\t\t\t\t\t\t\t\t<figure class=\"aiir-c-news-figure\"><figcaption class=\"aiir-c-news-figure__caption\">La feria est\u00e1 dirigida a\u00a0ejecutivos mineros, ingenieros, gerentes, inversionistas, proveedores, consultores y profesionales del sector. Foto: Difusi\u00f3n<\/figcaption><\/figure>\t\t\t\t\t\t\t\t<\/div>\n\t\t\t\t\t<\/div>\n\t\t\t\t<\/div>\n\t\t<div class=\"elementor-element elementor-element-69b25bd e-flex e-con-boxed e-con e-parent\" data-id=\"69b25bd\" data-element_type=\"container\" data-e-type=\"container\" data-settings=\"{&quot;background_background&quot;:&quot;classic&quot;}\">\n\t\t\t\t\t<div class=\"e-con-inner\">\n\t\t\t\t<div class=\"elementor-element elementor-element-a6b7650 elementor-widget-mobile__width-initial elementor-widget elementor-widget-text-editor\" data-id=\"a6b7650\" data-element_type=\"widget\" data-e-type=\"widget\" data-widget_type=\"text-editor.default\">\n\t\t\t\t\t\t\t\t\t<p class=\"aiir-c-news-article__abstract\"><strong>EXPOCOBRE 2026 abri\u00f3 su registro para visitantes y se realizar\u00e1 del 27 al 29 de abril en Lima, reuniendo a los principales actores de la industria del cobre.<\/strong><\/p><p>La industria minera del cobre se prepara para uno de los eventos m\u00e1s relevantes del calendario internacional.<strong>\u00a0EXPOCOBRE 2026<\/strong>, la feria minera especializada m\u00e1s importante del sector, abri\u00f3 oficialmente su registro para visitantes, convocando a profesionales, empresas y representantes de toda la cadena de valor minera.\u00a0<\/p><p>El evento se desarrollar\u00e1\u00a0del 27 al 29 de abril de 2026\u00a0en el\u00a0Centro de Exposiciones Jockey, en Lima, y reunir\u00e1 a ejecutivos, especialistas y proveedores vinculados al sector cupr\u00edfero, con una agenda enfocada en an\u00e1lisis, innovaci\u00f3n, desarrollo tecnol\u00f3gico y oportunidades de negocio.\u00a0<\/p>\t\t\t\t\t\t\t\t<\/div>\n\t\t\t\t<div class=\"elementor-element elementor-element-1dbce44 elementor-widget elementor-widget-image\" data-id=\"1dbce44\" data-element_type=\"widget\" data-e-type=\"widget\" data-widget_type=\"image.default\">\n\t\t\t\t\t\t\t\t\t\t\t\t\t\t\t<img decoding=\"async\" width=\"800\" height=\"440\" data-src=\"https:\/\/expocobre.com\/wp-content\/uploads\/2026\/01\/696e644a6bf18.jpg\" class=\"attachment-large size-large wp-image-59729 lazyload\" alt=\"\" data-srcset=\"https:\/\/expocobre.com\/wp-content\/uploads\/2026\/01\/696e644a6bf18.jpg 1000w, https:\/\/expocobre.com\/wp-content\/uploads\/2026\/01\/696e644a6bf18-300x165.jpg 300w, https:\/\/expocobre.com\/wp-content\/uploads\/2026\/01\/696e644a6bf18-768x422.jpg 768w, https:\/\/expocobre.com\/wp-content\/uploads\/2026\/01\/696e644a6bf18-18x10.jpg 18w\" data-sizes=\"(max-width: 800px) 100vw, 800px\" src=\"data:image\/svg+xml;base64,PHN2ZyB3aWR0aD0iMSIgaGVpZ2h0PSIxIiB4bWxucz0iaHR0cDovL3d3dy53My5vcmcvMjAwMC9zdmciPjwvc3ZnPg==\" style=\"--smush-placeholder-width: 800px; --smush-placeholder-aspect-ratio: 800\/440;\" \/>\t\t\t\t\t\t\t\t\t\t\t\t\t\t\t<\/div>\n\t\t\t\t<div class=\"elementor-element elementor-element-e5cd97d elementor-widget-mobile__width-initial elementor-widget elementor-widget-text-editor\" data-id=\"e5cd97d\" data-element_type=\"widget\" data-e-type=\"widget\" data-widget_type=\"text-editor.default\">\n\t\t\t\t\t\t\t\t\t<p>Durante los tres d\u00edas de feria,\u00a0<strong>EXPOCOBRE 2026<\/strong>\u00a0contar\u00e1 con\u00a0Conferencias Magistrales,\u00a0Paneles de Discusi\u00f3n, presentaci\u00f3n de\u00a0trabajos t\u00e9cnicos,\u00a0charlas comerciales, actividades de\u00a0networking\u00a0internacional\u00a0y una\u00a0exhibici\u00f3n especializada de stands, donde empresas nacionales e internacionales presentar\u00e1n soluciones y tecnolog\u00edas aplicadas a la miner\u00eda.\u00a0<\/p><p>La feria est\u00e1 dirigida a\u00a0ejecutivos mineros, ingenieros, gerentes, inversionistas, proveedores, consultores y profesionales del sector, as\u00ed como a empresas interesadas en fortalecer su posicionamiento y generar v\u00ednculos comerciales en un mercado cada vez m\u00e1s competitivo.\u00a0<\/p>\t\t\t\t\t\t\t\t<\/div>\n\t\t\t\t<div class=\"elementor-element elementor-element-3deeaad elementor-widget elementor-widget-image\" data-id=\"3deeaad\" data-element_type=\"widget\" data-e-type=\"widget\" data-widget_type=\"image.default\">\n\t\t\t\t\t\t\t\t\t\t\t\t\t\t\t<img decoding=\"async\" width=\"800\" height=\"440\" data-src=\"https:\/\/expocobre.com\/wp-content\/uploads\/2026\/01\/NP-RADIO-MAGICA-1.jpg\" class=\"attachment-large size-large wp-image-59724 lazyload\" alt=\"\" data-srcset=\"https:\/\/expocobre.com\/wp-content\/uploads\/2026\/01\/NP-RADIO-MAGICA-1.jpg 1000w, https:\/\/expocobre.com\/wp-content\/uploads\/2026\/01\/NP-RADIO-MAGICA-1-300x165.jpg 300w, https:\/\/expocobre.com\/wp-content\/uploads\/2026\/01\/NP-RADIO-MAGICA-1-768x422.jpg 768w, https:\/\/expocobre.com\/wp-content\/uploads\/2026\/01\/NP-RADIO-MAGICA-1-18x10.jpg 18w\" data-sizes=\"(max-width: 800px) 100vw, 800px\" src=\"data:image\/svg+xml;base64,PHN2ZyB3aWR0aD0iMSIgaGVpZ2h0PSIxIiB4bWxucz0iaHR0cDovL3d3dy53My5vcmcvMjAwMC9zdmciPjwvc3ZnPg==\" style=\"--smush-placeholder-width: 800px; --smush-placeholder-aspect-ratio: 800\/440;\" \/>\t\t\t\t\t\t\t\t\t\t\t\t\t\t\t<\/div>\n\t\t\t\t<div class=\"elementor-element elementor-element-700c959 elementor-widget-mobile__width-initial elementor-widget elementor-widget-text-editor\" data-id=\"700c959\" data-element_type=\"widget\" data-e-type=\"widget\" data-widget_type=\"text-editor.default\">\n\t\t\t\t\t\t\t\t\t<p>El registro para visitantes ya se encuentra habilitado y los interesados pueden\u00a0elegir el tipo de entrada\u00a0de acuerdo con su perfil de participaci\u00f3n.\u00a0<\/p><p>\ud83d\udc49\u00a0M\u00e1s informaci\u00f3n y tipos de entradas:\u00a0<\/p><p>\ud83d\udcf2\u00a0WhatsApp:\u00a0<a href=\"https:\/\/api.whatsapp.com\/send\/?phone=%2B51960995971&amp;text&amp;type=phone_number&amp;app_absent=0\" target=\"_self\">wa.me\/+51960995971<\/a>\u00a0\u00a0<\/p><p><a href=\"https:\/\/expocobre.com\/en\/tipos-entradas\/\" target=\"_blank\" rel=\"noreferrer noopener\">https:\/\/expocobre.com\/tipos-entradas\/<\/a>\u00a0<\/p><p>Visita sus redes sociales:\u00a0<\/p><p>LINKEDIN:\u00a0<a href=\"https:\/\/www.linkedin.com\/showcase\/expocobre\/posts\/\" target=\"_blank\" rel=\"noreferrer noopener\">https:\/\/www.linkedin.com\/showcase\/expocobre\/posts\/<\/a>\u00a0<\/p><p>INSTAGRAM:\u00a0<a href=\"https:\/\/www.instagram.com\/expocobre\/\" target=\"_blank\" rel=\"noreferrer noopener\">https:\/\/www.instagram.com\/expocobre\/<\/a>\u00a0<\/p><p>FACEBOOK:\u00a0<a href=\"https:\/\/www.facebook.com\/profile.php?id=61550478777488\" target=\"_blank\" rel=\"noreferrer noopener\">https:\/\/www.facebook.com\/profile.php?id=61550478777488<\/a>\u00a0<\/p><article data-controller=\"injector\" data-injector-html-value=\"&lt;div class=&quot;aiir-c-news-article__mid-article&quot;&gt;&lt;div class=&quot;gm-adpos&quot;      data-ads-target=&quot;pos&quot;      data-pos-id=&quot;10897&quot;      id=&quot;ad-pos-10897&quot; &gt;&lt;\/div&gt;&lt;\/div&gt;\" data-injector-interval-value=\"3\"><article data-controller=\"injector\" data-injector-html-value=\"&lt;div class=&quot;aiir-c-news-article__mid-article&quot;&gt;&lt;div class=&quot;gm-adpos&quot;      data-ads-target=&quot;pos&quot;      data-pos-id=&quot;10897&quot;      id=&quot;ad-pos-10897&quot; &gt;&lt;\/div&gt;&lt;\/div&gt;\" data-injector-interval-value=\"3\"><article data-controller=\"injector\" data-injector-html-value=\"&lt;div class=&quot;aiir-c-news-article__mid-article&quot;&gt;&lt;div class=&quot;gm-adpos&quot;      data-ads-target=&quot;pos&quot;      data-pos-id=&quot;10897&quot;      id=&quot;ad-pos-10897&quot; &gt;&lt;\/div&gt;&lt;\/div&gt;\" data-injector-interval-value=\"3\"><article data-controller=\"injector\" data-injector-html-value=\"&lt;div class=&quot;aiir-c-news-article__mid-article&quot;&gt;&lt;div class=&quot;gm-adpos&quot;      data-ads-target=&quot;pos&quot;      data-pos-id=&quot;10897&quot;      id=&quot;ad-pos-10897&quot; &gt;&lt;\/div&gt;&lt;\/div&gt;\" data-injector-interval-value=\"3\"><article data-controller=\"injector\" data-injector-html-value=\"&lt;div class=&quot;aiir-c-news-article__mid-article&quot;&gt;&lt;div class=&quot;gm-adpos&quot;      data-ads-target=&quot;pos&quot;      data-pos-id=&quot;10897&quot;      id=&quot;ad-pos-10897&quot; &gt;&lt;\/div&gt;&lt;\/div&gt;\" data-injector-interval-value=\"3\"><article data-controller=\"injector\" data-injector-html-value=\"&lt;div class=&quot;aiir-c-news-article__mid-article&quot;&gt;&lt;div class=&quot;gm-adpos&quot;      data-ads-target=&quot;pos&quot;      data-pos-id=&quot;10897&quot;      id=&quot;ad-pos-10897&quot; &gt;&lt;\/div&gt;&lt;\/div&gt;\" data-injector-interval-value=\"3\"><p><strong>\u00a1Escucha Radio M\u00e1gica, tu m\u00fasica del recuerdo en ingl\u00e9s, en vivo en\u00a0<a href=\"https:\/\/www.oigo.com\/magica\/radioenvivo\/\" target=\"_self\">OIGO, nuestra app oficial<\/a>\u00a0y ent\u00e9rate de las \u00faltimas noticias de tus artistas favoritos y su m\u00fasica!<\/strong><\/p><\/article><\/article><\/article><\/article><\/article><\/article>\t\t\t\t\t\t\t\t<\/div>\n\t\t\t\t<div class=\"elementor-element elementor-element-dbeb946 elementor-align-center elementor-widget__width-initial elementor-widget elementor-widget-button\" data-id=\"dbeb946\" data-element_type=\"widget\" data-e-type=\"widget\" data-widget_type=\"button.default\">\n\t\t\t\t\t\t\t\t\t\t<a class=\"elementor-button elementor-button-link elementor-size-sm\" href=\"https:\/\/expocobre.com\/en\/notas-prensa\/\">\n\t\t\t\t\t\t<span class=\"elementor-button-content-wrapper\">\n\t\t\t\t\t\t\t\t\t<span class=\"elementor-button-text\">SEE MORE PRESS RELEASES<\/span>\n\t\t\t\t\t<\/span>\n\t\t\t\t\t<\/a>\n\t\t\t\t\t\t\t\t<\/div>\n\t\t\t\t<div class=\"elementor-element elementor-element-de1a3fb elementor-align-center elementor-widget__width-initial elementor-widget elementor-widget-button\" data-id=\"de1a3fb\" data-element_type=\"widget\" data-e-type=\"widget\" data-widget_type=\"button.default\">\n\t\t\t\t\t\t\t\t\t\t<a class=\"elementor-button elementor-button-link elementor-size-sm\" href=\"https:\/\/www.radiomagica.pe\/noticias\/actualidad\/expocobre-2026-abre-su-registro-y-anuncia-su-proxima-edicion-en-lima\/\" target=\"_blank\">\n\t\t\t\t\t\t<span class=\"elementor-button-content-wrapper\">\n\t\t\t\t\t\t\t\t\t<span class=\"elementor-button-text\">RADIO M\u00c1GICA<\/span>\n\t\t\t\t\t<\/span>\n\t\t\t\t\t<\/a>\n\t\t\t\t\t\t\t\t<\/div>\n\t\t\t\t\t<\/div>\n\t\t\t\t<\/div>\n\t\t<div class=\"elementor-element elementor-element-f1f16e5 e-flex e-con-boxed e-con e-parent\" data-id=\"f1f16e5\" data-element_type=\"container\" data-e-type=\"container\" data-settings=\"{&quot;background_background&quot;:&quot;classic&quot;}\">\n\t\t\t\t\t<div class=\"e-con-inner\">\n\t\t\t\t\t<\/div>\n\t\t\t\t<\/div>\n\t\t\t\t<\/div>","protected":false},"excerpt":{"rendered":"<p>NOTICIAS DE EXPOCOBRE &#8211; RADIO M\u00c1GICA Lima, 19 de enero de 2026 EXPOCOBRE 2026 abre su registro y anuncia su pr\u00f3xima edici\u00f3n en Lima La feria est\u00e1 dirigida a\u00a0ejecutivos mineros, ingenieros, gerentes, inversionistas, proveedores, consultores y profesionales del sector. Foto: Difusi\u00f3n EXPOCOBRE 2026 abri\u00f3 su registro para visitantes y se realizar\u00e1 del 27 al 29 [&hellip;]<\/p>\n","protected":false},"author":6,"featured_media":0,"parent":0,"menu_order":0,"comment_status":"closed","ping_status":"closed","template":"","meta":{"footnotes":""},"class_list":["post-59725","page","type-page","status-publish","hentry"],"_links":{"self":[{"href":"https:\/\/expocobre.com\/en\/wp-json\/wp\/v2\/pages\/59725","targetHints":{"allow":["GET"]}}],"collection":[{"href":"https:\/\/expocobre.com\/en\/wp-json\/wp\/v2\/pages"}],"about":[{"href":"https:\/\/expocobre.com\/en\/wp-json\/wp\/v2\/types\/page"}],"author":[{"embeddable":true,"href":"https:\/\/expocobre.com\/en\/wp-json\/wp\/v2\/users\/6"}],"replies":[{"embeddable":true,"href":"https:\/\/expocobre.com\/en\/wp-json\/wp\/v2\/comments?post=59725"}],"version-history":[{"count":7,"href":"https:\/\/expocobre.com\/en\/wp-json\/wp\/v2\/pages\/59725\/revisions"}],"predecessor-version":[{"id":59755,"href":"https:\/\/expocobre.com\/en\/wp-json\/wp\/v2\/pages\/59725\/revisions\/59755"}],"wp:attachment":[{"href":"https:\/\/expocobre.com\/en\/wp-json\/wp\/v2\/media?parent=59725"}],"curies":[{"name":"wp","href":"https:\/\/api.w.org\/{rel}","templated":true}]}}