{"id":59738,"date":"2026-01-27T15:35:53","date_gmt":"2026-01-27T15:35:53","guid":{"rendered":"https:\/\/expocobre.com\/?page_id=59738"},"modified":"2026-01-27T15:38:17","modified_gmt":"2026-01-27T15:38:17","slug":"los-principales-proveedores-del-sector-minero-apuestan-por-expocobre-2026","status":"publish","type":"page","link":"https:\/\/expocobre.com\/en\/los-principales-proveedores-del-sector-minero-apuestan-por-expocobre-2026\/","title":{"rendered":"Los principales proveedores del sector minero apuestan por EXPOCOBRE 2026"},"content":{"rendered":"<div data-elementor-type=\"wp-post\" data-elementor-id=\"59738\" class=\"elementor elementor-59738\" data-elementor-post-type=\"page\">\n\t\t\t\t<div class=\"elementor-element elementor-element-10cb0a9 e-flex e-con-boxed e-con e-parent\" data-id=\"10cb0a9\" data-element_type=\"container\" data-e-type=\"container\" data-settings=\"{&quot;background_background&quot;:&quot;classic&quot;}\">\n\t\t\t\t\t<div class=\"e-con-inner\">\n\t\t<div class=\"elementor-element elementor-element-bf82627 e-con-full e-flex e-con e-child\" data-id=\"bf82627\" data-element_type=\"container\" data-e-type=\"container\">\n\t\t\t\t<div class=\"elementor-element elementor-element-eb41308 elementor-widget elementor-widget-heading\" data-id=\"eb41308\" data-element_type=\"widget\" data-e-type=\"widget\" data-widget_type=\"heading.default\">\n\t\t\t\t\t<h2 class=\"elementor-heading-title elementor-size-default\">NOTICIAS \nDE \nEXPOCOBRE - RADIO M\u00c1GICA<\/h2>\t\t\t\t<\/div>\n\t\t\t\t<\/div>\n\t\t\t\t\t<\/div>\n\t\t\t\t<\/div>\n\t\t<div class=\"elementor-element elementor-element-a06b6dd e-flex e-con-boxed e-con e-parent\" data-id=\"a06b6dd\" data-element_type=\"container\" data-e-type=\"container\" data-settings=\"{&quot;background_background&quot;:&quot;classic&quot;}\">\n\t\t\t\t\t<div class=\"e-con-inner\">\n\t\t\t\t<div class=\"elementor-element elementor-element-0adb204 elementor-widget__width-inherit elementor-widget elementor-widget-heading\" data-id=\"0adb204\" data-element_type=\"widget\" data-e-type=\"widget\" data-widget_type=\"heading.default\">\n\t\t\t\t\t<h2 class=\"elementor-heading-title elementor-size-default\">Lima, 26 de enero de 2026<\/h2>\t\t\t\t<\/div>\n\t\t\t\t\t<\/div>\n\t\t\t\t<\/div>\n\t\t<div class=\"elementor-element elementor-element-3d587f6 e-flex e-con-boxed e-con e-parent\" data-id=\"3d587f6\" data-element_type=\"container\" data-e-type=\"container\" data-settings=\"{&quot;background_background&quot;:&quot;classic&quot;}\">\n\t\t\t\t\t<div class=\"e-con-inner\">\n\t\t\t\t<div class=\"elementor-element elementor-element-f3a554a elementor-widget__width-inherit elementor-widget elementor-widget-heading\" data-id=\"f3a554a\" data-element_type=\"widget\" data-e-type=\"widget\" data-widget_type=\"heading.default\">\n\t\t\t\t\t<h2 class=\"elementor-heading-title elementor-size-default\">Los principales proveedores del sector minero apuestan por EXPOCOBRE 2026\n<\/h2>\t\t\t\t<\/div>\n\t\t\t\t\t<\/div>\n\t\t\t\t<\/div>\n\t\t<div class=\"elementor-element elementor-element-4cbdf46 e-flex e-con-boxed e-con e-parent\" data-id=\"4cbdf46\" data-element_type=\"container\" data-e-type=\"container\" data-settings=\"{&quot;background_background&quot;:&quot;classic&quot;}\">\n\t\t\t\t\t<div class=\"e-con-inner\">\n\t\t\t\t<div class=\"elementor-element elementor-element-62c7776 elementor-widget elementor-widget-image\" data-id=\"62c7776\" data-element_type=\"widget\" data-e-type=\"widget\" data-widget_type=\"image.default\">\n\t\t\t\t\t\t\t\t\t\t\t\t\t\t\t<img fetchpriority=\"high\" decoding=\"async\" width=\"768\" height=\"422\" src=\"https:\/\/expocobre.com\/wp-content\/uploads\/2026\/01\/6977f04c8c517-768x422.jpg\" class=\"attachment-medium_large size-medium_large wp-image-59737\" alt=\"\" srcset=\"https:\/\/expocobre.com\/wp-content\/uploads\/2026\/01\/6977f04c8c517-768x422.jpg 768w, https:\/\/expocobre.com\/wp-content\/uploads\/2026\/01\/6977f04c8c517-300x165.jpg 300w, https:\/\/expocobre.com\/wp-content\/uploads\/2026\/01\/6977f04c8c517-18x10.jpg 18w, https:\/\/expocobre.com\/wp-content\/uploads\/2026\/01\/6977f04c8c517.jpg 1000w\" sizes=\"(max-width: 768px) 100vw, 768px\" \/>\t\t\t\t\t\t\t\t\t\t\t\t\t\t\t<\/div>\n\t\t\t\t<div class=\"elementor-element elementor-element-246d0f1 elementor-widget elementor-widget-text-editor\" data-id=\"246d0f1\" data-element_type=\"widget\" data-e-type=\"widget\" data-widget_type=\"text-editor.default\">\n\t\t\t\t\t\t\t\t\t<figure class=\"aiir-c-news-figure\"><figcaption class=\"aiir-c-news-figure__caption\"><figure class=\"aiir-c-news-figure\"><figcaption class=\"aiir-c-news-figure__caption\">El EXPOCOBRE se realizar\u00e1 el 27, 28 y 29 de abril del 2026. (Foto: EXPOCOBRE)<\/figcaption><\/figure><\/figcaption><\/figure>\t\t\t\t\t\t\t\t<\/div>\n\t\t\t\t\t<\/div>\n\t\t\t\t<\/div>\n\t\t<div class=\"elementor-element elementor-element-69b25bd e-flex e-con-boxed e-con e-parent\" data-id=\"69b25bd\" data-element_type=\"container\" data-e-type=\"container\" data-settings=\"{&quot;background_background&quot;:&quot;classic&quot;}\">\n\t\t\t\t\t<div class=\"e-con-inner\">\n\t\t\t\t<div class=\"elementor-element elementor-element-a6b7650 elementor-widget-mobile__width-initial elementor-widget elementor-widget-text-editor\" data-id=\"a6b7650\" data-element_type=\"widget\" data-e-type=\"widget\" data-widget_type=\"text-editor.default\">\n\t\t\t\t\t\t\t\t\t<p class=\"aiir-c-news-article__abstract\">La tercera edici\u00f3n de EXPOCOBRE 2026 se realizar\u00e1 en el Centro de Exposiciones Jockey del 27 al 29 de abril.<\/p><p>Las principales marcas proveedoras del sector minero ya han confirmado su participaci\u00f3n en\u00a0<strong>EXPOCOBRE 2026<\/strong>, la feria minera especializada en cobre que se consolida como el escenario clave para los negocios, el posicionamiento de marca y la generaci\u00f3n de oportunidades comerciales en el Per\u00fa y la regi\u00f3n.<\/p><p>En su tercera edici\u00f3n,\u00a0<strong>EXPOCOBRE 2026<\/strong> ser\u00e1 una edici\u00f3n especial, dise\u00f1ada para marcar un antes y un despu\u00e9s dentro del sector, reuniendo a las compa\u00f1\u00edas mineras de cobre m\u00e1s importantes, junto a las marcas proveedoras m\u00e1s representativas de la industria.<\/p><p>El evento se realizar\u00e1 del 27 al 29 de abril, en el\u00a0<strong>Jockey Trade Show Center<\/strong>, en Lima, Per\u00fa, y ser\u00e1 presidido por el<strong>\u00a0Ing. Jorge Hugo Meza<\/strong>\u00a0<strong>Viveros, Director General de Operaciones de Southern Per\u00fa<\/strong>, una de las compa\u00f1\u00edas mineras m\u00e1s relevantes del pa\u00eds.<\/p>\t\t\t\t\t\t\t\t<\/div>\n\t\t\t\t<div class=\"elementor-element elementor-element-1dbce44 elementor-widget elementor-widget-image\" data-id=\"1dbce44\" data-element_type=\"widget\" data-e-type=\"widget\" data-widget_type=\"image.default\">\n\t\t\t\t\t\t\t\t\t\t\t\t\t\t\t<img decoding=\"async\" width=\"800\" height=\"440\" data-src=\"https:\/\/expocobre.com\/wp-content\/uploads\/2026\/01\/6977f04876d78.jpg\" class=\"attachment-large size-large wp-image-59744 lazyload\" alt=\"\" data-srcset=\"https:\/\/expocobre.com\/wp-content\/uploads\/2026\/01\/6977f04876d78.jpg 1000w, https:\/\/expocobre.com\/wp-content\/uploads\/2026\/01\/6977f04876d78-300x165.jpg 300w, https:\/\/expocobre.com\/wp-content\/uploads\/2026\/01\/6977f04876d78-768x422.jpg 768w, https:\/\/expocobre.com\/wp-content\/uploads\/2026\/01\/6977f04876d78-18x10.jpg 18w\" data-sizes=\"(max-width: 800px) 100vw, 800px\" src=\"data:image\/svg+xml;base64,PHN2ZyB3aWR0aD0iMSIgaGVpZ2h0PSIxIiB4bWxucz0iaHR0cDovL3d3dy53My5vcmcvMjAwMC9zdmciPjwvc3ZnPg==\" style=\"--smush-placeholder-width: 800px; --smush-placeholder-aspect-ratio: 800\/440;\" \/>\t\t\t\t\t\t\t\t\t\t\t\t\t\t\t<\/div>\n\t\t\t\t<div class=\"elementor-element elementor-element-e5cd97d elementor-widget-mobile__width-initial elementor-widget elementor-widget-text-editor\" data-id=\"e5cd97d\" data-element_type=\"widget\" data-e-type=\"widget\" data-widget_type=\"text-editor.default\">\n\t\t\t\t\t\t\t\t\t<p><strong>EXPOCOBRE 2026<\/strong>\u00a0contar\u00e1 con la participaci\u00f3n de m\u00e1s de 200 empresas proveedoras, en un espacio de m\u00e1s de 10,000 metros cuadrados de zona de exhibici\u00f3n, donde las empresas podr\u00e1n exhibir productos, servicios, tecnolog\u00edas, maquinaria y soluciones para toda la cadena de valor del cobre.<\/p><p>La feria ofrece espacios comerciales desde 6 m\u00b2, stands modulares y \u00e1reas libres para maquinaria y equipos de gran formato, con superficies de 20 hasta 72 m\u00b2, adaptadas a las necesidades de cada proveedor.<\/p>\t\t\t\t\t\t\t\t<\/div>\n\t\t\t\t<div class=\"elementor-element elementor-element-3deeaad elementor-widget elementor-widget-image\" data-id=\"3deeaad\" data-element_type=\"widget\" data-e-type=\"widget\" data-widget_type=\"image.default\">\n\t\t\t\t\t\t\t\t\t\t\t\t\t\t\t<img decoding=\"async\" width=\"800\" height=\"440\" data-src=\"https:\/\/expocobre.com\/wp-content\/uploads\/2026\/01\/6977f14168968.jpg\" class=\"attachment-large size-large wp-image-59746 lazyload\" alt=\"\" data-srcset=\"https:\/\/expocobre.com\/wp-content\/uploads\/2026\/01\/6977f14168968.jpg 1000w, https:\/\/expocobre.com\/wp-content\/uploads\/2026\/01\/6977f14168968-300x165.jpg 300w, https:\/\/expocobre.com\/wp-content\/uploads\/2026\/01\/6977f14168968-768x422.jpg 768w, https:\/\/expocobre.com\/wp-content\/uploads\/2026\/01\/6977f14168968-18x10.jpg 18w\" data-sizes=\"(max-width: 800px) 100vw, 800px\" src=\"data:image\/svg+xml;base64,PHN2ZyB3aWR0aD0iMSIgaGVpZ2h0PSIxIiB4bWxucz0iaHR0cDovL3d3dy53My5vcmcvMjAwMC9zdmciPjwvc3ZnPg==\" style=\"--smush-placeholder-width: 800px; --smush-placeholder-aspect-ratio: 800\/440;\" \/>\t\t\t\t\t\t\t\t\t\t\t\t\t\t\t<\/div>\n\t\t\t\t<div class=\"elementor-element elementor-element-700c959 elementor-widget-mobile__width-initial elementor-widget elementor-widget-text-editor\" data-id=\"700c959\" data-element_type=\"widget\" data-e-type=\"widget\" data-widget_type=\"text-editor.default\">\n\t\t\t\t\t\t\t\t\t<p>Importantes marcas del\u00a0<strong>sector como Komatsu, XCMG, IPESA, entre otras<\/strong>, ya forman parte de este destacado encuentro minero. Hoy, t\u00fa tambi\u00e9n puedes exhibir tu marca y sobresalir frente a tu competencia, en un espacio donde convergen los principales tomadores de decisi\u00f3n del sector.<\/p><p><strong>Donde est\u00e1n las grandes marcas, est\u00e1n los grandes negocios.<\/strong><\/p><p>Si eres proveedor y quieres participar, posicionarte y crecer con tu marca,\u00a0<strong>EXPOCOBRE 2026 es el lugar<\/strong>.<\/p><article data-controller=\"injector\" data-injector-html-value=\"&lt;div class=&quot;aiir-c-news-article__mid-article&quot;&gt;&lt;div class=&quot;gm-adpos&quot;      data-ads-target=&quot;pos&quot;      data-pos-id=&quot;10897&quot;      id=&quot;ad-pos-10897&quot; &gt;&lt;\/div&gt;&lt;\/div&gt;\" data-injector-interval-value=\"3\"><article data-controller=\"injector\" data-injector-html-value=\"&lt;div class=&quot;aiir-c-news-article__mid-article&quot;&gt;&lt;div class=&quot;gm-adpos&quot;      data-ads-target=&quot;pos&quot;      data-pos-id=&quot;10897&quot;      id=&quot;ad-pos-10897&quot; &gt;&lt;\/div&gt;&lt;\/div&gt;\" data-injector-interval-value=\"3\"><article data-controller=\"injector\" data-injector-html-value=\"&lt;div class=&quot;aiir-c-news-article__mid-article&quot;&gt;&lt;div class=&quot;gm-adpos&quot;      data-ads-target=&quot;pos&quot;      data-pos-id=&quot;10897&quot;      id=&quot;ad-pos-10897&quot; &gt;&lt;\/div&gt;&lt;\/div&gt;\" data-injector-interval-value=\"3\"><article data-controller=\"injector\" data-injector-html-value=\"&lt;div class=&quot;aiir-c-news-article__mid-article&quot;&gt;&lt;div class=&quot;gm-adpos&quot;      data-ads-target=&quot;pos&quot;      data-pos-id=&quot;10897&quot;      id=&quot;ad-pos-10897&quot; &gt;&lt;\/div&gt;&lt;\/div&gt;\" data-injector-interval-value=\"3\"><article data-controller=\"injector\" data-injector-html-value=\"&lt;div class=&quot;aiir-c-news-article__mid-article&quot;&gt;&lt;div class=&quot;gm-adpos&quot;      data-ads-target=&quot;pos&quot;      data-pos-id=&quot;10897&quot;      id=&quot;ad-pos-10897&quot; &gt;&lt;\/div&gt;&lt;\/div&gt;\" data-injector-interval-value=\"3\"><article data-controller=\"injector\" data-injector-html-value=\"&lt;div class=&quot;aiir-c-news-article__mid-article&quot;&gt;&lt;div class=&quot;gm-adpos&quot;      data-ads-target=&quot;pos&quot;      data-pos-id=&quot;10897&quot;      id=&quot;ad-pos-10897&quot; &gt;&lt;\/div&gt;&lt;\/div&gt;\" data-injector-interval-value=\"3\"><article data-controller=\"injector\" data-injector-html-value=\"&lt;div class=&quot;aiir-c-news-article__mid-article&quot;&gt;&lt;div class=&quot;gm-adpos&quot;      data-ads-target=&quot;pos&quot;      data-pos-id=&quot;10897&quot;      id=&quot;ad-pos-10897&quot; &gt;&lt;\/div&gt;&lt;\/div&gt;\" data-injector-interval-value=\"3\"><p><strong>\u00a1Escucha Radio M\u00e1gica, tu m\u00fasica del recuerdo en ingl\u00e9s, en vivo en\u00a0<a href=\"https:\/\/www.oigo.com\/magica\/radioenvivo\/\" target=\"_self\">OIGO, nuestra app oficial<\/a>\u00a0y ent\u00e9rate de las \u00faltimas noticias de tus artistas favoritos y su m\u00fasica!<\/strong><\/p><\/article><\/article><\/article><\/article><\/article><\/article><\/article>\t\t\t\t\t\t\t\t<\/div>\n\t\t\t\t<div class=\"elementor-element elementor-element-dbeb946 elementor-align-center elementor-widget__width-initial elementor-widget elementor-widget-button\" data-id=\"dbeb946\" data-element_type=\"widget\" data-e-type=\"widget\" data-widget_type=\"button.default\">\n\t\t\t\t\t\t\t\t\t\t<a class=\"elementor-button elementor-button-link elementor-size-sm\" href=\"https:\/\/expocobre.com\/en\/notas-prensa\/\">\n\t\t\t\t\t\t<span class=\"elementor-button-content-wrapper\">\n\t\t\t\t\t\t\t\t\t<span class=\"elementor-button-text\">SEE MORE PRESS RELEASES<\/span>\n\t\t\t\t\t<\/span>\n\t\t\t\t\t<\/a>\n\t\t\t\t\t\t\t\t<\/div>\n\t\t\t\t<div class=\"elementor-element elementor-element-de1a3fb elementor-align-center elementor-widget__width-initial elementor-widget elementor-widget-button\" data-id=\"de1a3fb\" data-element_type=\"widget\" data-e-type=\"widget\" data-widget_type=\"button.default\">\n\t\t\t\t\t\t\t\t\t\t<a class=\"elementor-button elementor-button-link elementor-size-sm\" href=\"https:\/\/www.radiomagica.pe\/noticias\/actualidad\/los-principales-proveedores-del-sector-minero-apuestan-por-expocobre-2026\/?preview=1\" target=\"_blank\">\n\t\t\t\t\t\t<span class=\"elementor-button-content-wrapper\">\n\t\t\t\t\t\t\t\t\t<span class=\"elementor-button-text\">RADIO M\u00c1GICA<\/span>\n\t\t\t\t\t<\/span>\n\t\t\t\t\t<\/a>\n\t\t\t\t\t\t\t\t<\/div>\n\t\t\t\t\t<\/div>\n\t\t\t\t<\/div>\n\t\t<div class=\"elementor-element elementor-element-f1f16e5 e-flex e-con-boxed e-con e-parent\" data-id=\"f1f16e5\" data-element_type=\"container\" data-e-type=\"container\" data-settings=\"{&quot;background_background&quot;:&quot;classic&quot;}\">\n\t\t\t\t\t<div class=\"e-con-inner\">\n\t\t\t\t\t<\/div>\n\t\t\t\t<\/div>\n\t\t\t\t<\/div>","protected":false},"excerpt":{"rendered":"<p>NOTICIAS DE EXPOCOBRE &#8211; RADIO M\u00c1GICA Lima, 26 de enero de 2026 Los principales proveedores del sector minero apuestan por EXPOCOBRE 2026 El EXPOCOBRE se realizar\u00e1 el 27, 28 y 29 de abril del 2026. (Foto: EXPOCOBRE) La tercera edici\u00f3n de EXPOCOBRE 2026 se realizar\u00e1 en el Centro de Exposiciones Jockey del 27 al 29 [&hellip;]<\/p>\n","protected":false},"author":6,"featured_media":0,"parent":0,"menu_order":0,"comment_status":"closed","ping_status":"closed","template":"","meta":{"footnotes":""},"class_list":["post-59738","page","type-page","status-publish","hentry"],"_links":{"self":[{"href":"https:\/\/expocobre.com\/en\/wp-json\/wp\/v2\/pages\/59738","targetHints":{"allow":["GET"]}}],"collection":[{"href":"https:\/\/expocobre.com\/en\/wp-json\/wp\/v2\/pages"}],"about":[{"href":"https:\/\/expocobre.com\/en\/wp-json\/wp\/v2\/types\/page"}],"author":[{"embeddable":true,"href":"https:\/\/expocobre.com\/en\/wp-json\/wp\/v2\/users\/6"}],"replies":[{"embeddable":true,"href":"https:\/\/expocobre.com\/en\/wp-json\/wp\/v2\/comments?post=59738"}],"version-history":[{"count":7,"href":"https:\/\/expocobre.com\/en\/wp-json\/wp\/v2\/pages\/59738\/revisions"}],"predecessor-version":[{"id":59749,"href":"https:\/\/expocobre.com\/en\/wp-json\/wp\/v2\/pages\/59738\/revisions\/59749"}],"wp:attachment":[{"href":"https:\/\/expocobre.com\/en\/wp-json\/wp\/v2\/media?parent=59738"}],"curies":[{"name":"wp","href":"https:\/\/api.w.org\/{rel}","templated":true}]}}