{"id":61780,"date":"2026-03-12T21:21:08","date_gmt":"2026-03-12T21:21:08","guid":{"rendered":"https:\/\/expocobre.com\/?page_id=61780"},"modified":"2026-03-12T21:22:59","modified_gmt":"2026-03-12T21:22:59","slug":"la-gran-noche-minera-reunio-a-mas-de-900-asistentes-en-el-lanzamiento-oficial-de-expocobre-2026","status":"publish","type":"page","link":"https:\/\/expocobre.com\/en\/la-gran-noche-minera-reunio-a-mas-de-900-asistentes-en-el-lanzamiento-oficial-de-expocobre-2026\/","title":{"rendered":"La Gran Noche Minera reuni\u00f3 a m\u00e1s de 900 asistentes en el lanzamiento oficial de EXPOCOBRE 2026"},"content":{"rendered":"<div data-elementor-type=\"wp-post\" data-elementor-id=\"61780\" class=\"elementor elementor-61780\" data-elementor-post-type=\"page\">\n\t\t\t\t<div class=\"elementor-element elementor-element-10cb0a9 e-flex e-con-boxed e-con e-parent\" data-id=\"10cb0a9\" data-element_type=\"container\" data-e-type=\"container\" data-settings=\"{&quot;background_background&quot;:&quot;classic&quot;}\">\n\t\t\t\t\t<div class=\"e-con-inner\">\n\t\t<div class=\"elementor-element elementor-element-bf82627 e-con-full e-flex e-con e-child\" data-id=\"bf82627\" data-element_type=\"container\" data-e-type=\"container\">\n\t\t\t\t<div class=\"elementor-element elementor-element-eb41308 elementor-widget elementor-widget-heading\" data-id=\"eb41308\" data-element_type=\"widget\" data-e-type=\"widget\" data-widget_type=\"heading.default\">\n\t\t\t\t\t<h2 class=\"elementor-heading-title elementor-size-default\">NOTICIAS \nDE \nEXPOCOBRE - RADIO M\u00c1GICA<\/h2>\t\t\t\t<\/div>\n\t\t\t\t<\/div>\n\t\t\t\t\t<\/div>\n\t\t\t\t<\/div>\n\t\t<div class=\"elementor-element elementor-element-a06b6dd e-flex e-con-boxed e-con e-parent\" data-id=\"a06b6dd\" data-element_type=\"container\" data-e-type=\"container\" data-settings=\"{&quot;background_background&quot;:&quot;classic&quot;}\">\n\t\t\t\t\t<div class=\"e-con-inner\">\n\t\t\t\t<div class=\"elementor-element elementor-element-0adb204 elementor-widget__width-inherit elementor-widget elementor-widget-heading\" data-id=\"0adb204\" data-element_type=\"widget\" data-e-type=\"widget\" data-widget_type=\"heading.default\">\n\t\t\t\t\t<h2 class=\"elementor-heading-title elementor-size-default\">Lima, 03 de febrero de 2026<\/h2>\t\t\t\t<\/div>\n\t\t\t\t\t<\/div>\n\t\t\t\t<\/div>\n\t\t<div class=\"elementor-element elementor-element-3d587f6 e-flex e-con-boxed e-con e-parent\" data-id=\"3d587f6\" data-element_type=\"container\" data-e-type=\"container\" data-settings=\"{&quot;background_background&quot;:&quot;classic&quot;}\">\n\t\t\t\t\t<div class=\"e-con-inner\">\n\t\t\t\t<div class=\"elementor-element elementor-element-f3a554a elementor-widget__width-inherit elementor-widget elementor-widget-heading\" data-id=\"f3a554a\" data-element_type=\"widget\" data-e-type=\"widget\" data-widget_type=\"heading.default\">\n\t\t\t\t\t<h2 class=\"elementor-heading-title elementor-size-default\">La Gran Noche Minera reuni\u00f3 a m\u00e1s de 900 asistentes en el lanzamiento oficial de EXPOCOBRE 2026<\/h2>\t\t\t\t<\/div>\n\t\t\t\t\t<\/div>\n\t\t\t\t<\/div>\n\t\t<div class=\"elementor-element elementor-element-4cbdf46 e-flex e-con-boxed e-con e-parent\" data-id=\"4cbdf46\" data-element_type=\"container\" data-e-type=\"container\" data-settings=\"{&quot;background_background&quot;:&quot;classic&quot;}\">\n\t\t\t\t\t<div class=\"e-con-inner\">\n\t\t\t\t<div class=\"elementor-element elementor-element-62c7776 elementor-widget elementor-widget-image\" data-id=\"62c7776\" data-element_type=\"widget\" data-e-type=\"widget\" data-widget_type=\"image.default\">\n\t\t\t\t\t\t\t\t\t\t\t\t\t\t\t<img fetchpriority=\"high\" decoding=\"async\" width=\"768\" height=\"480\" src=\"https:\/\/expocobre.com\/wp-content\/uploads\/2026\/03\/Gran-Noche-Minera-1-768x480.jpg\" class=\"attachment-medium_large size-medium_large wp-image-61778\" alt=\"\" srcset=\"https:\/\/expocobre.com\/wp-content\/uploads\/2026\/03\/Gran-Noche-Minera-1-768x480.jpg 768w, https:\/\/expocobre.com\/wp-content\/uploads\/2026\/03\/Gran-Noche-Minera-1-300x188.jpg 300w, https:\/\/expocobre.com\/wp-content\/uploads\/2026\/03\/Gran-Noche-Minera-1-1024x640.jpg 1024w, https:\/\/expocobre.com\/wp-content\/uploads\/2026\/03\/Gran-Noche-Minera-1-18x12.jpg 18w, https:\/\/expocobre.com\/wp-content\/uploads\/2026\/03\/Gran-Noche-Minera-1.jpg 1200w\" sizes=\"(max-width: 768px) 100vw, 768px\" \/>\t\t\t\t\t\t\t\t\t\t\t\t\t\t\t<\/div>\n\t\t\t\t<div class=\"elementor-element elementor-element-246d0f1 elementor-widget elementor-widget-text-editor\" data-id=\"246d0f1\" data-element_type=\"widget\" data-e-type=\"widget\" data-widget_type=\"text-editor.default\">\n\t\t\t\t\t\t\t\t\t<figure class=\"aiir-c-news-figure\"><figcaption class=\"aiir-c-news-figure__caption\"><figure class=\"aiir-c-news-figure\"><figcaption class=\"aiir-c-news-figure__caption\"><ul><li><strong>El evento reuni\u00f3 a autoridades del Ejecutivo, l\u00edderes del sector minero, proveedores estrat\u00e9gicos y especialistas vinculados a la cadena del cobre.<\/strong><\/li><\/ul><strong>M\u00e1s de 900 asistentes participaron en el lanzamiento, reflejando el inter\u00e9s de la industria por los espacios de di\u00e1logo y relacionamiento sectorial,<\/strong><\/figcaption><\/figure><\/figcaption><\/figure>\t\t\t\t\t\t\t\t<\/div>\n\t\t\t\t\t<\/div>\n\t\t\t\t<\/div>\n\t\t<div class=\"elementor-element elementor-element-69b25bd e-flex e-con-boxed e-con e-parent\" data-id=\"69b25bd\" data-element_type=\"container\" data-e-type=\"container\" data-settings=\"{&quot;background_background&quot;:&quot;classic&quot;}\">\n\t\t\t\t\t<div class=\"e-con-inner\">\n\t\t\t\t<div class=\"elementor-element elementor-element-a6b7650 elementor-widget-mobile__width-initial elementor-widget elementor-widget-text-editor\" data-id=\"a6b7650\" data-element_type=\"widget\" data-e-type=\"widget\" data-widget_type=\"text-editor.default\">\n\t\t\t\t\t\t\t\t\t<p>La Gran Noche Minera se consolid\u00f3 como un encuentro de alto nivel institucional y sectorial, reuniendo a autoridades del Ejecutivo, ejecutivos de compa\u00f1\u00edas mineras, l\u00edderes empresariales, proveedores estrat\u00e9gicos y especialistas t\u00e9cnicos, en el marco del lanzamiento oficial de <strong>EXPOCOBRE 2026<\/strong>, la III edici\u00f3n de la Conferencia del Cobre y Feria Minera Internacional.<\/p><p>El evento se realiz\u00f3 en el Centro de Convenciones del Parque de la Amistad, en Santiago de Surco, y congreg\u00f3 a actores clave del sector p\u00fablico y privado vinculados a la miner\u00eda del cobre y a su cadena de valor. La presencia de viceministros, altos funcionarios y ejecutivos de primer nivel reforz\u00f3 el car\u00e1cter institucional del encuentro y su posicionamiento como un espacio de articulaci\u00f3n sectorial.<\/p><p>En total, La <strong>Gran Noche Minera<\/strong> reuni\u00f3 a m\u00e1s de 900 asistentes, reflejando el inter\u00e9s del sector por participar en espacios de di\u00e1logo, relacionamiento profesional y coordinaci\u00f3n entre los principales actores de la industria minera. Entre los participantes se cont\u00f3 con representantes de compa\u00f1\u00edas mineras, empresas proveedoras, consultoras especializadas, universidades y organizaciones vinculadas al desarrollo del sector.<\/p><p>La agenda se inici\u00f3 con las palabras de apertura institucional del Gerardo L\u00f3pez Gonzales, viceministro de Econom\u00eda, quien particip\u00f3 en el lanzamiento oficial de <strong>EXPOCOBRE 2026<\/strong> ante una amplia audiencia del sector minero y empresarial.<\/p><p>Posteriormente, se realiz\u00f3 la presentaci\u00f3n del Consejo Consultivo y del Comit\u00e9 Gubernativo de EXPOCOBRE 2026, a cargo de Oscar D\u00edaz, CEO de Viceversa Consulting, en la que se dio a conocer la conformaci\u00f3n de estos \u00f3rganos y su rol dentro del desarrollo de la conferencia y feria minera.<\/p><p>Asimismo, el evento cont\u00f3 con la presencia de Walter Ernesto S\u00e1nchez S\u00e1nchez, director general de la Direcci\u00f3n General de Promoci\u00f3n y Sostenibilidad Minera del Ministerio de Energ\u00eda y Minas (MINEM), en representaci\u00f3n del sector p\u00fablico vinculado a la actividad minera.<\/p><p>Durante la jornada se desarroll\u00f3 una agenda que combin\u00f3 intervenciones institucionales, presentaciones sectoriales y ponencias estrat\u00e9gicas, alineadas a los principales desaf\u00edos que enfrenta actualmente la miner\u00eda del cobre. En este contexto, se present\u00f3 el enfoque general de EXPOCOBRE 2026, as\u00ed como las principales l\u00edneas de trabajo que marcar\u00e1n la agenda del evento y sus actividades asociadas.<\/p>\t\t\t\t\t\t\t\t<\/div>\n\t\t\t\t<div class=\"elementor-element elementor-element-1dbce44 elementor-widget elementor-widget-image\" data-id=\"1dbce44\" data-element_type=\"widget\" data-e-type=\"widget\" data-widget_type=\"image.default\">\n\t\t\t\t\t\t\t\t\t\t\t\t\t\t\t<img decoding=\"async\" width=\"800\" height=\"500\" data-src=\"https:\/\/expocobre.com\/wp-content\/uploads\/2026\/03\/Gran-noche-minera-2-1024x640.jpg\" class=\"attachment-large size-large wp-image-61779 lazyload\" alt=\"\" data-srcset=\"https:\/\/expocobre.com\/wp-content\/uploads\/2026\/03\/Gran-noche-minera-2-1024x640.jpg 1024w, https:\/\/expocobre.com\/wp-content\/uploads\/2026\/03\/Gran-noche-minera-2-300x188.jpg 300w, https:\/\/expocobre.com\/wp-content\/uploads\/2026\/03\/Gran-noche-minera-2-768x480.jpg 768w, https:\/\/expocobre.com\/wp-content\/uploads\/2026\/03\/Gran-noche-minera-2-18x12.jpg 18w, https:\/\/expocobre.com\/wp-content\/uploads\/2026\/03\/Gran-noche-minera-2.jpg 1200w\" data-sizes=\"(max-width: 800px) 100vw, 800px\" src=\"data:image\/svg+xml;base64,PHN2ZyB3aWR0aD0iMSIgaGVpZ2h0PSIxIiB4bWxucz0iaHR0cDovL3d3dy53My5vcmcvMjAwMC9zdmciPjwvc3ZnPg==\" style=\"--smush-placeholder-width: 800px; --smush-placeholder-aspect-ratio: 800\/500;\" \/>\t\t\t\t\t\t\t\t\t\t\t\t\t\t\t<\/div>\n\t\t\t\t<div class=\"elementor-element elementor-element-e5cd97d elementor-widget-mobile__width-initial elementor-widget elementor-widget-text-editor\" data-id=\"e5cd97d\" data-element_type=\"widget\" data-e-type=\"widget\" data-widget_type=\"text-editor.default\">\n\t\t\t\t\t\t\t\t\t<p>Uno de los momentos centrales fue la ponencia del Jorge Meza Viveros, presidente de <strong>EXPOCOBRE 2026<\/strong> y director de Operaciones de Southern Per\u00fa, quien abord\u00f3 con claridad la preponderancia del cobre en la vida de nuestras sociedades y el rol clave que este mineral tendr\u00e1 en el desarrollo global en los pr\u00f3ximos a\u00f1os, en un contexto de transici\u00f3n energ\u00e9tica y creciente demanda internacional.<\/p><p>En otro momento de la jornada, el Ing. Alfredo Olaya, gerente general de InterMet, present\u00f3 una visi\u00f3n integral de EXPOCOBRE 2026, que incluy\u00f3 una simulaci\u00f3n del recorrido virtual de la feria, un avance de la exhibici\u00f3n comercial, as\u00ed como la presentaci\u00f3n de los principales espacios que conformar\u00e1n el evento, entre ellos <strong>CONECTA 2026: Encuentro Log\u00edstico<\/strong> y los foros especializados de <strong>Investigaci\u00f3n Universitaria Minera<\/strong>, <strong>Innovaci\u00f3n Tecnol\u00f3gica<\/strong>, <strong>Proyectos del Cobre y Mantenimiento<\/strong>. Asimismo, dio a conocer un adelanto del proceso de recolecci\u00f3n de trabajos t\u00e9cnicos, con aportes provenientes de m\u00e1s de 12 pa\u00edses, reforzando el car\u00e1cter internacional de la edici\u00f3n 2026.<\/p><p>En la misma l\u00ednea, el Ing. Jason Romero, gerente de Conferencias de <strong>InterMet<\/strong>, present\u00f3 la agenda de congresos t\u00e9cnicos que se desarrollar\u00e1n durante el 2026, entre los que destacan los encuentros sobre Aguas y Relaves 2026, Flotaci\u00f3n 2026, Excelencia Operacional y Miner\u00eda 5.0, orientados al an\u00e1lisis t\u00e9cnico, la innovaci\u00f3n y la mejora del desempe\u00f1o operativo en la industria minera.<\/p><p>El c\u00f3ctel de networking fue uno de los componentes m\u00e1s relevantes de la noche, facilitando el intercambio directo entre autoridades, ejecutivos y especialistas, la generaci\u00f3n de nuevos v\u00ednculos profesionales y el fortalecimiento de relaciones comerciales.<\/p><p>Con esta convocatoria y nivel de participaci\u00f3n, La Gran Noche Minera marc\u00f3 el inicio del calendario de actividades vinculadas a EXPOCOBRE 2026, posicion\u00e1ndose como un punto de partida clave para la agenda t\u00e9cnica, institucional y de relacionamiento que se desarrollar\u00e1 a lo largo del a\u00f1o.<\/p><p>El evento fue organizado por <strong>InterMet<\/strong>, como parte de sus iniciativas orientadas a promover el intercambio de conocimiento, la articulaci\u00f3n sectorial y el fortalecimiento de la industria minera en el pa\u00eds.<\/p>\t\t\t\t\t\t\t\t<\/div>\n\t\t\t\t<div class=\"elementor-element elementor-element-dbeb946 elementor-align-center elementor-widget__width-initial elementor-widget elementor-widget-button\" data-id=\"dbeb946\" data-element_type=\"widget\" data-e-type=\"widget\" data-widget_type=\"button.default\">\n\t\t\t\t\t\t\t\t\t\t<a class=\"elementor-button elementor-button-link elementor-size-sm\" href=\"https:\/\/expocobre.com\/en\/notas-prensa\/\">\n\t\t\t\t\t\t<span class=\"elementor-button-content-wrapper\">\n\t\t\t\t\t\t\t\t\t<span class=\"elementor-button-text\">SEE MORE PRESS RELEASES<\/span>\n\t\t\t\t\t<\/span>\n\t\t\t\t\t<\/a>\n\t\t\t\t\t\t\t\t<\/div>\n\t\t\t\t\t<\/div>\n\t\t\t\t<\/div>\n\t\t<div class=\"elementor-element elementor-element-f1f16e5 e-flex e-con-boxed e-con e-parent\" data-id=\"f1f16e5\" data-element_type=\"container\" data-e-type=\"container\" data-settings=\"{&quot;background_background&quot;:&quot;classic&quot;}\">\n\t\t\t\t\t<div class=\"e-con-inner\">\n\t\t\t\t\t<\/div>\n\t\t\t\t<\/div>\n\t\t\t\t<\/div>","protected":false},"excerpt":{"rendered":"<p>NOTICIAS DE EXPOCOBRE &#8211; RADIO M\u00c1GICA Lima, 03 de febrero de 2026 La Gran Noche Minera reuni\u00f3 a m\u00e1s de 900 asistentes en el lanzamiento oficial de EXPOCOBRE 2026 El evento reuni\u00f3 a autoridades del Ejecutivo, l\u00edderes del sector minero, proveedores estrat\u00e9gicos y especialistas vinculados a la cadena del cobre. M\u00e1s de 900 asistentes participaron [&hellip;]<\/p>\n","protected":false},"author":6,"featured_media":0,"parent":0,"menu_order":0,"comment_status":"closed","ping_status":"closed","template":"","meta":{"footnotes":""},"class_list":["post-61780","page","type-page","status-publish","hentry"],"_links":{"self":[{"href":"https:\/\/expocobre.com\/en\/wp-json\/wp\/v2\/pages\/61780","targetHints":{"allow":["GET"]}}],"collection":[{"href":"https:\/\/expocobre.com\/en\/wp-json\/wp\/v2\/pages"}],"about":[{"href":"https:\/\/expocobre.com\/en\/wp-json\/wp\/v2\/types\/page"}],"author":[{"embeddable":true,"href":"https:\/\/expocobre.com\/en\/wp-json\/wp\/v2\/users\/6"}],"replies":[{"embeddable":true,"href":"https:\/\/expocobre.com\/en\/wp-json\/wp\/v2\/comments?post=61780"}],"version-history":[{"count":7,"href":"https:\/\/expocobre.com\/en\/wp-json\/wp\/v2\/pages\/61780\/revisions"}],"predecessor-version":[{"id":61788,"href":"https:\/\/expocobre.com\/en\/wp-json\/wp\/v2\/pages\/61780\/revisions\/61788"}],"wp:attachment":[{"href":"https:\/\/expocobre.com\/en\/wp-json\/wp\/v2\/media?parent=61780"}],"curies":[{"name":"wp","href":"https:\/\/api.w.org\/{rel}","templated":true}]}}