{"id":62334,"date":"2026-03-26T19:56:31","date_gmt":"2026-03-26T19:56:31","guid":{"rendered":"https:\/\/expocobre.com\/?page_id=62334"},"modified":"2026-03-26T20:17:04","modified_gmt":"2026-03-26T20:17:04","slug":"foro-mantenimiento","status":"publish","type":"page","link":"https:\/\/expocobre.com\/en\/foro-mantenimiento\/","title":{"rendered":"Foro Mantenimiento"},"content":{"rendered":"<div data-elementor-type=\"wp-page\" data-elementor-id=\"62334\" class=\"elementor elementor-62334\" data-elementor-post-type=\"page\">\n\t\t\t\t<div class=\"elementor-element elementor-element-72e0fb8 e-con-full e-flex e-con e-parent\" data-id=\"72e0fb8\" data-element_type=\"container\" data-e-type=\"container\" data-settings=\"{&quot;background_background&quot;:&quot;classic&quot;}\">\n\t\t\t\t<div class=\"elementor-element elementor-element-9405c60 elementor-widget__width-initial elementor-widget elementor-widget-heading\" data-id=\"9405c60\" data-element_type=\"widget\" data-e-type=\"widget\" data-widget_type=\"heading.default\">\n\t\t\t\t\t<h2 class=\"elementor-heading-title elementor-size-default\">FORO <\/h2>\t\t\t\t<\/div>\n\t\t\t\t<div class=\"elementor-element elementor-element-f264775 elementor-widget__width-initial elementor-widget elementor-widget-heading\" data-id=\"f264775\" data-element_type=\"widget\" data-e-type=\"widget\" data-widget_type=\"heading.default\">\n\t\t\t\t\t<h2 class=\"elementor-heading-title elementor-size-default\">MANTENIMIENTO<\/h2>\t\t\t\t<\/div>\n\t\t\t\t<\/div>\n\t\t<div class=\"elementor-element elementor-element-c698d21 e-flex e-con-boxed e-con e-parent\" data-id=\"c698d21\" data-element_type=\"container\" data-e-type=\"container\">\n\t\t\t\t\t<div class=\"e-con-inner\">\n\t\t<div class=\"elementor-element elementor-element-6d309f6 e-con-full e-flex e-con e-child\" data-id=\"6d309f6\" data-element_type=\"container\" data-e-type=\"container\">\n\t\t\t\t<div class=\"elementor-element elementor-element-f9f9b1b elementor-widget elementor-widget-image\" data-id=\"f9f9b1b\" data-element_type=\"widget\" data-e-type=\"widget\" data-widget_type=\"image.default\">\n\t\t\t\t\t\t\t\t\t\t\t\t\t\t\t<img fetchpriority=\"high\" decoding=\"async\" width=\"402\" height=\"522\" src=\"https:\/\/expocobre.com\/wp-content\/uploads\/2026\/03\/ALFONSO.png\" class=\"attachment-full size-full wp-image-62357\" alt=\"\" srcset=\"https:\/\/expocobre.com\/wp-content\/uploads\/2026\/03\/ALFONSO.png 402w, https:\/\/expocobre.com\/wp-content\/uploads\/2026\/03\/ALFONSO-231x300.png 231w, https:\/\/expocobre.com\/wp-content\/uploads\/2026\/03\/ALFONSO-9x12.png 9w\" sizes=\"(max-width: 402px) 100vw, 402px\" \/>\t\t\t\t\t\t\t\t\t\t\t\t\t\t\t<\/div>\n\t\t\t\t<\/div>\n\t\t<div class=\"elementor-element elementor-element-951d5c6 e-con-full e-flex e-con e-child\" data-id=\"951d5c6\" data-element_type=\"container\" data-e-type=\"container\">\n\t\t\t\t<div class=\"elementor-element elementor-element-f231db5 elementor-widget elementor-widget-heading\" data-id=\"f231db5\" data-element_type=\"widget\" data-e-type=\"widget\" data-widget_type=\"heading.default\">\n\t\t\t\t\t<h2 class=\"elementor-heading-title elementor-size-default\">PRESIDENTE DEl foro de mantenimiento<\/h2>\t\t\t\t<\/div>\n\t\t\t\t<div class=\"elementor-element elementor-element-47ca42e elementor-widget elementor-widget-text-editor\" data-id=\"47ca42e\" data-element_type=\"widget\" data-e-type=\"widget\" data-widget_type=\"text-editor.default\">\n\t\t\t\t\t\t\t\t\t<p>Ejecutivo minero con m\u00e1s de 36 a\u00f1os de experiencia liderando operaciones complejas y transformaciones operacionales a lo largo de toda la cadena de valor. Especializado en alinear estrategia, tecnolog\u00eda y ejecuci\u00f3n para mejorar productividad, estabilidad operacional y eficiencia del capital. Con experiencia en la implementaci\u00f3n de anal\u00edtica avanzada, soluciones digitales y modelos de decisi\u00f3n basados en datos para optimizar el desempe\u00f1o y reducir la variabilidad; formando y liderando equipos multidisciplinarios de alto desempe\u00f1o, impulsar mejoras sostenibles y construir organizaciones resilientes, seguras y orientadas a resultados de largo plazo.<\/p>\t\t\t\t\t\t\t\t<\/div>\n\t\t\t\t<\/div>\n\t\t\t\t\t<\/div>\n\t\t\t\t<\/div>\n\t\t\t\t<\/div>","protected":false},"excerpt":{"rendered":"<p>FORO MANTENIMIENTO PRESIDENTE DEl foro de mantenimiento Ejecutivo minero con m\u00e1s de 36 a\u00f1os de experiencia liderando operaciones complejas y transformaciones operacionales a lo largo de toda la cadena de valor. Especializado en alinear estrategia, tecnolog\u00eda y ejecuci\u00f3n para mejorar productividad, estabilidad operacional y eficiencia del capital. Con experiencia en la implementaci\u00f3n de anal\u00edtica avanzada, [&hellip;]<\/p>\n","protected":false},"author":9,"featured_media":0,"parent":0,"menu_order":0,"comment_status":"closed","ping_status":"closed","template":"elementor_header_footer","meta":{"footnotes":""},"class_list":["post-62334","page","type-page","status-publish","hentry"],"_links":{"self":[{"href":"https:\/\/expocobre.com\/en\/wp-json\/wp\/v2\/pages\/62334","targetHints":{"allow":["GET"]}}],"collection":[{"href":"https:\/\/expocobre.com\/en\/wp-json\/wp\/v2\/pages"}],"about":[{"href":"https:\/\/expocobre.com\/en\/wp-json\/wp\/v2\/types\/page"}],"author":[{"embeddable":true,"href":"https:\/\/expocobre.com\/en\/wp-json\/wp\/v2\/users\/9"}],"replies":[{"embeddable":true,"href":"https:\/\/expocobre.com\/en\/wp-json\/wp\/v2\/comments?post=62334"}],"version-history":[{"count":19,"href":"https:\/\/expocobre.com\/en\/wp-json\/wp\/v2\/pages\/62334\/revisions"}],"predecessor-version":[{"id":62368,"href":"https:\/\/expocobre.com\/en\/wp-json\/wp\/v2\/pages\/62334\/revisions\/62368"}],"wp:attachment":[{"href":"https:\/\/expocobre.com\/en\/wp-json\/wp\/v2\/media?parent=62334"}],"curies":[{"name":"wp","href":"https:\/\/api.w.org\/{rel}","templated":true}]}}